{"id":1248,"date":"2024-03-25T08:15:20","date_gmt":"2024-03-25T11:15:20","guid":{"rendered":"https:\/\/cauxig.com\/intercultural\/?page_id=1248"},"modified":"2024-03-25T08:20:11","modified_gmt":"2024-03-25T11:20:11","slug":"tips-para-armar-tu-cv","status":"publish","type":"page","link":"https:\/\/cauxig.com\/intercultural\/tips-para-armar-tu-cv\/","title":{"rendered":"Tips para armar tu CV"},"content":{"rendered":"\t\t<div data-elementor-type=\"wp-page\" data-elementor-id=\"1248\" class=\"elementor elementor-1248\">\n\t\t\t\t\t\t<section class=\"elementor-section elementor-top-section elementor-element elementor-element-2022d9ed elementor-section-height-min-height elementor-section-boxed elementor-section-height-default elementor-section-items-middle\" data-id=\"2022d9ed\" data-element_type=\"section\" data-settings=\"{&quot;background_background&quot;:&quot;classic&quot;}\">\n\t\t\t\t\t\t\t<div class=\"elementor-background-overlay\"><\/div>\n\t\t\t\t\t\t\t<div class=\"elementor-container elementor-column-gap-no\">\n\t\t\t\t\t<div class=\"elementor-column elementor-col-100 elementor-top-column elementor-element elementor-element-1b4bfab9\" data-id=\"1b4bfab9\" data-element_type=\"column\">\n\t\t\t<div class=\"elementor-widget-wrap elementor-element-populated\">\n\t\t\t\t\t\t<div class=\"elementor-element elementor-element-2b2407a8 elementor-widget elementor-widget-heading\" data-id=\"2b2407a8\" data-element_type=\"widget\" data-widget_type=\"heading.default\">\n\t\t\t\t<div class=\"elementor-widget-container\">\n\t\t\t\t\t<h1 class=\"elementor-heading-title elementor-size-default\"><span>TIPs para armar tu CV<\/span><\/h1>\t\t\t\t<\/div>\n\t\t\t\t<\/div>\n\t\t\t\t<div class=\"elementor-element elementor-element-45da407c elementor-widget-divider--view-line elementor-widget elementor-widget-divider\" data-id=\"45da407c\" data-element_type=\"widget\" data-widget_type=\"divider.default\">\n\t\t\t\t<div class=\"elementor-widget-container\">\n\t\t\t\t\t\t\t<div class=\"elementor-divider\">\n\t\t\t<span class=\"elementor-divider-separator\">\n\t\t\t\t\t\t<\/span>\n\t\t<\/div>\n\t\t\t\t\t\t<\/div>\n\t\t\t\t<\/div>\n\t\t\t\t\t<\/div>\n\t\t<\/div>\n\t\t\t\t\t<\/div>\n\t\t<\/section>\n\t\t\t\t<section class=\"elementor-section elementor-top-section elementor-element elementor-element-73af47d elementor-section-boxed elementor-section-height-default elementor-section-height-default\" data-id=\"73af47d\" data-element_type=\"section\">\n\t\t\t\t\t\t<div class=\"elementor-container elementor-column-gap-default\">\n\t\t\t\t\t<div class=\"elementor-column elementor-col-100 elementor-top-column elementor-element elementor-element-855c390\" data-id=\"855c390\" data-element_type=\"column\">\n\t\t\t<div class=\"elementor-widget-wrap elementor-element-populated\">\n\t\t\t\t\t\t<div class=\"elementor-element elementor-element-207729c elementor-widget elementor-widget-text-editor\" data-id=\"207729c\" data-element_type=\"widget\" data-widget_type=\"text-editor.default\">\n\t\t\t\t<div class=\"elementor-widget-container\">\n\t\t\t\t\t\t\t\t\t<p><span style=\"color: #656565; text-align: justify;\">Su\u00a0CV o Curriculum Vitae es la \u00fanica y mejor herramienta que tiene para darse a conocer y causar excelente primera impresi\u00f3n, por lo tanto debe ser lo mas atractivo e interesante posible de modo tal que capte la atenci\u00f3n del lector. Recuerde que el objetivo es que el empleador al leer su CV tome la decisi\u00f3n de convocarlo para una entrevista. Es por ello que cuanto mejor presentado est\u00e9 mayores seran las posibilidades que tendr\u00e1 en obtener la posici\u00f3n tan deseada.<\/span><\/p>\t\t\t\t\t\t\t\t<\/div>\n\t\t\t\t<\/div>\n\t\t\t\t\t<\/div>\n\t\t<\/div>\n\t\t\t\t\t<\/div>\n\t\t<\/section>\n\t\t\t\t<section class=\"elementor-section elementor-top-section elementor-element elementor-element-dfee457 elementor-section-boxed elementor-section-height-default elementor-section-height-default\" data-id=\"dfee457\" data-element_type=\"section\">\n\t\t\t\t\t\t<div class=\"elementor-container elementor-column-gap-default\">\n\t\t\t\t\t<div class=\"elementor-column elementor-col-100 elementor-top-column elementor-element elementor-element-b1d3269\" data-id=\"b1d3269\" data-element_type=\"column\">\n\t\t\t<div class=\"elementor-widget-wrap elementor-element-populated\">\n\t\t\t\t\t\t<div class=\"elementor-element elementor-element-cefb4bc elementor-widget elementor-widget-button\" data-id=\"cefb4bc\" data-element_type=\"widget\" data-widget_type=\"button.default\">\n\t\t\t\t<div class=\"elementor-widget-container\">\n\t\t\t\t\t\t\t\t\t<div class=\"elementor-button-wrapper\">\n\t\t\t\t\t<a class=\"elementor-button elementor-button-link elementor-size-sm\" href=\"https:\/\/cauxig.com\/hospitality\/wp-content\/uploads\/2021\/05\/CV-Sample.doc\">\n\t\t\t\t\t\t<span class=\"elementor-button-content-wrapper\">\n\t\t\t\t\t\t\t\t\t<span class=\"elementor-button-text\">Descarga nuestro Modelo de CV<\/span>\n\t\t\t\t\t<\/span>\n\t\t\t\t\t<\/a>\n\t\t\t\t<\/div>\n\t\t\t\t\t\t\t\t<\/div>\n\t\t\t\t<\/div>\n\t\t\t\t\t<\/div>\n\t\t<\/div>\n\t\t\t\t\t<\/div>\n\t\t<\/section>\n\t\t\t\t<section class=\"elementor-section elementor-top-section elementor-element elementor-element-5129b5d elementor-section-boxed elementor-section-height-default elementor-section-height-default\" data-id=\"5129b5d\" data-element_type=\"section\">\n\t\t\t\t\t\t<div class=\"elementor-container elementor-column-gap-default\">\n\t\t\t\t\t<div class=\"elementor-column elementor-col-100 elementor-top-column elementor-element elementor-element-af31226\" data-id=\"af31226\" data-element_type=\"column\">\n\t\t\t<div class=\"elementor-widget-wrap elementor-element-populated\">\n\t\t\t\t\t\t<div class=\"elementor-element elementor-element-ae437cb elementor-widget elementor-widget-text-editor\" data-id=\"ae437cb\" data-element_type=\"widget\" data-widget_type=\"text-editor.default\">\n\t\t\t\t<div class=\"elementor-widget-container\">\n\t\t\t\t\t\t\t\t\t<p style=\"font-size: 18px; font-style: normal; font-weight: 400; margin-bottom: 0px; color: #656565; text-align: justify;\">Existen muchas formas de armar un CV lo cual\u00a0depender\u00e1 de los usos, costumbres e incluso leyes de cada pa\u00eds. Nuestros clientes utilizan el formato Estadounidense por ende si desea presentarse a alguna de nuestras vacantes lo correcto es modificar su CV de acuerdo a sus exigencias. A continuaci\u00f3n le daremos una serie de consejos para que pueda\u00a0<span style=\"border: 0px; font-style: inherit; font-weight: bold; margin: 0px; outline: 0px; padding: 0px; vertical-align: baseline;\">armar\u00a0su CV seg\u00fan el formato\u00a0Estadounidense<\/span>\u00a0lo cual le permitir\u00e1 incrementar sus posibilidades de lograr una entrevista.<\/p><p style=\"font-size: 18px; font-style: normal; font-weight: 400; margin-bottom: 0px; color: #656565; text-align: justify;\">As\u00ed mismo podr\u00e1\u00a0encontrar mayor informaci\u00f3n y datos \u00fatiles\u00a0las siguientes p\u00e1ginas web:<\/p><ul style=\"font-size: 18px; font-style: normal; font-weight: 400; color: #656565; text-align: justify;\"><li style=\"font-size: 18px;\"><a style=\"color: #a48307; border: 0px; font-style: inherit; font-weight: inherit; margin: 0px; outline: 0px; padding: 0px; vertical-align: baseline;\" href=\"http:\/\/www.careerperfect.com\/\" target=\"_blank\" rel=\"noopener noreferrer\">www.careerperfect.com<\/a><\/li><li style=\"font-size: 18px;\"><a style=\"color: #a48307; border: 0px; font-style: inherit; font-weight: inherit; margin: 0px; outline: 0px; padding: 0px; vertical-align: baseline;\" href=\"http:\/\/www.resume-resource.com\/\" target=\"_blank\" rel=\"noopener noreferrer\">www.resume-resource.com<\/a><\/li><li style=\"font-size: 18px;\"><a style=\"color: #a48307; border: 0px; font-style: inherit; font-weight: inherit; margin: 0px; outline: 0px; padding: 0px; vertical-align: baseline;\" href=\"http:\/\/career-advice.monster.com\/\" target=\"_blank\" rel=\"noopener noreferrer\">career-advice.monster.com<\/a><\/li><\/ul><p style=\"font-size: 18px; font-style: normal; font-weight: 400; margin-bottom: 0px; color: #656565; text-align: justify;\">De acuerdo al formato Estadounidense el CV debe respetar los siguientes lineamientos:<\/p><ol style=\"font-size: 18px; font-style: normal; font-weight: 400; color: #656565; text-align: justify;\"><li style=\"font-size: 18px;\"><div style=\"border: 0px; font-style: inherit; font-weight: inherit; margin: 0px; outline: 0px; padding: 0px; vertical-align: baseline;\">Formato Word o PDF<\/div><\/li><li style=\"font-size: 18px;\"><div style=\"border: 0px; font-style: inherit; font-weight: inherit; margin: 0px; outline: 0px; padding: 0px; vertical-align: baseline;\">En idioma\u00a0ingles<\/div><\/li><li style=\"font-size: 18px;\"><div style=\"border: 0px; font-style: inherit; font-weight: inherit; margin: 0px; outline: 0px; padding: 0px; vertical-align: baseline;\">Foto 4\u00d74<\/div><\/li><li style=\"font-size: 18px;\"><div style=\"border: 0px; font-style: inherit; font-weight: inherit; margin: 0px; outline: 0px; padding: 0px; vertical-align: baseline;\">Datos personales completos: Nombre y Apellido, direcci\u00f3n postal, email,\u00a0 usuario Skype, tel\u00e9fono\u00a0fijo y\u00a0m\u00f3vil (incluyendo c\u00f3digo de pa\u00eds y de\u00a0\u00e1rea para llamar desde el exterior),\u00a0fecha de nacimiento, nacionalidad,\u00a0estado civil, n\u00ba pasaporte y fecha de vencimiento, Visa C1\/D y vencimiento (si aplica).<\/div><\/li><li style=\"font-size: 18px;\"><div style=\"border: 0px; font-style: inherit; font-weight: inherit; margin: 0px; outline: 0px; padding: 0px; vertical-align: baseline;\">Debe estar escrito de forma clara y concisa.<\/div><\/li><li style=\"font-size: 18px;\"><div style=\"border: 0px; font-style: inherit; font-weight: inherit; margin: 0px; outline: 0px; padding: 0px; vertical-align: baseline;\">En \u201cEducaci\u00f3n\u201d indicar nombre completo de las Instituciones educativa\u00a0mencionando nivel alcanzado y las fechas (mes y a\u00f1o) de inicio y finalizaci\u00f3n\/graduaci\u00f3n.<\/div><\/li><li style=\"font-size: 18px;\">En \u201cExperiencia Laboral\u201d indicar todas las realizadas a la fecha desde\u00a0la m\u00e1s reciente a\u00a0la m\u00e1s antigua.\u00a0Indicar\u00a0Empresa, direcci\u00f3n completa (incluyendo\u00a0localidad y Pa\u00eds), tipo de establecimiento, categorizaci\u00f3n,\u00a0sitio web.<\/li><li style=\"font-size: 18px;\">Breve descripci\u00f3n de tareas realizadas (m\u00e1ximo 2 l\u00edneas).<\/li><li style=\"font-size: 18px;\">En caso de puestos de Liderazgos, consignar cantidad de personas a cargo. Indicar capacidad del estableciemiento en t\u00e9rminos de cantidad de\u00a0comensales,\u00a0huespedes, pasajeros,\u00a0habitaciones, etc. En caso de supervisar mas de un sector especificar cuales, que tipo de eventos se realizan y para cuantas personas, con que periodicidad, etc. (toda informaci\u00f3n que de una idea de la envergadura de la operaci\u00f3n).<\/li><li style=\"font-size: 18px;\">Definir la posici\u00f3n\u00a0 y per\u00edodos precisos (desde y hasta, incluyendo mes y a\u00f1o) en cada caso De producirse alguna superposici\u00f3n laboral, indicar horarios y\/o d\u00edas de las mismas.<\/li><li style=\"font-size: 18px;\">Mencionar todos los\u00a0entrenamientos, pasant\u00edas y\/o docencias.<\/li><li style=\"font-size: 18px;\">Si hubiera m\u00e1s de una posici\u00f3n desarrollada en el per\u00edodo contractual, definir cada una dando cuenta de la evoluci\u00f3n de tareas.<\/li><li style=\"font-size: 18px;\">Idiomas que\u00a0domina\u00a0indicando\u00a0el nivel de cada uno de ellos (incluir lengua materna). En caso de contar con certificaciones internacionales mencionarlas.<\/li><li style=\"font-size: 18px;\"><div style=\"border: 0px; font-style: inherit; font-weight: inherit; margin: 0px; outline: 0px; padding: 0px; vertical-align: baseline;\">Indicar al pie dos a tres referencias laborales.<\/div><\/li><\/ol>\t\t\t\t\t\t\t\t<\/div>\n\t\t\t\t<\/div>\n\t\t\t\t\t<\/div>\n\t\t<\/div>\n\t\t\t\t\t<\/div>\n\t\t<\/section>\n\t\t\t\t<\/div>\n\t\t","protected":false},"excerpt":{"rendered":"<p>TIPs para armar tu CV Su\u00a0CV o Curriculum Vitae es la \u00fanica y mejor herramienta que tiene para darse a conocer y causar excelente primera impresi\u00f3n, por lo tanto debe ser lo mas atractivo e interesante posible de modo tal que capte la atenci\u00f3n del lector. Recuerde que el objetivo es que el empleador al [&hellip;]<\/p>\n","protected":false},"author":1,"featured_media":0,"parent":0,"menu_order":0,"comment_status":"closed","ping_status":"closed","template":"","meta":{"site-sidebar-layout":"no-sidebar","site-content-layout":"page-builder","ast-site-content-layout":"default","site-content-style":"default","site-sidebar-style":"default","ast-global-header-display":"","ast-banner-title-visibility":"","ast-main-header-display":"","ast-hfb-above-header-display":"","ast-hfb-below-header-display":"","ast-hfb-mobile-header-display":"","site-post-title":"disabled","ast-breadcrumbs-content":"","ast-featured-img":"disabled","footer-sml-layout":"","theme-transparent-header-meta":"","adv-header-id-meta":"","stick-header-meta":"","header-above-stick-meta":"","header-main-stick-meta":"","header-below-stick-meta":"","astra-migrate-meta-layouts":"default","ast-page-background-enabled":"default","ast-page-background-meta":{"desktop":{"background-color":"","background-image":"","background-repeat":"repeat","background-position":"center center","background-size":"auto","background-attachment":"scroll","background-type":"","background-media":"","overlay-type":"","overlay-color":"","overlay-opacity":"","overlay-gradient":""},"tablet":{"background-color":"","background-image":"","background-repeat":"repeat","background-position":"center center","background-size":"auto","background-attachment":"scroll","background-type":"","background-media":"","overlay-type":"","overlay-color":"","overlay-opacity":"","overlay-gradient":""},"mobile":{"background-color":"","background-image":"","background-repeat":"repeat","background-position":"center center","background-size":"auto","background-attachment":"scroll","background-type":"","background-media":"","overlay-type":"","overlay-color":"","overlay-opacity":"","overlay-gradient":""}},"ast-content-background-meta":{"desktop":{"background-color":"var(--ast-global-color-5)","background-image":"","background-repeat":"repeat","background-position":"center center","background-size":"auto","background-attachment":"scroll","background-type":"","background-media":"","overlay-type":"","overlay-color":"","overlay-opacity":"","overlay-gradient":""},"tablet":{"background-color":"var(--ast-global-color-5)","background-image":"","background-repeat":"repeat","background-position":"center center","background-size":"auto","background-attachment":"scroll","background-type":"","background-media":"","overlay-type":"","overlay-color":"","overlay-opacity":"","overlay-gradient":""},"mobile":{"background-color":"var(--ast-global-color-5)","background-image":"","background-repeat":"repeat","background-position":"center center","background-size":"auto","background-attachment":"scroll","background-type":"","background-media":"","overlay-type":"","overlay-color":"","overlay-opacity":"","overlay-gradient":""}},"footnotes":""},"class_list":["post-1248","page","type-page","status-publish","hentry"],"_links":{"self":[{"href":"https:\/\/cauxig.com\/intercultural\/wp-json\/wp\/v2\/pages\/1248","targetHints":{"allow":["GET"]}}],"collection":[{"href":"https:\/\/cauxig.com\/intercultural\/wp-json\/wp\/v2\/pages"}],"about":[{"href":"https:\/\/cauxig.com\/intercultural\/wp-json\/wp\/v2\/types\/page"}],"author":[{"embeddable":true,"href":"https:\/\/cauxig.com\/intercultural\/wp-json\/wp\/v2\/users\/1"}],"replies":[{"embeddable":true,"href":"https:\/\/cauxig.com\/intercultural\/wp-json\/wp\/v2\/comments?post=1248"}],"version-history":[{"count":13,"href":"https:\/\/cauxig.com\/intercultural\/wp-json\/wp\/v2\/pages\/1248\/revisions"}],"predecessor-version":[{"id":1262,"href":"https:\/\/cauxig.com\/intercultural\/wp-json\/wp\/v2\/pages\/1248\/revisions\/1262"}],"wp:attachment":[{"href":"https:\/\/cauxig.com\/intercultural\/wp-json\/wp\/v2\/media?parent=1248"}],"curies":[{"name":"wp","href":"https:\/\/api.w.org\/{rel}","templated":true}]}}