{"id":8,"date":"2018-10-04T06:18:10","date_gmt":"2018-10-04T06:18:10","guid":{"rendered":"https:\/\/cauxig.com\/cauxnueva\/caux_hospitality\/about\/"},"modified":"2025-08-19T07:28:32","modified_gmt":"2025-08-19T07:28:32","slug":"sobre-caux","status":"publish","type":"page","link":"https:\/\/cauxig.com\/hospitality\/sobre-caux\/","title":{"rendered":"Sobre CAUX"},"content":{"rendered":"\t\t<div data-elementor-type=\"wp-post\" data-elementor-id=\"8\" class=\"elementor elementor-8\">\n\t\t\t\t\t\t<section class=\"elementor-section elementor-top-section elementor-element elementor-element-7d439393 elementor-section-boxed elementor-section-height-default elementor-section-height-default\" data-id=\"7d439393\" data-element_type=\"section\" data-settings=\"{&quot;background_background&quot;:&quot;classic&quot;}\">\n\t\t\t\t\t\t\t<div class=\"elementor-background-overlay\"><\/div>\n\t\t\t\t\t\t\t<div class=\"elementor-container elementor-column-gap-no\">\n\t\t\t\t\t<div class=\"elementor-column elementor-col-100 elementor-top-column elementor-element elementor-element-3474ac6a\" data-id=\"3474ac6a\" data-element_type=\"column\">\n\t\t\t<div class=\"elementor-widget-wrap elementor-element-populated\">\n\t\t\t\t\t\t<div class=\"elementor-element elementor-element-7b415e3 elementor-widget elementor-widget-heading\" data-id=\"7b415e3\" data-element_type=\"widget\" data-widget_type=\"heading.default\">\n\t\t\t\t<div class=\"elementor-widget-container\">\n\t\t\t\t\t<h1 class=\"elementor-heading-title elementor-size-default\">Sobre Nosotros<\/h1>\t\t\t\t<\/div>\n\t\t\t\t<\/div>\n\t\t\t\t<div class=\"elementor-element elementor-element-6add383c elementor-widget-divider--view-line elementor-widget elementor-widget-divider\" data-id=\"6add383c\" data-element_type=\"widget\" data-widget_type=\"divider.default\">\n\t\t\t\t<div class=\"elementor-widget-container\">\n\t\t\t\t\t\t\t<div class=\"elementor-divider\">\n\t\t\t<span class=\"elementor-divider-separator\">\n\t\t\t\t\t\t<\/span>\n\t\t<\/div>\n\t\t\t\t\t\t<\/div>\n\t\t\t\t<\/div>\n\t\t\t\t\t<\/div>\n\t\t<\/div>\n\t\t\t\t\t<\/div>\n\t\t<\/section>\n\t\t\t\t<section class=\"elementor-section elementor-top-section elementor-element elementor-element-aa0e061 elementor-section-boxed elementor-section-height-default elementor-section-height-default\" data-id=\"aa0e061\" data-element_type=\"section\">\n\t\t\t\t\t\t<div class=\"elementor-container elementor-column-gap-default\">\n\t\t\t\t\t<div class=\"elementor-column elementor-col-100 elementor-top-column elementor-element elementor-element-cbea10c\" data-id=\"cbea10c\" data-element_type=\"column\">\n\t\t\t<div class=\"elementor-widget-wrap elementor-element-populated\">\n\t\t\t\t\t\t<div class=\"elementor-element elementor-element-005f99b elementor-widget elementor-widget-text-editor\" data-id=\"005f99b\" data-element_type=\"widget\" data-widget_type=\"text-editor.default\">\n\t\t\t\t<div class=\"elementor-widget-container\">\n\t\t\t\t\t\t\t\t\t<p><strong>CAUX International Group<\/strong> fue fundada en Septiembre de 2007 con el prop\u00f3sito de reclutar personal calificado en toda Latinoam\u00e9rica para las grandes <strong>compa\u00f1\u00edas de cruceros&nbsp;<\/strong>internacionales para luego expandir sus servicios a <strong>Hoteles y Resorts&nbsp;<\/strong>alrededor del mundo.&nbsp;A\u00f1os m\u00e1s tarde y producto de la demanda de los mismos Candidatos se fueron&nbsp;agregando otros programas y servicios tales como&nbsp;<strong>Pasant\u00edas en el Exterior, Cursos de Idiomas, Programas de Estudio y Trabajo en el Exterior<\/strong>, entre&nbsp;otros.&nbsp;En la actualidad CAUX International Group est\u00e1 organizada en dos divisiones bien diferenciadas:<\/p>\n<ul>\n<li><strong>CAUX Hospitality:&nbsp;<\/strong>recluta personal de todos las nacionalidades para empresas de <strong>Cruceros&nbsp;<\/strong>y&nbsp;<strong>Cadenas de Hoteles<\/strong>, ofreciendo as\u00ed&nbsp;<strong>Trabajo en Cruceros<\/strong>,&nbsp;<strong>Trabajo en Hoteles<\/strong>&nbsp;y&nbsp;<strong>Pasant\u00edas Rentadas en Hoteles<\/strong>. As\u00ed mismo esta divisi\u00f3n realiza trabajos de&nbsp;<strong>Consultor\u00eda Hotelera<\/strong> y brinda <strong>Representaci\u00f3n Comercial a Empresas del Exterior<\/strong>.<\/li>\n<li><strong>CAUX Intercultural:&nbsp;<\/strong>promueve el desarrollo cultural de las personas ofreciendo distintos programas tales como&nbsp;<strong>Cursos de Idiomas, Work &amp; Travel, Work &amp; Study, AU Pair, Summer Camps, Pr\u00e1cticas Profesionales&nbsp;<\/strong>en distintas Industrias, estudiar desde un Semestre hasta A\u00f1os en&nbsp;<strong>Secundarios de EEUU<\/strong>&nbsp;y realizar tus estudios de grado en&nbsp;<strong>Universidades de EEUU<\/strong>.<\/li>\n<\/ul>\n<p>El equipo de<strong>&nbsp;CAUX International Group&nbsp;<\/strong>est\u00e1 integrado por&nbsp;profesionales con vasta experiencia en la industria de la Hospitalidad, el Marketing y la Comunicaci\u00f3n quienes han desarrollado su carrera profesional en empresa multinacionales de primer nivel internacional. Nuestros profesionales cuentan con Posgrados y Maestr\u00edas en sus respectivas \u00e1reas y se han formado tanto en el \u00e1mbito local como en el exterior.<\/p>\n<p>CAUX International Group es una empresa registrada en Espa\u00f1a habilitada como Agencia de Colocaci\u00f3n por el Servicio P\u00fablico de Empleo con el n\u00famero 0900000413.<\/p>\t\t\t\t\t\t\t\t<\/div>\n\t\t\t\t<\/div>\n\t\t\t\t\t<\/div>\n\t\t<\/div>\n\t\t\t\t\t<\/div>\n\t\t<\/section>\n\t\t\t\t<\/div>\n\t\t","protected":false},"excerpt":{"rendered":"<p>Sobre Nosotros CAUX International Group fue fundada en Septiembre de 2007 con el prop\u00f3sito de reclutar personal calificado en toda Latinoam\u00e9rica para las grandes compa\u00f1\u00edas de cruceros&nbsp;internacionales para luego expandir sus servicios a Hoteles y Resorts&nbsp;alrededor del mundo.&nbsp;A\u00f1os m\u00e1s tarde y producto de la demanda de los mismos Candidatos se fueron&nbsp;agregando otros programas y servicios &hellip;<\/p>\n<p class=\"read-more\"> <a class=\"\" href=\"https:\/\/cauxig.com\/hospitality\/sobre-caux\/\"> <span class=\"screen-reader-text\">Sobre CAUX<\/span> Leer m\u00e1s &raquo;<\/a><\/p>\n","protected":false},"author":1,"featured_media":0,"parent":0,"menu_order":0,"comment_status":"closed","ping_status":"closed","template":"","meta":{"footnotes":""},"class_list":["post-8","page","type-page","status-publish","hentry"],"_links":{"self":[{"href":"https:\/\/cauxig.com\/hospitality\/wp-json\/wp\/v2\/pages\/8","targetHints":{"allow":["GET"]}}],"collection":[{"href":"https:\/\/cauxig.com\/hospitality\/wp-json\/wp\/v2\/pages"}],"about":[{"href":"https:\/\/cauxig.com\/hospitality\/wp-json\/wp\/v2\/types\/page"}],"author":[{"embeddable":true,"href":"https:\/\/cauxig.com\/hospitality\/wp-json\/wp\/v2\/users\/1"}],"replies":[{"embeddable":true,"href":"https:\/\/cauxig.com\/hospitality\/wp-json\/wp\/v2\/comments?post=8"}],"version-history":[{"count":34,"href":"https:\/\/cauxig.com\/hospitality\/wp-json\/wp\/v2\/pages\/8\/revisions"}],"predecessor-version":[{"id":6202,"href":"https:\/\/cauxig.com\/hospitality\/wp-json\/wp\/v2\/pages\/8\/revisions\/6202"}],"wp:attachment":[{"href":"https:\/\/cauxig.com\/hospitality\/wp-json\/wp\/v2\/media?parent=8"}],"curies":[{"name":"wp","href":"https:\/\/api.w.org\/{rel}","templated":true}]}}