{"id":5630,"date":"2024-03-25T09:08:33","date_gmt":"2024-03-25T09:08:33","guid":{"rendered":"https:\/\/cauxig.com\/hospitality\/?page_id=5630"},"modified":"2024-03-25T09:33:46","modified_gmt":"2024-03-25T09:33:46","slug":"ley-de-proteccion-de-datos","status":"publish","type":"page","link":"https:\/\/cauxig.com\/hospitality\/ley-de-proteccion-de-datos\/","title":{"rendered":"Ley de Protecci\u00f3n de Datos"},"content":{"rendered":"\t\t<div data-elementor-type=\"wp-page\" data-elementor-id=\"5630\" class=\"elementor elementor-5630\">\n\t\t\t\t\t\t<section class=\"elementor-section elementor-top-section elementor-element elementor-element-2a5662d elementor-section-boxed elementor-section-height-default elementor-section-height-default\" data-id=\"2a5662d\" data-element_type=\"section\">\n\t\t\t\t\t\t<div class=\"elementor-container elementor-column-gap-default\">\n\t\t\t\t\t<div class=\"elementor-column elementor-col-100 elementor-top-column elementor-element elementor-element-69b084d\" data-id=\"69b084d\" data-element_type=\"column\" data-settings=\"{&quot;background_background&quot;:&quot;classic&quot;}\">\n\t\t\t<div class=\"elementor-widget-wrap\">\n\t\t\t\t\t<div class=\"elementor-background-overlay\"><\/div>\n\t\t\t\t\t\t\t<\/div>\n\t\t<\/div>\n\t\t\t\t\t<\/div>\n\t\t<\/section>\n\t\t\t\t<section class=\"elementor-section elementor-top-section elementor-element elementor-element-7065b9b8 elementor-section-boxed elementor-section-height-default elementor-section-height-default\" data-id=\"7065b9b8\" data-element_type=\"section\" data-settings=\"{&quot;background_background&quot;:&quot;classic&quot;}\">\n\t\t\t\t\t\t\t<div class=\"elementor-background-overlay\"><\/div>\n\t\t\t\t\t\t\t<div class=\"elementor-container elementor-column-gap-no\">\n\t\t\t\t\t<div class=\"elementor-column elementor-col-100 elementor-top-column elementor-element elementor-element-37469e59\" data-id=\"37469e59\" data-element_type=\"column\">\n\t\t\t<div class=\"elementor-widget-wrap elementor-element-populated\">\n\t\t\t\t\t\t<div class=\"elementor-element elementor-element-673be1 elementor-widget elementor-widget-heading\" data-id=\"673be1\" data-element_type=\"widget\" data-widget_type=\"heading.default\">\n\t\t\t\t<div class=\"elementor-widget-container\">\n\t\t\t\t\t<h1 class=\"elementor-heading-title elementor-size-default\">Ley de Protecci\u00f3n de Datos Personales<\/h1>\t\t\t\t<\/div>\n\t\t\t\t<\/div>\n\t\t\t\t<div class=\"elementor-element elementor-element-3ca44366 elementor-widget-divider--view-line elementor-widget elementor-widget-divider\" data-id=\"3ca44366\" data-element_type=\"widget\" data-widget_type=\"divider.default\">\n\t\t\t\t<div class=\"elementor-widget-container\">\n\t\t\t\t\t\t\t<div class=\"elementor-divider\">\n\t\t\t<span class=\"elementor-divider-separator\">\n\t\t\t\t\t\t<\/span>\n\t\t<\/div>\n\t\t\t\t\t\t<\/div>\n\t\t\t\t<\/div>\n\t\t\t\t\t<\/div>\n\t\t<\/div>\n\t\t\t\t\t<\/div>\n\t\t<\/section>\n\t\t\t\t<section class=\"elementor-section elementor-top-section elementor-element elementor-element-0e91632 elementor-section-boxed elementor-section-height-default elementor-section-height-default\" data-id=\"0e91632\" data-element_type=\"section\">\n\t\t\t\t\t\t<div class=\"elementor-container elementor-column-gap-default\">\n\t\t\t\t\t<div class=\"elementor-column elementor-col-100 elementor-top-column elementor-element elementor-element-28da155\" data-id=\"28da155\" data-element_type=\"column\">\n\t\t\t<div class=\"elementor-widget-wrap elementor-element-populated\">\n\t\t\t\t\t\t<div class=\"elementor-element elementor-element-7f9ec9f elementor-widget elementor-widget-text-editor\" data-id=\"7f9ec9f\" data-element_type=\"widget\" data-widget_type=\"text-editor.default\">\n\t\t\t\t<div class=\"elementor-widget-container\">\n\t\t\t\t\t\t\t\t\t<p>Le informamos que los datos facilitados en el presente formulario son objeto de tratamiento por CAUX International Group EUR, S.L. (CAUX) con la finalidad de gestionar las relaciones comerciales y atender su solicitud de contacto e informaci\u00f3n solicitada. En este sentido, sus datos ser\u00e1n manejados por CAUX para atender su petici\u00f3n. Adem\u00e1s marcando dicha casilla nos autoriza para remitirle informaci\u00f3n publicitaria sobre actividades, productos y servicios ofrecidos por CAUX que pudieran ser de su inter\u00e9s.<\/p><p><span style=\"font-size: 18px; color: var( --e-global-color-text ); font-family: var( --e-global-typography-text-font-family ), Sans-serif;\">La legitimidad del tratamiento se ampara en el consentimiento otorgado.<\/span><\/p><p>Usted puede ejercitar sus derechos de acceso, rectificaci\u00f3n, supresi\u00f3n, oposici\u00f3n, el derecho a limitar el tratamiento y portabilidad de sus datos personales, dirigi\u00e9ndose por escrito a CAUX en su sede social: Cam\u00ed de la Geganta 80, 7*2, Matar\u00f3 (08302), Barcelona, Espa\u00f1a o por correo electr\u00f3nico a la siguiente direcci\u00f3n: reclamos@cauxig.com. En ambos casos deber\u00e1 aportar la documentaci\u00f3n que le identifique adecuadamente, salvo que se dirija mediante el email registrado. Finalmente, tiene derecho a presentar reclamaci\u00f3n ante la Agencia Espa\u00f1ola de Protecci\u00f3n de Datos (AEPD) si considera vulnerados sus derechos en el tratamiento realizado.<\/p>\t\t\t\t\t\t\t\t<\/div>\n\t\t\t\t<\/div>\n\t\t\t\t\t<\/div>\n\t\t<\/div>\n\t\t\t\t\t<\/div>\n\t\t<\/section>\n\t\t\t\t<\/div>\n\t\t","protected":false},"excerpt":{"rendered":"<p>Ley de Protecci\u00f3n de Datos Personales Le informamos que los datos facilitados en el presente formulario son objeto de tratamiento por CAUX International Group EUR, S.L. (CAUX) con la finalidad de gestionar las relaciones comerciales y atender su solicitud de contacto e informaci\u00f3n solicitada. En este sentido, sus datos ser\u00e1n manejados por CAUX para atender &hellip;<\/p>\n<p class=\"read-more\"> <a class=\"\" href=\"https:\/\/cauxig.com\/hospitality\/ley-de-proteccion-de-datos\/\"> <span class=\"screen-reader-text\">Ley de Protecci\u00f3n de Datos<\/span> Leer m\u00e1s &raquo;<\/a><\/p>\n","protected":false},"author":1,"featured_media":0,"parent":0,"menu_order":0,"comment_status":"closed","ping_status":"closed","template":"","meta":{"footnotes":""},"class_list":["post-5630","page","type-page","status-publish","hentry"],"_links":{"self":[{"href":"https:\/\/cauxig.com\/hospitality\/wp-json\/wp\/v2\/pages\/5630","targetHints":{"allow":["GET"]}}],"collection":[{"href":"https:\/\/cauxig.com\/hospitality\/wp-json\/wp\/v2\/pages"}],"about":[{"href":"https:\/\/cauxig.com\/hospitality\/wp-json\/wp\/v2\/types\/page"}],"author":[{"embeddable":true,"href":"https:\/\/cauxig.com\/hospitality\/wp-json\/wp\/v2\/users\/1"}],"replies":[{"embeddable":true,"href":"https:\/\/cauxig.com\/hospitality\/wp-json\/wp\/v2\/comments?post=5630"}],"version-history":[{"count":32,"href":"https:\/\/cauxig.com\/hospitality\/wp-json\/wp\/v2\/pages\/5630\/revisions"}],"predecessor-version":[{"id":5664,"href":"https:\/\/cauxig.com\/hospitality\/wp-json\/wp\/v2\/pages\/5630\/revisions\/5664"}],"wp:attachment":[{"href":"https:\/\/cauxig.com\/hospitality\/wp-json\/wp\/v2\/media?parent=5630"}],"curies":[{"name":"wp","href":"https:\/\/api.w.org\/{rel}","templated":true}]}}