{"id":5462,"date":"2023-10-30T17:37:10","date_gmt":"2023-10-30T17:37:10","guid":{"rendered":"https:\/\/cauxig.com\/hospitality\/?page_id=5462"},"modified":"2024-12-17T17:19:00","modified_gmt":"2024-12-17T17:19:00","slug":"confirmacion-de-postulacion","status":"publish","type":"page","link":"https:\/\/cauxig.com\/hospitality\/confirmacion-de-postulacion\/","title":{"rendered":"Confirmaci\u00f3n de Postulaci\u00f3n"},"content":{"rendered":"\t\t<div data-elementor-type=\"wp-page\" data-elementor-id=\"5462\" class=\"elementor elementor-5462\">\n\t\t\t\t\t\t<section class=\"elementor-section elementor-top-section elementor-element elementor-element-34c1097 elementor-section-boxed elementor-section-height-default elementor-section-height-default\" data-id=\"34c1097\" data-element_type=\"section\">\n\t\t\t\t\t\t<div class=\"elementor-container elementor-column-gap-default\">\n\t\t\t\t\t<div class=\"elementor-column elementor-col-100 elementor-top-column elementor-element elementor-element-c3b3f4f\" data-id=\"c3b3f4f\" data-element_type=\"column\">\n\t\t\t<div class=\"elementor-widget-wrap\">\n\t\t\t\t\t\t\t<\/div>\n\t\t<\/div>\n\t\t\t\t\t<\/div>\n\t\t<\/section>\n\t\t\t\t<section class=\"elementor-section elementor-top-section elementor-element elementor-element-684ce9f elementor-section-height-min-height elementor-section-boxed elementor-section-height-default elementor-section-items-middle\" data-id=\"684ce9f\" data-element_type=\"section\" data-settings=\"{&quot;background_background&quot;:&quot;classic&quot;}\">\n\t\t\t\t\t\t\t<div class=\"elementor-background-overlay\"><\/div>\n\t\t\t\t\t\t\t<div class=\"elementor-container elementor-column-gap-no\">\n\t\t\t\t\t<div class=\"elementor-column elementor-col-100 elementor-top-column elementor-element elementor-element-4a9077b\" data-id=\"4a9077b\" data-element_type=\"column\">\n\t\t\t<div class=\"elementor-widget-wrap elementor-element-populated\">\n\t\t\t\t\t\t<div class=\"elementor-element elementor-element-bf89433 elementor-widget elementor-widget-heading\" data-id=\"bf89433\" data-element_type=\"widget\" data-widget_type=\"heading.default\">\n\t\t\t\t<div class=\"elementor-widget-container\">\n\t\t\t\t\t<h1 class=\"elementor-heading-title elementor-size-default\">Gracias por su Postulaci\u00f3n!<\/h1>\t\t\t\t<\/div>\n\t\t\t\t<\/div>\n\t\t\t\t<div class=\"elementor-element elementor-element-37afa58 elementor-widget-divider--view-line elementor-widget elementor-widget-divider\" data-id=\"37afa58\" data-element_type=\"widget\" data-widget_type=\"divider.default\">\n\t\t\t\t<div class=\"elementor-widget-container\">\n\t\t\t\t\t\t\t<div class=\"elementor-divider\">\n\t\t\t<span class=\"elementor-divider-separator\">\n\t\t\t\t\t\t<\/span>\n\t\t<\/div>\n\t\t\t\t\t\t<\/div>\n\t\t\t\t<\/div>\n\t\t\t\t\t<\/div>\n\t\t<\/div>\n\t\t\t\t\t<\/div>\n\t\t<\/section>\n\t\t\t\t<section class=\"elementor-section elementor-top-section elementor-element elementor-element-7f0919e elementor-section-boxed elementor-section-height-default elementor-section-height-default\" data-id=\"7f0919e\" data-element_type=\"section\">\n\t\t\t\t\t\t<div class=\"elementor-container elementor-column-gap-default\">\n\t\t\t\t\t<div class=\"elementor-column elementor-col-100 elementor-top-column elementor-element elementor-element-4710e21\" data-id=\"4710e21\" data-element_type=\"column\">\n\t\t\t<div class=\"elementor-widget-wrap\">\n\t\t\t\t\t\t\t<\/div>\n\t\t<\/div>\n\t\t\t\t\t<\/div>\n\t\t<\/section>\n\t\t\t\t<section class=\"elementor-section elementor-top-section elementor-element elementor-element-5be5595 elementor-section-boxed elementor-section-height-default elementor-section-height-default\" data-id=\"5be5595\" data-element_type=\"section\">\n\t\t\t\t\t\t<div class=\"elementor-container elementor-column-gap-default\">\n\t\t\t\t\t<div class=\"elementor-column elementor-col-100 elementor-top-column elementor-element elementor-element-aba0b9a\" data-id=\"aba0b9a\" data-element_type=\"column\">\n\t\t\t<div class=\"elementor-widget-wrap elementor-element-populated\">\n\t\t\t\t\t\t<div class=\"elementor-element elementor-element-33fb8d8 elementor-widget elementor-widget-heading\" data-id=\"33fb8d8\" data-element_type=\"widget\" data-widget_type=\"heading.default\">\n\t\t\t\t<div class=\"elementor-widget-container\">\n\t\t\t\t\t<h2 class=\"elementor-heading-title elementor-size-default\">Muchas gracias por su postulaci\u00f3n!<\/h2>\t\t\t\t<\/div>\n\t\t\t\t<\/div>\n\t\t\t\t<div class=\"elementor-element elementor-element-13dcd31 elementor-widget elementor-widget-text-editor\" data-id=\"13dcd31\" data-element_type=\"widget\" data-widget_type=\"text-editor.default\">\n\t\t\t\t<div class=\"elementor-widget-container\">\n\t\t\t\t\t\t\t\t\t<p><span style=\"font-size: 18px; font-style: normal; font-weight: 400;\">Confirmamos y agradecemos su postulaci\u00f3n. Un miembro de nuestro equipo analizar\u00e1 su CV y si coincide con alguna de nuestras b\u00fasquedas nos contactaremos v\u00eda email para coordinar una entrevista por lo que sugerimos estar atento a su bandeja de entrada y correo no deseado. Tenga en cuenta que debido al gran volumen de consultas que recibimos nuestra eventual respuesta puede demorar hasta 3 semanas.<\/span><\/p><p><span style=\"font-size: 18px; font-style: normal; font-weight: 400; color: var( --e-global-color-text );\">Si a\u00fan tiene dudas o consultas sobre nuestras propuestas\/programas lo invitamos a ingresar nuevamente en nuestra web\u00a0<\/span><a style=\"font-size: 18px; font-style: normal; font-weight: 400; background-color: #ffffff; color: #c9a41b;\" href=\"https:\/\/www.cauxig.com\/hospitality\" target=\"_blank\" rel=\"noopener\">www.cauxig.com\/hospitality<\/a>\u00a0donde encontrar\u00e1\u00a0<span style=\"font-size: 18px; font-style: normal; font-weight: 400; color: var( --e-global-color-text ); font-family: var( --e-global-typography-text-font-family );\">toda la informaci\u00f3n general, condiciones y beneficios.<\/span><\/p><p>\u00a0<\/p><ul><li><a href=\"https:\/\/cauxig.com\/hospitality\/trabajo-en-cruceros\/trabajo-en-cruceros-oceanicos\/\" target=\"_blank\" rel=\"noopener\">Trabajo en Cruceros\u00a0Oce\u00e1nicos<\/a><\/li><li><a href=\"https:\/\/cauxig.com\/hospitality\/trabajo-en-cruceros\/trabajo-en-cruceros-de-rio-en-europa\/\" target=\"_blank\" rel=\"noopener\">Trabajo en Cruceros de R\u00edo en Europa<\/a><\/li><li><a href=\"https:\/\/cauxig.com\/hospitality\/trabajo-en-hoteles\/trabajo-en-hoteles-de-medio-oriente\/\" target=\"_blank\" rel=\"noopener\">Trabajo en Hoteles de Medio Oriente<\/a><\/li><li><a href=\"https:\/\/cauxig.com\/hospitality\/trabajo-en-hoteles\/trabajo-en-hoteles-de-eeuu-con-visa-h2b\/\" target=\"_blank\" rel=\"noopener\">Trabajo en Hoteles de EEUU con Visa H2B<\/a><\/li><li><a href=\"https:\/\/cauxig.com\/hospitality\/pasantias-en-hoteles\/pasantias-en-hoteles-de-eeuu\/\" target=\"_blank\" rel=\"noopener\">Pasant\u00edas en Hoteles de EEUU<\/a><\/li><li><a href=\"https:\/\/cauxig.com\/hospitality\/pasantias-en-hoteles\/pasantias-en-hoteles-de-espana\/\" target=\"_blank\" rel=\"noopener\">Pasant\u00edas en Hoteles de Espa\u00f1a<\/a><\/li><li><a href=\"https:\/\/cauxig.com\/hospitality\/general-sales-agent\/\" target=\"_blank\" rel=\"noopener\">General Sales Agent<\/a><\/li><li><a href=\"https:\/\/cauxig.com\/hospitality\/consultoria\/\" target=\"_blank\" rel=\"noopener\">Consultor\u00eda Hotelera<\/a><\/li><\/ul><p><span style=\"font-size: 18px; color: var( --e-global-color-text ); font-family: var( --e-global-typography-text-font-family );\">As\u00ed mismo le sugerimos que nos siga en facebook,\u00a0<\/span><span style=\"font-size: 18px; color: var( --e-global-color-text ); font-family: var( --e-global-typography-text-font-family );\">Instagram <\/span><span style=\"font-size: 18px; color: var( --e-global-color-text ); font-family: var( --e-global-typography-text-font-family );\">y LinkedIn (al pie de la web encontrar\u00e1 los accesos directos<\/span><span style=\"font-size: 18px; color: var( --e-global-color-text ); font-family: var( --e-global-typography-text-font-family );\">) ya que ah\u00ed posteamos regularmente todas nuestras vacantes.<\/span><\/p><p><span style=\"font-size: 18px; color: var( --e-global-color-text ); font-family: var( --e-global-typography-text-font-family );\">\u00a0<\/span><\/p><p>Saludos Cordiales,<\/p><h3><strong>CAUX Hospitality Team<\/strong><\/h3>\t\t\t\t\t\t\t\t<\/div>\n\t\t\t\t<\/div>\n\t\t\t\t\t<\/div>\n\t\t<\/div>\n\t\t\t\t\t<\/div>\n\t\t<\/section>\n\t\t\t\t<\/div>\n\t\t","protected":false},"excerpt":{"rendered":"<p>Gracias por su Postulaci\u00f3n! Muchas gracias por su postulaci\u00f3n! Confirmamos y agradecemos su postulaci\u00f3n. Un miembro de nuestro equipo analizar\u00e1 su CV y si coincide con alguna de nuestras b\u00fasquedas nos contactaremos v\u00eda email para coordinar una entrevista por lo que sugerimos estar atento a su bandeja de entrada y correo no deseado. Tenga en &hellip;<\/p>\n<p class=\"read-more\"> <a class=\"\" href=\"https:\/\/cauxig.com\/hospitality\/confirmacion-de-postulacion\/\"> <span class=\"screen-reader-text\">Confirmaci\u00f3n de Postulaci\u00f3n<\/span> Leer m\u00e1s &raquo;<\/a><\/p>\n","protected":false},"author":1,"featured_media":0,"parent":0,"menu_order":0,"comment_status":"closed","ping_status":"closed","template":"","meta":{"footnotes":""},"class_list":["post-5462","page","type-page","status-publish","hentry"],"_links":{"self":[{"href":"https:\/\/cauxig.com\/hospitality\/wp-json\/wp\/v2\/pages\/5462","targetHints":{"allow":["GET"]}}],"collection":[{"href":"https:\/\/cauxig.com\/hospitality\/wp-json\/wp\/v2\/pages"}],"about":[{"href":"https:\/\/cauxig.com\/hospitality\/wp-json\/wp\/v2\/types\/page"}],"author":[{"embeddable":true,"href":"https:\/\/cauxig.com\/hospitality\/wp-json\/wp\/v2\/users\/1"}],"replies":[{"embeddable":true,"href":"https:\/\/cauxig.com\/hospitality\/wp-json\/wp\/v2\/comments?post=5462"}],"version-history":[{"count":20,"href":"https:\/\/cauxig.com\/hospitality\/wp-json\/wp\/v2\/pages\/5462\/revisions"}],"predecessor-version":[{"id":6010,"href":"https:\/\/cauxig.com\/hospitality\/wp-json\/wp\/v2\/pages\/5462\/revisions\/6010"}],"wp:attachment":[{"href":"https:\/\/cauxig.com\/hospitality\/wp-json\/wp\/v2\/media?parent=5462"}],"curies":[{"name":"wp","href":"https:\/\/api.w.org\/{rel}","templated":true}]}}