{"id":5448,"date":"2023-10-30T17:21:59","date_gmt":"2023-10-30T17:21:59","guid":{"rendered":"https:\/\/cauxig.com\/hospitality\/?page_id=5448"},"modified":"2025-12-26T18:29:40","modified_gmt":"2025-12-26T18:29:40","slug":"confirmacion-de-contacto","status":"publish","type":"page","link":"https:\/\/cauxig.com\/hospitality\/confirmacion-de-contacto\/","title":{"rendered":"Confirmaci\u00f3n de Contacto"},"content":{"rendered":"\t\t<div data-elementor-type=\"wp-page\" data-elementor-id=\"5448\" class=\"elementor elementor-5448\">\n\t\t\t\t\t\t<section class=\"elementor-section elementor-top-section elementor-element elementor-element-74af57e elementor-section-height-min-height elementor-section-boxed elementor-section-height-default elementor-section-items-middle\" data-id=\"74af57e\" data-element_type=\"section\" data-settings=\"{&quot;background_background&quot;:&quot;classic&quot;}\">\n\t\t\t\t\t\t\t<div class=\"elementor-background-overlay\"><\/div>\n\t\t\t\t\t\t\t<div class=\"elementor-container elementor-column-gap-no\">\n\t\t\t\t\t<div class=\"elementor-column elementor-col-100 elementor-top-column elementor-element elementor-element-0e59f81\" data-id=\"0e59f81\" data-element_type=\"column\">\n\t\t\t<div class=\"elementor-widget-wrap elementor-element-populated\">\n\t\t\t\t\t\t<div class=\"elementor-element elementor-element-66cd6c7 elementor-widget elementor-widget-heading\" data-id=\"66cd6c7\" data-element_type=\"widget\" data-widget_type=\"heading.default\">\n\t\t\t\t<div class=\"elementor-widget-container\">\n\t\t\t\t\t<h1 class=\"elementor-heading-title elementor-size-default\">Gracias por su Contacto!<\/h1>\t\t\t\t<\/div>\n\t\t\t\t<\/div>\n\t\t\t\t<div class=\"elementor-element elementor-element-2c4fd31 elementor-widget-divider--view-line elementor-widget elementor-widget-divider\" data-id=\"2c4fd31\" data-element_type=\"widget\" data-widget_type=\"divider.default\">\n\t\t\t\t<div class=\"elementor-widget-container\">\n\t\t\t\t\t\t\t<div class=\"elementor-divider\">\n\t\t\t<span class=\"elementor-divider-separator\">\n\t\t\t\t\t\t<\/span>\n\t\t<\/div>\n\t\t\t\t\t\t<\/div>\n\t\t\t\t<\/div>\n\t\t\t\t\t<\/div>\n\t\t<\/div>\n\t\t\t\t\t<\/div>\n\t\t<\/section>\n\t\t\t\t<section class=\"elementor-section elementor-top-section elementor-element elementor-element-22a1e59 elementor-section-boxed elementor-section-height-default elementor-section-height-default\" data-id=\"22a1e59\" data-element_type=\"section\">\n\t\t\t\t\t\t<div class=\"elementor-container elementor-column-gap-default\">\n\t\t\t\t\t<div class=\"elementor-column elementor-col-100 elementor-top-column elementor-element elementor-element-0dd5dc0\" data-id=\"0dd5dc0\" data-element_type=\"column\">\n\t\t\t<div class=\"elementor-widget-wrap\">\n\t\t\t\t\t\t\t<\/div>\n\t\t<\/div>\n\t\t\t\t\t<\/div>\n\t\t<\/section>\n\t\t\t\t<section class=\"elementor-section elementor-top-section elementor-element elementor-element-94c3c16 elementor-section-boxed elementor-section-height-default elementor-section-height-default\" data-id=\"94c3c16\" data-element_type=\"section\">\n\t\t\t\t\t\t<div class=\"elementor-container elementor-column-gap-default\">\n\t\t\t\t\t<div class=\"elementor-column elementor-col-100 elementor-top-column elementor-element elementor-element-4863606\" data-id=\"4863606\" data-element_type=\"column\">\n\t\t\t<div class=\"elementor-widget-wrap elementor-element-populated\">\n\t\t\t\t\t\t<div class=\"elementor-element elementor-element-c14b923 elementor-widget elementor-widget-heading\" data-id=\"c14b923\" data-element_type=\"widget\" data-widget_type=\"heading.default\">\n\t\t\t\t<div class=\"elementor-widget-container\">\n\t\t\t\t\t<h2 class=\"elementor-heading-title elementor-size-default\">Muchas gracias por contactarnos!<\/h2>\t\t\t\t<\/div>\n\t\t\t\t<\/div>\n\t\t\t\t<div class=\"elementor-element elementor-element-30da1b7 elementor-widget elementor-widget-text-editor\" data-id=\"30da1b7\" data-element_type=\"widget\" data-widget_type=\"text-editor.default\">\n\t\t\t\t<div class=\"elementor-widget-container\">\n\t\t\t\t\t\t\t\t\t<p>Por favor tenga en cuenta que s\u00f3lo responderemos a consultas puntuales de las cuales no haya respuesta en nuestra web.&nbsp;<\/p>\n<p><span style=\"font-size: 18px; font-style: normal; font-weight: 400; color: var( --e-global-color-text );\">En ella<\/span><span style=\"font-size: 18px; font-style: normal; font-weight: 400; color: var( --e-global-color-text ); font-family: var( --e-global-typography-text-font-family );\">&nbsp;encontrar\u00e1 toda la informaci\u00f3n general sobre nuestros programas, las condiciones de contrataci\u00f3n, los beneficios, etc<\/span><span style=\"font-size: 18px; font-style: normal; font-weight: 400; color: var( --e-global-color-text ); font-family: var( --e-global-typography-text-font-family );\">. y tambi\u00e9n podr\u00e1 postular.&nbsp;<\/span>Por ende si su deseo es postular o busca informaci\u00f3n general sobre cada uno de nuestras propuestas\/programas debe hacerlo a trav\u00e9s de los siguientes links.<\/p>\n<p><\/p>\n<ul>\n<li><a href=\"https:\/\/cauxig.com\/hospitality\/trabajo-en-cruceros\/trabajo-en-cruceros-oceanicos\/\" target=\"_blank\" rel=\"noopener\">Trabajo en Cruceros&nbsp;Oce\u00e1nicos<\/a><\/li>\n<li><a href=\"https:\/\/cauxig.com\/hospitality\/trabajo-en-cruceros\/trabajo-en-cruceros-de-rio-en-europa\/\" target=\"_blank\" rel=\"noopener\">Trabajo en Cruceros de R\u00edo en Europa<\/a><\/li>\n<li><a href=\"https:\/\/cauxig.com\/hospitality\/trabajo-en-hoteles\/trabajo-en-hoteles-de-medio-oriente\/\" target=\"_blank\" rel=\"noopener\">Trabajo en Hoteles de Medio Oriente<\/a><\/li>\n<li><a href=\"https:\/\/cauxig.com\/hospitality\/trabajo-en-hoteles\/trabajo-en-hoteles-de-eeuu-con-visa-h2b\/\" target=\"_blank\" rel=\"noopener\">Trabajo en Hoteles de EEUU con Visa H2B<\/a><\/li>\n<li><a href=\"https:\/\/cauxig.com\/hospitality\/pasantias-en-hoteles\/pasantias-en-hoteles-de-eeuu\/\" target=\"_blank\" rel=\"noopener\">Pasant\u00edas en Hoteles de EEUU<\/a><\/li>\n<li><a href=\"https:\/\/cauxig.com\/hospitality\/pasantias-en-hoteles\/pasantias-en-hoteles-de-espana\/\" target=\"_blank\" rel=\"noopener\">Pasant\u00edas en Hoteles de Espa\u00f1a<\/a><\/li>\n<li><a href=\"https:\/\/cauxig.com\/hospitality\/general-sales-agent\/\" target=\"_blank\" rel=\"noopener\">General Sales Agent<\/a><\/li>\n<li><a href=\"https:\/\/cauxig.com\/hospitality\/consultoria\/\" target=\"_blank\" rel=\"noopener\">Consultor\u00eda Hotelera<\/a><\/li>\n<\/ul>\n<p><span style=\"font-size: 18px; font-style: normal; font-weight: 400; color: var( --e-global-color-text ); font-family: var( --e-global-typography-text-font-family );\">As\u00ed mismo aconsejamos seguirnos en Facebook,&nbsp;<\/span><span style=\"font-size: 18px; font-style: normal; font-weight: 400; color: var( --e-global-color-text ); font-family: var( --e-global-typography-text-font-family );\">Instagram&nbsp;<\/span><span style=\"font-size: 18px; font-style: normal; font-weight: 400; color: var( --e-global-color-text ); font-family: var( --e-global-typography-text-font-family );\">y LinkedIn (al pie de la web encontrar\u00e1 los accesos directos<\/span><span style=\"font-size: 18px; font-style: normal; font-weight: 400; color: var( --e-global-color-text ); font-family: var( --e-global-typography-text-font-family );\">) ya que ah\u00ed posteamos regularmente todas nuestras vacantes.<\/span><\/p>\n<p><span style=\"font-size: 18px; font-style: normal; font-weight: 400; color: var( --e-global-color-text ); font-family: var( --e-global-typography-text-font-family );\">&nbsp;<\/span><\/p>\n<p>Saludos Cordiales,<\/p>\n<h3><strong>CAUX Hospitality Team<\/strong><\/h3>\t\t\t\t\t\t\t\t<\/div>\n\t\t\t\t<\/div>\n\t\t\t\t\t<\/div>\n\t\t<\/div>\n\t\t\t\t\t<\/div>\n\t\t<\/section>\n\t\t\t\t<\/div>\n\t\t","protected":false},"excerpt":{"rendered":"<p>Gracias por su Contacto! Muchas gracias por contactarnos! Por favor tenga en cuenta que s\u00f3lo responderemos a consultas puntuales de las cuales no haya respuesta en nuestra web.&nbsp; En ella&nbsp;encontrar\u00e1 toda la informaci\u00f3n general sobre nuestros programas, las condiciones de contrataci\u00f3n, los beneficios, etc. y tambi\u00e9n podr\u00e1 postular.&nbsp;Por ende si su deseo es postular o &hellip;<\/p>\n<p class=\"read-more\"> <a class=\"\" href=\"https:\/\/cauxig.com\/hospitality\/confirmacion-de-contacto\/\"> <span class=\"screen-reader-text\">Confirmaci\u00f3n de Contacto<\/span> Leer m\u00e1s &raquo;<\/a><\/p>\n","protected":false},"author":1,"featured_media":0,"parent":0,"menu_order":0,"comment_status":"closed","ping_status":"closed","template":"","meta":{"footnotes":""},"class_list":["post-5448","page","type-page","status-publish","hentry"],"_links":{"self":[{"href":"https:\/\/cauxig.com\/hospitality\/wp-json\/wp\/v2\/pages\/5448","targetHints":{"allow":["GET"]}}],"collection":[{"href":"https:\/\/cauxig.com\/hospitality\/wp-json\/wp\/v2\/pages"}],"about":[{"href":"https:\/\/cauxig.com\/hospitality\/wp-json\/wp\/v2\/types\/page"}],"author":[{"embeddable":true,"href":"https:\/\/cauxig.com\/hospitality\/wp-json\/wp\/v2\/users\/1"}],"replies":[{"embeddable":true,"href":"https:\/\/cauxig.com\/hospitality\/wp-json\/wp\/v2\/comments?post=5448"}],"version-history":[{"count":49,"href":"https:\/\/cauxig.com\/hospitality\/wp-json\/wp\/v2\/pages\/5448\/revisions"}],"predecessor-version":[{"id":6286,"href":"https:\/\/cauxig.com\/hospitality\/wp-json\/wp\/v2\/pages\/5448\/revisions\/6286"}],"wp:attachment":[{"href":"https:\/\/cauxig.com\/hospitality\/wp-json\/wp\/v2\/media?parent=5448"}],"curies":[{"name":"wp","href":"https:\/\/api.w.org\/{rel}","templated":true}]}}