{"id":5197,"date":"2022-10-26T15:10:17","date_gmt":"2022-10-26T15:10:17","guid":{"rendered":"https:\/\/cauxig.com\/hospitality\/?page_id=5197"},"modified":"2025-06-06T07:39:23","modified_gmt":"2025-06-06T07:39:23","slug":"postulacion-pasantias-eeuu","status":"publish","type":"page","link":"https:\/\/cauxig.com\/hospitality\/postulacion-pasantias-eeuu\/","title":{"rendered":"Postulacion Pasantias EEUU"},"content":{"rendered":"\t\t<div data-elementor-type=\"wp-page\" data-elementor-id=\"5197\" class=\"elementor elementor-5197\">\n\t\t\t\t\t\t<section class=\"elementor-section elementor-top-section elementor-element elementor-element-489b145d elementor-section-height-min-height elementor-section-boxed elementor-section-height-default elementor-section-items-middle\" data-id=\"489b145d\" data-element_type=\"section\" data-settings=\"{&quot;background_background&quot;:&quot;classic&quot;}\">\n\t\t\t\t\t\t\t<div class=\"elementor-background-overlay\"><\/div>\n\t\t\t\t\t\t\t<div class=\"elementor-container elementor-column-gap-no\">\n\t\t\t\t\t<div class=\"elementor-column elementor-col-100 elementor-top-column elementor-element elementor-element-4ac14b75\" data-id=\"4ac14b75\" data-element_type=\"column\">\n\t\t\t<div class=\"elementor-widget-wrap elementor-element-populated\">\n\t\t\t\t\t\t<div class=\"elementor-element elementor-element-1e135d0c elementor-widget elementor-widget-heading\" data-id=\"1e135d0c\" data-element_type=\"widget\" data-widget_type=\"heading.default\">\n\t\t\t\t<div class=\"elementor-widget-container\">\n\t\t\t\t\t<h1 class=\"elementor-heading-title elementor-size-default\">Formulario de Postulaci\u00f3n<\/h1>\t\t\t\t<\/div>\n\t\t\t\t<\/div>\n\t\t\t\t<div class=\"elementor-element elementor-element-25edb1eb elementor-widget-divider--view-line elementor-widget elementor-widget-divider\" data-id=\"25edb1eb\" data-element_type=\"widget\" data-widget_type=\"divider.default\">\n\t\t\t\t<div class=\"elementor-widget-container\">\n\t\t\t\t\t\t\t<div class=\"elementor-divider\">\n\t\t\t<span class=\"elementor-divider-separator\">\n\t\t\t\t\t\t<\/span>\n\t\t<\/div>\n\t\t\t\t\t\t<\/div>\n\t\t\t\t<\/div>\n\t\t\t\t\t<\/div>\n\t\t<\/div>\n\t\t\t\t\t<\/div>\n\t\t<\/section>\n\t\t\t\t<section class=\"elementor-section elementor-top-section elementor-element elementor-element-6c126042 elementor-section-boxed elementor-section-height-default elementor-section-height-default\" data-id=\"6c126042\" data-element_type=\"section\">\n\t\t\t\t\t\t<div class=\"elementor-container elementor-column-gap-default\">\n\t\t\t\t\t<div class=\"elementor-column elementor-col-100 elementor-top-column elementor-element elementor-element-1c17ee32\" data-id=\"1c17ee32\" data-element_type=\"column\">\n\t\t\t<div class=\"elementor-widget-wrap elementor-element-populated\">\n\t\t\t\t\t\t<div class=\"elementor-element elementor-element-3fd1f084 elementor-widget elementor-widget-text-editor\" data-id=\"3fd1f084\" data-element_type=\"widget\" data-widget_type=\"text-editor.default\">\n\t\t\t\t<div class=\"elementor-widget-container\">\n\t\t\t\t\t\t\t\t\t<p>Antes de postular al <b>Programa de Pasant\u00edas en Estados Unidos<\/b> aconsejemos fervientemente leer la informaci\u00f3n general publicada en nuestra web ya que eso responder\u00e1 la mayor\u00eda de tus dudas. Tambi\u00e9n encontrar\u00e1s los requisitos espec\u00edficos ya que si no los cumples lamentablemente no podremos considerarte. Por \u00faltimo te sugerimos que veas nuestro\u00a0<a href=\"http:\/\/cauxig.com\/hospitality\/tips-para-armar-su-cv\/\"><strong>modelo de CV y consejos \u00fatiles<\/strong><\/a>.<\/p>\t\t\t\t\t\t\t\t<\/div>\n\t\t\t\t<\/div>\n\t\t\t\t<div class=\"elementor-element elementor-element-46b41857 elementor-widget elementor-widget-shortcode\" data-id=\"46b41857\" data-element_type=\"widget\" data-widget_type=\"shortcode.default\">\n\t\t\t\t<div class=\"elementor-widget-container\">\n\t\t\t\t\t\t\t<div class=\"elementor-shortcode\">\n<div class=\"wpcf7 no-js\" id=\"wpcf7-f5193-o1\" lang=\"es-ES\" dir=\"ltr\" data-wpcf7-id=\"5193\">\n<div class=\"screen-reader-response\"><p role=\"status\" aria-live=\"polite\" aria-atomic=\"true\"><\/p> <ul><\/ul><\/div>\n<form action=\"\/hospitality\/wp-json\/wp\/v2\/pages\/5197#wpcf7-f5193-o1\" method=\"post\" class=\"wpcf7-form init wpcf7-acceptance-as-validation\" aria-label=\"Formulario de contacto\" enctype=\"multipart\/form-data\" novalidate=\"novalidate\" data-status=\"init\">\n<fieldset class=\"hidden-fields-container\"><input type=\"hidden\" name=\"_wpcf7\" value=\"5193\" \/><input type=\"hidden\" name=\"_wpcf7_version\" value=\"6.1.4\" \/><input type=\"hidden\" name=\"_wpcf7_locale\" value=\"es_ES\" \/><input type=\"hidden\" name=\"_wpcf7_unit_tag\" value=\"wpcf7-f5193-o1\" \/><input type=\"hidden\" name=\"_wpcf7_container_post\" value=\"0\" \/><input type=\"hidden\" name=\"_wpcf7_posted_data_hash\" value=\"\" \/><input type=\"hidden\" name=\"_wpcf7_recaptcha_response\" value=\"\" \/>\n<\/fieldset>\n<p><label> Nombre<br \/>\n<span class=\"wpcf7-form-control-wrap\" data-name=\"your-name\"><input size=\"40\" maxlength=\"400\" class=\"wpcf7-form-control wpcf7-text wpcf7-validates-as-required\" aria-required=\"true\" aria-invalid=\"false\" value=\"\" type=\"text\" name=\"your-name\" \/><\/span> <\/label>\n<\/p>\n<p><label> Apellido<br \/>\n<span class=\"wpcf7-form-control-wrap\" data-name=\"your-lastname\"><input size=\"40\" maxlength=\"400\" class=\"wpcf7-form-control wpcf7-text wpcf7-validates-as-required\" aria-required=\"true\" aria-invalid=\"false\" value=\"\" type=\"text\" name=\"your-lastname\" \/><\/span> <\/label>\n<\/p>\n<p><label> Email<br \/>\n<span class=\"wpcf7-form-control-wrap\" data-name=\"your-email\"><input size=\"40\" maxlength=\"400\" class=\"wpcf7-form-control wpcf7-email wpcf7-validates-as-required wpcf7-text wpcf7-validates-as-email\" aria-required=\"true\" aria-invalid=\"false\" value=\"\" type=\"email\" name=\"your-email\" \/><\/span> <\/label>\n<\/p>\n<p><label> Nacionalidad\/es (si tienes m\u00e1s de una indicarlo)<br \/>\n<span class=\"wpcf7-form-control-wrap\" data-name=\"your-nationality\"><input size=\"40\" maxlength=\"400\" class=\"wpcf7-form-control wpcf7-text wpcf7-validates-as-required\" aria-required=\"true\" aria-invalid=\"false\" value=\"\" type=\"text\" name=\"your-nationality\" \/><\/span> <\/label>\n<\/p>\n<p><label> Pa\u00eds de Residencia<br \/>\n<span class=\"wpcf7-form-control-wrap\" data-name=\"your-residence\"><input size=\"40\" maxlength=\"400\" class=\"wpcf7-form-control wpcf7-text wpcf7-validates-as-required\" aria-required=\"true\" aria-invalid=\"false\" value=\"\" type=\"text\" name=\"your-residence\" \/><\/span> <\/label>\n<\/p>\n<p>\u00bfComo nos conociste?<br \/>\n<span class=\"wpcf7-form-control-wrap\" data-name=\"menu-626\"><select class=\"wpcf7-form-control wpcf7-select wpcf7-validates-as-required\" aria-required=\"true\" aria-invalid=\"false\" name=\"menu-626\"><option value=\"\">&#8212;Por favor, elige una opci\u00f3n&#8212;<\/option><option value=\"Referido\">Referido<\/option><option value=\"Facebook\">Facebook<\/option><option value=\"Instagram\">Instagram<\/option><option value=\"LinkedIn\">LinkedIn<\/option><option value=\"Google\">Google<\/option><option value=\"Escuela\/Universidad\">Escuela\/Universidad<\/option><option value=\"P\u00e1gina de Compa\u00f1\u00eda de Cruceros\/Hoteles\">P\u00e1gina de Compa\u00f1\u00eda de Cruceros\/Hoteles<\/option><option value=\"ZonaJobs\">ZonaJobs<\/option><option value=\"CompuTrabajos\">CompuTrabajos<\/option><option value=\"Otros\">Otros<\/option><\/select><\/span>\n<\/p>\n<p>\u00bfComo definir\u00edas tu nivel de ingl\u00e9s? Te recordamos que para trabajar en Cruceros es excluyente tener nivel conversacional de ingl\u00e9s el cual se chequear\u00e1 en la primer entrevista.<br \/>\n<span class=\"wpcf7-form-control-wrap\" data-name=\"menu-350\"><select class=\"wpcf7-form-control wpcf7-select wpcf7-validates-as-required\" aria-required=\"true\" aria-invalid=\"false\" name=\"menu-350\"><option value=\"\">&#8212;Por favor, elige una opci\u00f3n&#8212;<\/option><option value=\"Ingl\u00e9s B\u00e1sico: No puede mantener una conversaci\u00f3n en ingl\u00e9s que me permita trabajar\">Ingl\u00e9s B\u00e1sico: No puede mantener una conversaci\u00f3n en ingl\u00e9s que me permita trabajar<\/option><option value=\"Ingl\u00e9s Intermedio Superior: Puedo mantener una conversaci\u00f3n fluida que me permita trabajar\">Ingl\u00e9s Intermedio Superior: Puedo mantener una conversaci\u00f3n fluida que me permita trabajar<\/option><option value=\"Ingl\u00e9s Avanzado: Soy Biling\u00fce\">Ingl\u00e9s Avanzado: Soy Biling\u00fce<\/option><\/select><\/span>\n<\/p>\n<p><label> \u00bfA qu\u00e9 posici\u00f3n quer\u00e9s postular?<br \/>\n<span class=\"wpcf7-form-control-wrap\" data-name=\"text-30\"><input size=\"40\" maxlength=\"400\" class=\"wpcf7-form-control wpcf7-text wpcf7-validates-as-required\" aria-required=\"true\" aria-invalid=\"false\" value=\"\" type=\"text\" name=\"text-30\" \/><\/span> <\/label>\n<\/p>\n<p><label> Mensaje (ind\u00edcanos por qu\u00e9 motivo deseas realizar la pasant\u00eda, en qu\u00e9 fecha deseas realizarla o alg\u00fan otro dato que consideres relevante).<br \/>\n<span class=\"wpcf7-form-control-wrap\" data-name=\"your-message\"><textarea cols=\"40\" rows=\"10\" maxlength=\"2000\" class=\"wpcf7-form-control wpcf7-textarea wpcf7-validates-as-required\" aria-required=\"true\" aria-invalid=\"false\" name=\"your-message\"><\/textarea><\/span> <\/label>\n<\/p>\n<p><label> Por favor adjuntanos tu CV (Formato Word o PDF menor a 2Mb)<br \/>\n<span class=\"wpcf7-form-control-wrap\" data-name=\"file-779\"><input size=\"40\" class=\"wpcf7-form-control wpcf7-file wpcf7-validates-as-required\" accept=\".doc,.pdf,.docx\" aria-required=\"true\" aria-invalid=\"false\" type=\"file\" name=\"file-779\" \/><\/span> <\/label>\n<\/p>\n<p><span class=\"wpcf7-form-control-wrap\" data-name=\"acceptance-642\"><span class=\"wpcf7-form-control wpcf7-acceptance\"><span class=\"wpcf7-list-item\"><input type=\"checkbox\" name=\"acceptance-642\" value=\"1\" aria-invalid=\"false\" \/><\/span><\/span><\/span> * Declaro que he le\u00eddo toda la informaci\u00f3n disponible en la web concerniente al programa y soy consciente de los requisitos, beneficios y costos del programa\n<\/p>\n<p><span class=\"wpcf7-form-control-wrap\" data-name=\"acceptance-643\"><span class=\"wpcf7-form-control wpcf7-acceptance\"><span class=\"wpcf7-list-item\"><input type=\"checkbox\" name=\"acceptance-643\" value=\"1\" aria-invalid=\"false\" \/><\/span><\/span><\/span> * Acepto el <A HREF=\"https:\/\/cauxig.com\/hospitality\/ley-de-proteccion-de-datos\/\"> Tratamiento de Datos Personales, Pol\u00edtica de Privacidad e Informaci\u00f3n Comercial <\/a>.\n<\/p>\n\n<p><input class=\"wpcf7-form-control wpcf7-submit has-spinner\" type=\"submit\" value=\"Enviar\" \/>\n<\/p>\n<p><script>\ndocument.addEventListener( 'wpcf7mailsent', function( event ) {\n location = 'https:\/\/cauxig.com\/hospitality\/confirmacion-de-postulacion\/';\n}, false );\n<\/script>\n<\/p><p style=\"display: none !important;\" class=\"akismet-fields-container\" data-prefix=\"_wpcf7_ak_\"><label>&#916;<textarea name=\"_wpcf7_ak_hp_textarea\" cols=\"45\" rows=\"8\" maxlength=\"100\"><\/textarea><\/label><input type=\"hidden\" id=\"ak_js_1\" name=\"_wpcf7_ak_js\" value=\"160\"\/><script>document.getElementById( \"ak_js_1\" ).setAttribute( \"value\", ( new Date() ).getTime() );<\/script><\/p><div class=\"wpcf7-response-output\" aria-hidden=\"true\"><\/div>\n<\/form>\n<\/div>\n<\/div>\n\t\t\t\t\t\t<\/div>\n\t\t\t\t<\/div>\n\t\t\t\t\t<\/div>\n\t\t<\/div>\n\t\t\t\t\t<\/div>\n\t\t<\/section>\n\t\t\t\t<\/div>\n\t\t","protected":false},"excerpt":{"rendered":"<p>Formulario de Postulaci\u00f3n Antes de postular al Programa de Pasant\u00edas en Estados Unidos aconsejemos fervientemente leer la informaci\u00f3n general publicada en nuestra web ya que eso responder\u00e1 la mayor\u00eda de tus dudas. Tambi\u00e9n encontrar\u00e1s los requisitos espec\u00edficos ya que si no los cumples lamentablemente no podremos considerarte. Por \u00faltimo te sugerimos que veas nuestro\u00a0modelo de &hellip;<\/p>\n<p class=\"read-more\"> <a class=\"\" href=\"https:\/\/cauxig.com\/hospitality\/postulacion-pasantias-eeuu\/\"> <span class=\"screen-reader-text\">Postulacion Pasantias EEUU<\/span> Leer m\u00e1s &raquo;<\/a><\/p>\n","protected":false},"author":1,"featured_media":0,"parent":0,"menu_order":0,"comment_status":"closed","ping_status":"closed","template":"","meta":{"footnotes":""},"class_list":["post-5197","page","type-page","status-publish","hentry"],"_links":{"self":[{"href":"https:\/\/cauxig.com\/hospitality\/wp-json\/wp\/v2\/pages\/5197","targetHints":{"allow":["GET"]}}],"collection":[{"href":"https:\/\/cauxig.com\/hospitality\/wp-json\/wp\/v2\/pages"}],"about":[{"href":"https:\/\/cauxig.com\/hospitality\/wp-json\/wp\/v2\/types\/page"}],"author":[{"embeddable":true,"href":"https:\/\/cauxig.com\/hospitality\/wp-json\/wp\/v2\/users\/1"}],"replies":[{"embeddable":true,"href":"https:\/\/cauxig.com\/hospitality\/wp-json\/wp\/v2\/comments?post=5197"}],"version-history":[{"count":23,"href":"https:\/\/cauxig.com\/hospitality\/wp-json\/wp\/v2\/pages\/5197\/revisions"}],"predecessor-version":[{"id":6164,"href":"https:\/\/cauxig.com\/hospitality\/wp-json\/wp\/v2\/pages\/5197\/revisions\/6164"}],"wp:attachment":[{"href":"https:\/\/cauxig.com\/hospitality\/wp-json\/wp\/v2\/media?parent=5197"}],"curies":[{"name":"wp","href":"https:\/\/api.w.org\/{rel}","templated":true}]}}