{"id":3214,"date":"2020-10-08T00:15:50","date_gmt":"2020-10-08T00:15:50","guid":{"rendered":"https:\/\/cauxig.com\/cauxnueva\/caux_hospitality\/?page_id=3214"},"modified":"2021-07-27T17:47:43","modified_gmt":"2021-07-27T17:47:43","slug":"politica-de-privacidad","status":"publish","type":"page","link":"https:\/\/cauxig.com\/hospitality\/politica-de-privacidad\/","title":{"rendered":"Pol\u00edtica de Privacidad"},"content":{"rendered":"\t\t<div data-elementor-type=\"wp-page\" data-elementor-id=\"3214\" class=\"elementor elementor-3214\">\n\t\t\t\t\t\t<section class=\"elementor-section elementor-top-section elementor-element elementor-element-0de7dd0 elementor-section-boxed elementor-section-height-default elementor-section-height-default\" data-id=\"0de7dd0\" data-element_type=\"section\" data-settings=\"{&quot;background_background&quot;:&quot;classic&quot;}\">\n\t\t\t\t\t\t\t<div class=\"elementor-background-overlay\"><\/div>\n\t\t\t\t\t\t\t<div class=\"elementor-container elementor-column-gap-no\">\n\t\t\t\t\t<div class=\"elementor-column elementor-col-100 elementor-top-column elementor-element elementor-element-46d8b02\" data-id=\"46d8b02\" data-element_type=\"column\">\n\t\t\t<div class=\"elementor-widget-wrap elementor-element-populated\">\n\t\t\t\t\t\t<div class=\"elementor-element elementor-element-76d0d07 elementor-widget elementor-widget-heading\" data-id=\"76d0d07\" data-element_type=\"widget\" data-widget_type=\"heading.default\">\n\t\t\t\t<div class=\"elementor-widget-container\">\n\t\t\t\t\t<h1 class=\"elementor-heading-title elementor-size-default\">Pol\u00edtica de Privacidad<\/h1>\t\t\t\t<\/div>\n\t\t\t\t<\/div>\n\t\t\t\t<div class=\"elementor-element elementor-element-e6cc8d0 elementor-widget-divider--view-line elementor-widget elementor-widget-divider\" data-id=\"e6cc8d0\" data-element_type=\"widget\" data-widget_type=\"divider.default\">\n\t\t\t\t<div class=\"elementor-widget-container\">\n\t\t\t\t\t\t\t<div class=\"elementor-divider\">\n\t\t\t<span class=\"elementor-divider-separator\">\n\t\t\t\t\t\t<\/span>\n\t\t<\/div>\n\t\t\t\t\t\t<\/div>\n\t\t\t\t<\/div>\n\t\t\t\t\t<\/div>\n\t\t<\/div>\n\t\t\t\t\t<\/div>\n\t\t<\/section>\n\t\t\t\t<section class=\"elementor-section elementor-top-section elementor-element elementor-element-fd14d52 elementor-section-boxed elementor-section-height-default elementor-section-height-default\" data-id=\"fd14d52\" data-element_type=\"section\">\n\t\t\t\t\t\t<div class=\"elementor-container elementor-column-gap-default\">\n\t\t\t\t\t<div class=\"elementor-column elementor-col-100 elementor-top-column elementor-element elementor-element-2b55f50\" data-id=\"2b55f50\" data-element_type=\"column\">\n\t\t\t<div class=\"elementor-widget-wrap elementor-element-populated\">\n\t\t\t\t\t\t<div class=\"elementor-element elementor-element-d36f3c0 elementor-widget elementor-widget-text-editor\" data-id=\"d36f3c0\" data-element_type=\"widget\" data-widget_type=\"text-editor.default\">\n\t\t\t\t<div class=\"elementor-widget-container\">\n\t\t\t\t\t\t\t\t\t<h3>Condiciones Generales de Uso:<\/h3>\n<p>Por favor lea las siguientes condiciones generales antes de hacer uso de este Sitio. Su posterior uso significar\u00e1 la aceptaci\u00f3n de todas las condiciones abajo detalladas.<\/p>\n<p><br><\/p>\n<h3>Responsabilidad Legal:<\/h3>\n<p><strong>CAUX International Group<\/strong>&nbsp;(CAUXIG) se libera expresamente de toda responsabilidad legal por cualquier da\u00f1o, p\u00e9rdida o lesi\u00f3n como resultado de las actividades de cualquier visitante del Sitio y el uso que los visitantes le puedan dar al contenido del mismo.&nbsp;<strong>CAUX International Group<\/strong>&nbsp;(CAUXIG) no es responsable por lo que Ud. pudiera hacer con la informaci\u00f3n de este Sitio, ni por el uso de los links del mismo. La informaci\u00f3n solo es resumida para los visitantes, sin ninguna responsabilidad por lo que los visitantes puedan hacer con dicha informaci\u00f3n.&nbsp;<strong>CAUX International Group<\/strong>&nbsp;(CAUXIG) contiene enlaces externos a p\u00e1ginas de otros lectores\/usuarios\/anunciantes y no se hace responsable de sus pr\u00e1cticas en lo relativo a tu privacidad. Te recomendamos que te informes acerca de la pol\u00edtica de privacidad de estas p\u00e1ginas y\/o sitios webs.&nbsp;<strong>CAUX International Group<\/strong>&nbsp;(CAUXIG) tiene sus textos bajo Licencia Creative Commons por lo que Ud. es libre de:<\/p>\n<ul>\n<li>Copiar, distribuir, exhibir, y ejecutar la obra<\/li>\n<li>Hacer obras derivadas<\/li>\n<\/ul>\n<h3><span style=\"font-size: 26px; font-weight: 700;\">Bajo las siguientes condiciones:<\/span><br><\/h3>\n<p>* Atribuci\u00f3n. Ud. tiene la obligaci\u00f3n de atribuir los textos a&nbsp;<strong>CAUX International Group<\/strong>&nbsp;(CAUXIG).<\/p>\n<p><strong>CAUX International Group<\/strong>&nbsp;(CAUXIG) no se atribuye ning\u00fan tipo de derecho de propiedad sobre ninguna de las im\u00e1genes mostradas e\u206e el sitio, ni ning\u00fan otro tipo de material que no sean los textos citados en el punto anterior.&nbsp;<strong>CAUX International Group<\/strong>&nbsp;(CAUXIG) no se hace responsable por la interpretaci\u00f3n de la informaci\u00f3n expuesta en el Sitio, ni de su uso indebido.<\/p>\n<ul>\n<li>Ud. reconoce haber le\u00eddo las presentes condiciones de uso general, dando conformidad a las mismas en todos sus t\u00e9rminos y condiciones.<\/li>\n<li>Ud. se compromete a no usar el Sitio para fines ilegales, no autorizados y\/o que desvirt\u00faen los enunciados de las presentes condiciones.<\/li>\n<li>La Legislaci\u00f3n Aplicable, de corresponder, se regir\u00e1 por las leyes de la Republica Argentina.<\/li>\n<\/ul>\n<h3><span style=\"font-size: 26px; font-weight: 700;\">Pol\u00edtica de Privacidad:<\/span><br><\/h3>\n<p>En&nbsp;<strong>CAUX International Group<\/strong>&nbsp;(CAUXIG) sabemos que la privacidad de nuestros lectores\/usuarios\/anunciantes es importante, por lo que la \u201cPol\u00edtica de Privacidad\u201d de&nbsp;<strong>CAUX International Group<\/strong>&nbsp;(CAUXIG) se utiliza para que los lectores\/usuarios\/anunciantes del sitio conozcan como recogemos, guardamos o utilizamos la informaci\u00f3n que recabamos a trav\u00e9s de los diferentes servicios que se ofrecen y\/o p\u00e1ginas disponibles en este sitio.<\/p>\n<p>Por favor, lea el siguiente documento para conocer mejor c\u00f3mo manejamos la informaci\u00f3n, incluido qu\u00e9 tipo de datos recabamos, c\u00f3mo los usamos y con qu\u00e9 fin, a qui\u00e9n se los facilitamos y qu\u00e9 hacemos para proteger su informaci\u00f3n personal.&nbsp;Le recomendamos que tambi\u00e9n est\u00e9n al tanto de las Pol\u00edticas de Privacidad de Google, ya que indirectamente el acceso a&nbsp;<strong>CAUX International Group<\/strong>&nbsp;(CAUXIG) implica la aceptaci\u00f3n de las mismas, en todos sus t\u00e9rminos y condiciones.<\/p>\n<p>Los usuarios aceptan y reconocen que la publicidad brindada por los anunciantes de&nbsp;<strong>CAUX International Group<\/strong>&nbsp;(CAUXIG) puede conllevar la utilizaci\u00f3n de Cookies y Web Beacons para obtener informaci\u00f3n, tanto en el sitio&nbsp;<strong>CAUX International Group<\/strong>&nbsp;(CAUXIG), como en los sitios de los respectivos anunciantes.<\/p>\n<p><br><\/p>\n<p><\/p>\n<h3>Cookies, Web Beacons y otras tecnolog\u00edas:<\/h3>\n<p>Como es pr\u00e1ctica habitual en muchos sitios web,&nbsp;<strong>CAUX International Group<\/strong>&nbsp;(CAUXIG) utiliza \u201ccookies\u201d y otras tecnolog\u00edas para ayudar a comprender qu\u00e9 partes de nuestros sitios web tienen m\u00e1s aceptaci\u00f3n, d\u00f3nde van nuestros visitantes y cu\u00e1nto tiempo pasan all\u00ed.<\/p>\n<p>Tambi\u00e9n utilizamos cookies y otras tecnolog\u00edas para asegurarnos que la publicidad de nuestros anunciantes en Internet, hace llegar productos y servicios, cumpliendo lo exigido por Google en sus Pol\u00edticas del Programa Adsense. Empleamos cookies y otras tecnolog\u00edas para estudiar pautas de tr\u00e1fico en nuestro sitio web, de forma que sus visitas sean a\u00fan m\u00e1s gratificantes, y para estudiar la eficacia de nuestra comunicaci\u00f3n con el cliente.<\/p>\n<p><strong>CAUX International Grou<\/strong>p (CAUXIG) tambi\u00e9n puede utilizar cookies para registrar sus visitas a nuestro sitio Web. Podemos recopilar informaci\u00f3n, incluida la direcci\u00f3n IP, como identificaci\u00f3n personal. Sin embargo, esta informaci\u00f3n s\u00f3lo se utilizar\u00e1 para fines anal\u00edticos y se restringir\u00e1 al m\u00ednimo necesario para llevar a cabo el an\u00e1lisis.&nbsp;Si no desea que&nbsp;<strong>CAUX International Group<\/strong>&nbsp;(CAUXIG) despliegue cookies en su navegador, puede configurar su navegador para que rechace las cookies o para que le informe de cu\u00e1ndo un sitio Web intenta colocar una cookie en el software del navegador.<\/p>\n<p>El navegador tambi\u00e9n puede incluir la posibilidad de especificar mejor qu\u00e9 cookies tienen que ser aceptadas y cu\u00e1les no. En concreto, el usuario\/lector puede normalmente optar por alguna de las siguientes opciones:<\/p>\n<ul>\n<li>Rechazar las cookies de determinados dominios<\/li>\n<li>Rechazar las cookies de terceros<\/li>\n<li>Aceptar cookies como no persistentes (se eliminan cuando el navegador se cierra)<\/li>\n<li>Permitir al servidor crear cookies para un dominio diferente.<\/li>\n<li>Adem\u00e1s, los navegadores pueden tambi\u00e9n permitir a los usuarios ver y borrar cookies individualmente<\/li>\n<\/ul>\n<p>Tambi\u00e9n en&nbsp;<strong>CAUX International Group<\/strong>&nbsp;(CAUXIG) utilizamos etiquetas de p\u00edxel (im\u00e1genes min\u00fasculas) o Web Beacons que nos informan sobre qu\u00e9 partes del sitio web se visitan m\u00e1s a menudo y miden la eficacia de las b\u00fasquedas efectuadas por el cliente en nuestro sitio. Los Web beacons sirven y se utilizan de una forma similar a las cookies. Adem\u00e1s, los web beacons suelen utilizarse para medir el tr\u00e1fico de usuarios que visitan una p\u00e1gina web y poder sacar un patr\u00f3n de los usuarios de un sitio. Si no desea ayudar a&nbsp;<strong>CAUX International Group<\/strong>&nbsp;(CAUXIG) a mejorar su sitio Web, puede optar por no participar en el an\u00e1lisis de este sitio Web desactivando JavaScript en su equipo.<\/p>\n<p><strong>CAUX International Group<\/strong>&nbsp;(CAUXIG) utiliza los siguientes servicios y\/o recursos que pueden utilizar cookies o web beacons para analizar lo que sucede en nuestras p\u00e1ginas:<\/p>\n<ul>\n<li>Google Analytics \u2013&nbsp;<a href=\"http:\/\/www.google.com\/analytics\/es-ES\/\">http:\/\/www.google.com\/analytics\/es-ES\/<\/a><\/li>\n<\/ul>\n<p>Google, como proveedor asociado, utiliza cookies para publicar anuncios en su sitio.&nbsp;Los usuarios pueden inhabilitar el uso de la cookie de DART a&nbsp;trav\u00e9s del anuncio de Google y accediendo a la pol\u00edtica de privacidad&nbsp;de la red de contenido (pinchar aqu\u00ed).&nbsp;Para m\u00e1s informaci\u00f3n, puede consultar sobre Cookies y Web Beacons.<\/p>\n<p><br><\/p>\n<p><\/p>\n<h3>Otros aspectos sobre la privacidad:<\/h3>\n<p>Si utilizas los comentarios\/trackbacks de los sitios de&nbsp;<strong>CAUX International Group<\/strong>&nbsp;(CAUXIG), debes tener en cuenta que cualquier informaci\u00f3n que publiques estar\u00e1 a disposici\u00f3n del resto de los lectores\/usuarios\/anunciantes. La informaci\u00f3n personal distintiva que env\u00edes a estos puede ser le\u00edda, recopilada o utilizada por otros lectores\/usuarios\/anunciantes para enviarte mensajes no deseados.<\/p>\n<p><strong>CAUX International Group<\/strong>&nbsp;(CAUXIG) no se hace responsable de la informaci\u00f3n personal que decidas publicar, ya que se considera informaci\u00f3n p\u00fablica y no confidencial. En tales lugares de comunicaci\u00f3n, corre el riesgo de que otros recopilen y utilicen esa informaci\u00f3n. Tenga cuidado y sea responsable cuando est\u00e1 en l\u00ednea.<\/p>\n<p>En algunos casos, en&nbsp;<strong>CAUX International Group<\/strong>&nbsp;(CAUXIG) compartimos informaci\u00f3n sobre los visitantes de este sitio de forma an\u00f3nima o agregada con terceros como puedan ser anunciantes, patrocinadores o auditores con el \u00fanico fin de mejorar nuestros servicios. Todas estas tareas de procesamiento ser\u00e1n reguladas seg\u00fan las normas legales y se respetar\u00e1n todos sus derechos en materia de protecci\u00f3n de datos conforme a la regulaci\u00f3n vigente.<\/p>\n<p>Este sitio tambi\u00e9n puede albergar publicidad propia, de afiliados, o de redes publicitarias. Esta publicidad se muestra mediante servidores publicitarios que tambi\u00e9n utilizan cookies para mostrar contenidos publicitarios afines a los usuarios. Cada uno de estos servidores publicitarios dispone de su propia pol\u00edtica de privacidad, que puede ser consultada en sus propias p\u00e1ginas web.<\/p>\n<p>Actualmente este sitio no muestra publicidad de:<\/p>\n<ul>\n<li>Google Adsense \u2013&nbsp;<a href=\"https:\/\/www.google.com\/adsense?hl=es\">https:\/\/www.google.com\/adsense?hl=es<\/a><\/li>\n<\/ul>\n<h3><span style=\"font-size: 26px; font-weight: 700;\">Cambios en la pol\u00edtica:<\/span><br><\/h3>\n<p><strong>CAUX International Group<\/strong>&nbsp;(CAUXIG) podr\u00e1 modificar total o parcialmente estas condiciones cuando lo estime necesario sin previo aviso, por lo que recomendamos que lea peri\u00f3dicamente las mismas. En el caso de que se implemente un cambio importante en las Pol\u00edticas de Privacidad, se publicar\u00e1 un aviso en nuestro sitio Web.<\/p>\n<p><br><\/p>\n<p><\/p>\n<h5>Si deseas contactarnos lo puedes hacer a info@cauxig.com<\/h5>\t\t\t\t\t\t\t\t<\/div>\n\t\t\t\t<\/div>\n\t\t\t\t\t<\/div>\n\t\t<\/div>\n\t\t\t\t\t<\/div>\n\t\t<\/section>\n\t\t\t\t<\/div>\n\t\t","protected":false},"excerpt":{"rendered":"<p>Pol\u00edtica de Privacidad Condiciones Generales de Uso: Por favor lea las siguientes condiciones generales antes de hacer uso de este Sitio. Su posterior uso significar\u00e1 la aceptaci\u00f3n de todas las condiciones abajo detalladas. Responsabilidad Legal: CAUX International Group&nbsp;(CAUXIG) se libera expresamente de toda responsabilidad legal por cualquier da\u00f1o, p\u00e9rdida o lesi\u00f3n como resultado de las &hellip;<\/p>\n<p class=\"read-more\"> <a class=\"\" href=\"https:\/\/cauxig.com\/hospitality\/politica-de-privacidad\/\"> <span class=\"screen-reader-text\">Pol\u00edtica de Privacidad<\/span> Leer m\u00e1s &raquo;<\/a><\/p>\n","protected":false},"author":1,"featured_media":0,"parent":0,"menu_order":0,"comment_status":"closed","ping_status":"closed","template":"","meta":{"footnotes":""},"class_list":["post-3214","page","type-page","status-publish","hentry"],"_links":{"self":[{"href":"https:\/\/cauxig.com\/hospitality\/wp-json\/wp\/v2\/pages\/3214","targetHints":{"allow":["GET"]}}],"collection":[{"href":"https:\/\/cauxig.com\/hospitality\/wp-json\/wp\/v2\/pages"}],"about":[{"href":"https:\/\/cauxig.com\/hospitality\/wp-json\/wp\/v2\/types\/page"}],"author":[{"embeddable":true,"href":"https:\/\/cauxig.com\/hospitality\/wp-json\/wp\/v2\/users\/1"}],"replies":[{"embeddable":true,"href":"https:\/\/cauxig.com\/hospitality\/wp-json\/wp\/v2\/comments?post=3214"}],"version-history":[{"count":21,"href":"https:\/\/cauxig.com\/hospitality\/wp-json\/wp\/v2\/pages\/3214\/revisions"}],"predecessor-version":[{"id":4947,"href":"https:\/\/cauxig.com\/hospitality\/wp-json\/wp\/v2\/pages\/3214\/revisions\/4947"}],"wp:attachment":[{"href":"https:\/\/cauxig.com\/hospitality\/wp-json\/wp\/v2\/media?parent=3214"}],"curies":[{"name":"wp","href":"https:\/\/api.w.org\/{rel}","templated":true}]}}