{"id":3200,"date":"2020-10-08T00:09:52","date_gmt":"2020-10-08T00:09:52","guid":{"rendered":"https:\/\/cauxig.com\/cauxnueva\/caux_hospitality\/?page_id=3200"},"modified":"2021-07-27T17:46:15","modified_gmt":"2021-07-27T17:46:15","slug":"tramitar-visa-de-eeuu","status":"publish","type":"page","link":"https:\/\/cauxig.com\/hospitality\/tramitar-visa-de-eeuu\/","title":{"rendered":"Tramitar Visa de EEUU"},"content":{"rendered":"\t\t<div data-elementor-type=\"wp-page\" data-elementor-id=\"3200\" class=\"elementor elementor-3200\">\n\t\t\t\t\t\t<section class=\"elementor-section elementor-top-section elementor-element elementor-element-c471d01 elementor-section-boxed elementor-section-height-default elementor-section-height-default\" data-id=\"c471d01\" data-element_type=\"section\" data-settings=\"{&quot;background_background&quot;:&quot;classic&quot;}\">\n\t\t\t\t\t\t\t<div class=\"elementor-background-overlay\"><\/div>\n\t\t\t\t\t\t\t<div class=\"elementor-container elementor-column-gap-no\">\n\t\t\t\t\t<div class=\"elementor-column elementor-col-100 elementor-top-column elementor-element elementor-element-fbfb908\" data-id=\"fbfb908\" data-element_type=\"column\">\n\t\t\t<div class=\"elementor-widget-wrap elementor-element-populated\">\n\t\t\t\t\t\t<div class=\"elementor-element elementor-element-7a765cc elementor-widget elementor-widget-heading\" data-id=\"7a765cc\" data-element_type=\"widget\" data-widget_type=\"heading.default\">\n\t\t\t\t<div class=\"elementor-widget-container\">\n\t\t\t\t\t<h1 class=\"elementor-heading-title elementor-size-default\">Tramitar Visa de EEUU<\/h1>\t\t\t\t<\/div>\n\t\t\t\t<\/div>\n\t\t\t\t<div class=\"elementor-element elementor-element-a6ee75c elementor-widget-divider--view-line elementor-widget elementor-widget-divider\" data-id=\"a6ee75c\" data-element_type=\"widget\" data-widget_type=\"divider.default\">\n\t\t\t\t<div class=\"elementor-widget-container\">\n\t\t\t\t\t\t\t<div class=\"elementor-divider\">\n\t\t\t<span class=\"elementor-divider-separator\">\n\t\t\t\t\t\t<\/span>\n\t\t<\/div>\n\t\t\t\t\t\t<\/div>\n\t\t\t\t<\/div>\n\t\t\t\t\t<\/div>\n\t\t<\/div>\n\t\t\t\t\t<\/div>\n\t\t<\/section>\n\t\t\t\t<section class=\"elementor-section elementor-top-section elementor-element elementor-element-66c6bda elementor-section-boxed elementor-section-height-default elementor-section-height-default\" data-id=\"66c6bda\" data-element_type=\"section\">\n\t\t\t\t\t\t<div class=\"elementor-container elementor-column-gap-default\">\n\t\t\t\t\t<div class=\"elementor-column elementor-col-100 elementor-top-column elementor-element elementor-element-7e727fc\" data-id=\"7e727fc\" data-element_type=\"column\">\n\t\t\t<div class=\"elementor-widget-wrap elementor-element-populated\">\n\t\t\t\t\t\t<div class=\"elementor-element elementor-element-b235ed5 elementor-widget elementor-widget-text-editor\" data-id=\"b235ed5\" data-element_type=\"widget\" data-widget_type=\"text-editor.default\">\n\t\t\t\t<div class=\"elementor-widget-container\">\n\t\t\t\t\t\t\t\t\t<p>Es importante que el d\u00eda de la entrevista lleve consigo la mayor cantidad posible de documentos respaldatorios respecto de su situaci\u00f3n legal y econ\u00f3mica, de modo tal que quede demostrado su arraigo al pa\u00eds de origen.<\/p><p>Es importante aclarar que la solicitud de la Visa es un tr\u00e1mite personal y no existen gestores autorizados por el Gobierno de Estados Unidos con lo cual no se deje influenciar por anuncios que pueda ver en Internet.<\/p><p>El d\u00eda de la entrevista deber\u00e1 presentar la siguiente documentaci\u00f3n:<\/p><ul><li>CV<\/li><li>Pasaporte vigente<\/li><li>Formulario DS160<\/li><li>Extractos bancarios<\/li><li>Res\u00famenes de tarjetas de cr\u00e9dito<\/li><li>T\u00edtulos de propiedad automotor o de vivienda<\/li><li>En caso de estar casado y tener hijo documentaci\u00f3n respaldatoria de esta situaci\u00f3n (libreta de casamiento, partida de nacimiento de hijos, etc.)<\/li><\/ul><p>Si Usted va a <strong>Trabajar en Cruceros<\/strong> deber\u00e1 solicitar la Visa tipo C1\/D y adem\u00e1s de las documentaci\u00f3n mencionada l\u00edneas arriba tambi\u00e9n deber\u00e1 presentar el d\u00eda de la cita en el Consulado el <strong>Contrato de trabajo o Carta de Embarque emitida por la Compa\u00f1\u00eda de Cruceros.<\/strong><\/p><p>Si Usted va a realizar una <strong>Pasant\u00eda Rentada en un Hotel<\/strong> <strong>deber\u00e1 solicitar la Visa tipo J1<\/strong> y adem\u00e1s de las documentaci\u00f3n mencionada l\u00edneas arriba tambi\u00e9n deber\u00e1 presentar el d\u00eda de la cita en el Consulado:<\/p><ol><li>el <strong>Formulario DS7002<\/strong> completo y firmado por empleado y empleador<\/li><li><strong>Formulario DS2019<\/strong> emitido por el empleador<\/li><li>Comprobante de <strong>SEVIS fee<\/strong><\/li><\/ol><p>Si Usted va a <strong>trabajar temporalmente en un Hotel o Country Club de Estados Unidos deber\u00e1 solicitar la Visa tipo H2B<\/strong> y el d\u00eda de la cita en el Consulado adem\u00e1s de la documentaci\u00f3n mencionada l\u00edneas arriba tambi\u00e9n deber\u00e1 presentar:<\/p><ol><li>Carta de Oferta de empleo firmada por empleado y empleador<\/li><li>Certificado de Aprobaci\u00f3n de Petici\u00f3n enviada por el empleador<\/li><\/ol><p>Toda la informaci\u00f3n suministrada en esta web es referencial y orientativa y puede sufrir alteraciones por lo cual aconsejamos fervientemente consultar la p\u00e1gina web del Consulado de Estados Unidos en su pa\u00eds.<\/p>\t\t\t\t\t\t\t\t<\/div>\n\t\t\t\t<\/div>\n\t\t\t\t\t<\/div>\n\t\t<\/div>\n\t\t\t\t\t<\/div>\n\t\t<\/section>\n\t\t\t\t<\/div>\n\t\t","protected":false},"excerpt":{"rendered":"<p>Tramitar Visa de EEUU Es importante que el d\u00eda de la entrevista lleve consigo la mayor cantidad posible de documentos respaldatorios respecto de su situaci\u00f3n legal y econ\u00f3mica, de modo tal que quede demostrado su arraigo al pa\u00eds de origen. Es importante aclarar que la solicitud de la Visa es un tr\u00e1mite personal y no &hellip;<\/p>\n<p class=\"read-more\"> <a class=\"\" href=\"https:\/\/cauxig.com\/hospitality\/tramitar-visa-de-eeuu\/\"> <span class=\"screen-reader-text\">Tramitar Visa de EEUU<\/span> Leer m\u00e1s &raquo;<\/a><\/p>\n","protected":false},"author":1,"featured_media":0,"parent":0,"menu_order":0,"comment_status":"closed","ping_status":"closed","template":"","meta":{"footnotes":""},"class_list":["post-3200","page","type-page","status-publish","hentry"],"_links":{"self":[{"href":"https:\/\/cauxig.com\/hospitality\/wp-json\/wp\/v2\/pages\/3200","targetHints":{"allow":["GET"]}}],"collection":[{"href":"https:\/\/cauxig.com\/hospitality\/wp-json\/wp\/v2\/pages"}],"about":[{"href":"https:\/\/cauxig.com\/hospitality\/wp-json\/wp\/v2\/types\/page"}],"author":[{"embeddable":true,"href":"https:\/\/cauxig.com\/hospitality\/wp-json\/wp\/v2\/users\/1"}],"replies":[{"embeddable":true,"href":"https:\/\/cauxig.com\/hospitality\/wp-json\/wp\/v2\/comments?post=3200"}],"version-history":[{"count":29,"href":"https:\/\/cauxig.com\/hospitality\/wp-json\/wp\/v2\/pages\/3200\/revisions"}],"predecessor-version":[{"id":4941,"href":"https:\/\/cauxig.com\/hospitality\/wp-json\/wp\/v2\/pages\/3200\/revisions\/4941"}],"wp:attachment":[{"href":"https:\/\/cauxig.com\/hospitality\/wp-json\/wp\/v2\/media?parent=3200"}],"curies":[{"name":"wp","href":"https:\/\/api.w.org\/{rel}","templated":true}]}}