{"id":3198,"date":"2020-10-08T00:10:14","date_gmt":"2020-10-08T00:10:14","guid":{"rendered":"https:\/\/cauxig.com\/cauxnueva\/caux_hospitality\/?page_id=3198"},"modified":"2021-07-27T17:45:18","modified_gmt":"2021-07-27T17:45:18","slug":"tips-para-armar-su-cv","status":"publish","type":"page","link":"https:\/\/cauxig.com\/hospitality\/tips-para-armar-su-cv\/","title":{"rendered":"TIPs para armar su CV"},"content":{"rendered":"\t\t<div data-elementor-type=\"wp-page\" data-elementor-id=\"3198\" class=\"elementor elementor-3198\">\n\t\t\t\t\t\t<section class=\"elementor-section elementor-top-section elementor-element elementor-element-c3b1b88 elementor-section-boxed elementor-section-height-default elementor-section-height-default\" data-id=\"c3b1b88\" data-element_type=\"section\" data-settings=\"{&quot;background_background&quot;:&quot;classic&quot;}\">\n\t\t\t\t\t\t\t<div class=\"elementor-background-overlay\"><\/div>\n\t\t\t\t\t\t\t<div class=\"elementor-container elementor-column-gap-no\">\n\t\t\t\t\t<div class=\"elementor-column elementor-col-100 elementor-top-column elementor-element elementor-element-7454702\" data-id=\"7454702\" data-element_type=\"column\">\n\t\t\t<div class=\"elementor-widget-wrap elementor-element-populated\">\n\t\t\t\t\t\t<div class=\"elementor-element elementor-element-5e537e8 elementor-widget elementor-widget-heading\" data-id=\"5e537e8\" data-element_type=\"widget\" data-widget_type=\"heading.default\">\n\t\t\t\t<div class=\"elementor-widget-container\">\n\t\t\t\t\t<h1 class=\"elementor-heading-title elementor-size-default\">TIPs para Armar su CV<\/h1>\t\t\t\t<\/div>\n\t\t\t\t<\/div>\n\t\t\t\t<div class=\"elementor-element elementor-element-9d5bc2a elementor-widget-divider--view-line elementor-widget elementor-widget-divider\" data-id=\"9d5bc2a\" data-element_type=\"widget\" data-widget_type=\"divider.default\">\n\t\t\t\t<div class=\"elementor-widget-container\">\n\t\t\t\t\t\t\t<div class=\"elementor-divider\">\n\t\t\t<span class=\"elementor-divider-separator\">\n\t\t\t\t\t\t<\/span>\n\t\t<\/div>\n\t\t\t\t\t\t<\/div>\n\t\t\t\t<\/div>\n\t\t\t\t\t<\/div>\n\t\t<\/div>\n\t\t\t\t\t<\/div>\n\t\t<\/section>\n\t\t\t\t<section class=\"elementor-section elementor-top-section elementor-element elementor-element-dde5d13 elementor-section-boxed elementor-section-height-default elementor-section-height-default\" data-id=\"dde5d13\" data-element_type=\"section\">\n\t\t\t\t\t\t<div class=\"elementor-container elementor-column-gap-default\">\n\t\t\t\t\t<div class=\"elementor-column elementor-col-100 elementor-top-column elementor-element elementor-element-1992e53\" data-id=\"1992e53\" data-element_type=\"column\">\n\t\t\t<div class=\"elementor-widget-wrap elementor-element-populated\">\n\t\t\t\t\t\t<div class=\"elementor-element elementor-element-d8a2ee3 elementor-widget elementor-widget-text-editor\" data-id=\"d8a2ee3\" data-element_type=\"widget\" data-widget_type=\"text-editor.default\">\n\t\t\t\t<div class=\"elementor-widget-container\">\n\t\t\t\t\t\t\t\t\t<p>Su\u00a0CV o Curriculum Vitae es la \u00fanica y mejor herramienta que tiene para darse a conocer y causar excelente primera impresi\u00f3n, por lo tanto debe ser lo mas atractivo e interesante posible de modo tal que capte la atenci\u00f3n del lector. Recuerde que el objetivo es que el empleador al leer su CV tome la decisi\u00f3n de convocarlo para una entrevista. Es por ello que cuanto mejor presentado est\u00e9 mayores seran las posibilidades que tendr\u00e1 en obtener la posici\u00f3n tan deseada.<\/p>\t\t\t\t\t\t\t\t<\/div>\n\t\t\t\t<\/div>\n\t\t\t\t<div class=\"elementor-element elementor-element-7db84d6 elementor-widget elementor-widget-button\" data-id=\"7db84d6\" data-element_type=\"widget\" data-widget_type=\"button.default\">\n\t\t\t\t<div class=\"elementor-widget-container\">\n\t\t\t\t\t\t\t\t\t<div class=\"elementor-button-wrapper\">\n\t\t\t\t\t<a class=\"elementor-button elementor-button-link elementor-size-sm\" href=\"https:\/\/cauxig.com\/hospitality\/wp-content\/uploads\/2021\/05\/CV-Sample.doc\">\n\t\t\t\t\t\t<span class=\"elementor-button-content-wrapper\">\n\t\t\t\t\t\t\t\t\t<span class=\"elementor-button-text\">Descargue Nuestro Modelo de CV<\/span>\n\t\t\t\t\t<\/span>\n\t\t\t\t\t<\/a>\n\t\t\t\t<\/div>\n\t\t\t\t\t\t\t\t<\/div>\n\t\t\t\t<\/div>\n\t\t\t\t\t<\/div>\n\t\t<\/div>\n\t\t\t\t\t<\/div>\n\t\t<\/section>\n\t\t\t\t<section class=\"elementor-section elementor-top-section elementor-element elementor-element-f204d66 elementor-section-boxed elementor-section-height-default elementor-section-height-default\" data-id=\"f204d66\" data-element_type=\"section\">\n\t\t\t\t\t\t<div class=\"elementor-container elementor-column-gap-default\">\n\t\t\t\t\t<div class=\"elementor-column elementor-col-100 elementor-top-column elementor-element elementor-element-3dcd3e2\" data-id=\"3dcd3e2\" data-element_type=\"column\">\n\t\t\t<div class=\"elementor-widget-wrap elementor-element-populated\">\n\t\t\t\t\t\t<div class=\"elementor-element elementor-element-f1306e7 elementor-widget elementor-widget-text-editor\" data-id=\"f1306e7\" data-element_type=\"widget\" data-widget_type=\"text-editor.default\">\n\t\t\t\t<div class=\"elementor-widget-container\">\n\t\t\t\t\t\t\t\t\t<p>Existen muchas formas de armar un CV lo cual\u00a0depender\u00e1 de los usos, costumbres e incluso leyes de cada pa\u00eds. Nuestros clientes utilizan el formato Estadounidense por ende si desea presentarse a alguna de nuestras vacantes lo correcto es modificar su CV de acuerdo a sus exigencias. A continuaci\u00f3n le daremos una serie de consejos para que pueda\u00a0<strong>armar\u00a0su CV seg\u00fan el formato\u00a0Estadounidense<\/strong>\u00a0lo cual le permitir\u00e1 incrementar sus posibilidades de lograr una entrevista.<\/p><p>As\u00ed mismo podr\u00e1\u00a0encontrar mayor informaci\u00f3n y datos \u00fatiles\u00a0las siguientes p\u00e1ginas web:<\/p><ul><li><a href=\"http:\/\/www.careerperfect.com\/\" target=\"_blank\" rel=\"noopener noreferrer\">www.careerperfect.com<\/a><\/li><li><a href=\"http:\/\/www.resume-resource.com\/\" target=\"_blank\" rel=\"noopener noreferrer\">www.resume-resource.com<\/a><\/li><li><a href=\"http:\/\/career-advice.monster.com\/\" target=\"_blank\" rel=\"noopener noreferrer\">career-advice.monster.com<\/a><\/li><\/ul><p>De acuerdo al formato Estadounidense el CV debe respetar los siguientes lineamientos:<\/p><ol><li><div>Formato Word o PDF<\/div><\/li><li><div>En idioma\u00a0ingles<\/div><\/li><li><div>Foto 4\u00d74<\/div><\/li><li><div>Datos personales completos: Nombre y Apellido, direcci\u00f3n postal, email,\u00a0 usuario Skype, tel\u00e9fono\u00a0fijo y\u00a0m\u00f3vil (incluyendo c\u00f3digo de pa\u00eds y de\u00a0\u00e1rea para llamar desde el exterior),\u00a0fecha de nacimiento, nacionalidad,\u00a0estado civil, n\u00ba pasaporte y fecha de vencimiento, Visa C1\/D y vencimiento (si aplica).<\/div><\/li><li><div>Debe estar escrito de forma clara y concisa.<\/div><\/li><li><div>En \u201cEducaci\u00f3n\u201d indicar nombre completo de las Instituciones educativa\u00a0mencionando nivel alcanzado y las fechas (mes y a\u00f1o) de inicio y finalizaci\u00f3n\/graduaci\u00f3n.<\/div><\/li><li>En \u201cExperiencia Laboral\u201d indicar todas las realizadas a la fecha desde\u00a0la m\u00e1s reciente a\u00a0la m\u00e1s antigua.\u00a0Indicar\u00a0Empresa, direcci\u00f3n completa (incluyendo\u00a0localidad y Pa\u00eds), tipo de establecimiento, categorizaci\u00f3n,\u00a0sitio web.<\/li><li>Breve descripci\u00f3n de tareas realizadas (m\u00e1ximo 2 l\u00edneas).<\/li><li>En caso de puestos de Liderazgos, consignar cantidad de personas a cargo. Indicar capacidad del estableciemiento en t\u00e9rminos de cantidad de\u00a0comensales,\u00a0huespedes, pasajeros,\u00a0habitaciones, etc. En caso de supervisar mas de un sector especificar cuales, que tipo de eventos se realizan y para cuantas personas, con que periodicidad, etc. (toda informaci\u00f3n que de una idea de la envergadura de la operaci\u00f3n).<\/li><li>Definir la posici\u00f3n\u00a0 y per\u00edodos precisos (desde y hasta, incluyendo mes y a\u00f1o) en cada caso De producirse alguna superposici\u00f3n laboral, indicar horarios y\/o d\u00edas de las mismas.<\/li><li>Mencionar todos los\u00a0entrenamientos, pasant\u00edas y\/o docencias.<\/li><li>Si hubiera m\u00e1s de una posici\u00f3n desarrollada en el per\u00edodo contractual, definir cada una dando cuenta de la evoluci\u00f3n de tareas.<\/li><li>Idiomas que\u00a0domina\u00a0indicando\u00a0el nivel de cada uno de ellos (incluir lengua materna). En caso de contar con certificaciones internacionales mencionarlas.<\/li><li><div>Indicar al pie dos a tres referencias laborales.<\/div><\/li><\/ol>\t\t\t\t\t\t\t\t<\/div>\n\t\t\t\t<\/div>\n\t\t\t\t\t<\/div>\n\t\t<\/div>\n\t\t\t\t\t<\/div>\n\t\t<\/section>\n\t\t\t\t<\/div>\n\t\t","protected":false},"excerpt":{"rendered":"<p>TIPs para Armar su CV Su\u00a0CV o Curriculum Vitae es la \u00fanica y mejor herramienta que tiene para darse a conocer y causar excelente primera impresi\u00f3n, por lo tanto debe ser lo mas atractivo e interesante posible de modo tal que capte la atenci\u00f3n del lector. Recuerde que el objetivo es que el empleador al &hellip;<\/p>\n<p class=\"read-more\"> <a class=\"\" href=\"https:\/\/cauxig.com\/hospitality\/tips-para-armar-su-cv\/\"> <span class=\"screen-reader-text\">TIPs para armar su CV<\/span> Leer m\u00e1s &raquo;<\/a><\/p>\n","protected":false},"author":1,"featured_media":0,"parent":0,"menu_order":0,"comment_status":"closed","ping_status":"closed","template":"","meta":{"footnotes":""},"class_list":["post-3198","page","type-page","status-publish","hentry"],"_links":{"self":[{"href":"https:\/\/cauxig.com\/hospitality\/wp-json\/wp\/v2\/pages\/3198","targetHints":{"allow":["GET"]}}],"collection":[{"href":"https:\/\/cauxig.com\/hospitality\/wp-json\/wp\/v2\/pages"}],"about":[{"href":"https:\/\/cauxig.com\/hospitality\/wp-json\/wp\/v2\/types\/page"}],"author":[{"embeddable":true,"href":"https:\/\/cauxig.com\/hospitality\/wp-json\/wp\/v2\/users\/1"}],"replies":[{"embeddable":true,"href":"https:\/\/cauxig.com\/hospitality\/wp-json\/wp\/v2\/comments?post=3198"}],"version-history":[{"count":24,"href":"https:\/\/cauxig.com\/hospitality\/wp-json\/wp\/v2\/pages\/3198\/revisions"}],"predecessor-version":[{"id":4938,"href":"https:\/\/cauxig.com\/hospitality\/wp-json\/wp\/v2\/pages\/3198\/revisions\/4938"}],"wp:attachment":[{"href":"https:\/\/cauxig.com\/hospitality\/wp-json\/wp\/v2\/media?parent=3198"}],"curies":[{"name":"wp","href":"https:\/\/api.w.org\/{rel}","templated":true}]}}