{"id":3175,"date":"2020-10-07T23:18:56","date_gmt":"2020-10-07T23:18:56","guid":{"rendered":"https:\/\/cauxig.com\/cauxnueva\/caux_hospitality\/?page_id=3175"},"modified":"2025-07-08T13:42:31","modified_gmt":"2025-07-08T13:42:31","slug":"trabajo-en-hoteles-de-eeuu-con-visa-h2b","status":"publish","type":"page","link":"https:\/\/cauxig.com\/hospitality\/trabajo-en-hoteles\/trabajo-en-hoteles-de-eeuu-con-visa-h2b\/","title":{"rendered":"Trabajo en Hoteles de EEUU con Visa H2B"},"content":{"rendered":"\t\t<div data-elementor-type=\"wp-page\" data-elementor-id=\"3175\" class=\"elementor elementor-3175\">\n\t\t\t\t\t\t<section class=\"elementor-section elementor-top-section elementor-element elementor-element-0eb7446 elementor-section-boxed elementor-section-height-default elementor-section-height-default\" data-id=\"0eb7446\" data-element_type=\"section\" data-settings=\"{&quot;background_background&quot;:&quot;classic&quot;}\">\n\t\t\t\t\t\t\t<div class=\"elementor-background-overlay\"><\/div>\n\t\t\t\t\t\t\t<div class=\"elementor-container elementor-column-gap-no\">\n\t\t\t\t\t<div class=\"elementor-column elementor-col-100 elementor-top-column elementor-element elementor-element-7883a1e\" data-id=\"7883a1e\" data-element_type=\"column\">\n\t\t\t<div class=\"elementor-widget-wrap elementor-element-populated\">\n\t\t\t\t\t\t<div class=\"elementor-element elementor-element-c73f376 elementor-widget elementor-widget-heading\" data-id=\"c73f376\" data-element_type=\"widget\" data-widget_type=\"heading.default\">\n\t\t\t\t<div class=\"elementor-widget-container\">\n\t\t\t\t\t<h1 class=\"elementor-heading-title elementor-size-default\">Trabajo en Hoteles de EEUU con Visa H2B<\/h1>\t\t\t\t<\/div>\n\t\t\t\t<\/div>\n\t\t\t\t<div class=\"elementor-element elementor-element-9ab635b elementor-widget-divider--view-line elementor-widget elementor-widget-divider\" data-id=\"9ab635b\" data-element_type=\"widget\" data-widget_type=\"divider.default\">\n\t\t\t\t<div class=\"elementor-widget-container\">\n\t\t\t\t\t\t\t<div class=\"elementor-divider\">\n\t\t\t<span class=\"elementor-divider-separator\">\n\t\t\t\t\t\t<\/span>\n\t\t<\/div>\n\t\t\t\t\t\t<\/div>\n\t\t\t\t<\/div>\n\t\t\t\t\t<\/div>\n\t\t<\/div>\n\t\t\t\t\t<\/div>\n\t\t<\/section>\n\t\t\t\t<section class=\"elementor-section elementor-top-section elementor-element elementor-element-d5d66dc elementor-section-boxed elementor-section-height-default elementor-section-height-default\" data-id=\"d5d66dc\" data-element_type=\"section\">\n\t\t\t\t\t\t<div class=\"elementor-container elementor-column-gap-default\">\n\t\t\t\t\t<div class=\"elementor-column elementor-col-50 elementor-top-column elementor-element elementor-element-114b643\" data-id=\"114b643\" data-element_type=\"column\">\n\t\t\t<div class=\"elementor-widget-wrap elementor-element-populated\">\n\t\t\t\t\t\t<div class=\"elementor-element elementor-element-e9c0725 elementor-widget elementor-widget-text-editor\" data-id=\"e9c0725\" data-element_type=\"widget\" data-widget_type=\"text-editor.default\">\n\t\t\t\t<div class=\"elementor-widget-container\">\n\t\t\t\t\t\t\t\t\t<p>Si estas buscando una oportunidad para iniciar o continuar con tu carrera internacional en la Industria de la Hospitalidad el&nbsp;<span style=\"font-size: 18px; font-style: normal; font-weight: bold; color: var( --e-global-color-text );\">Visado H2B&nbsp;de Trabajo Temporal en Estados Unidos&nbsp;<\/span><span style=\"font-size: 18px; color: var( --e-global-color-text );\">es una excelente alternativa. <\/span><span style=\"font-size: 18px; color: var( --e-global-color-text );\">Este Visado te permitir\u00e1 trabajar para un empleador determinado durante un per\u00edodo espec\u00edfico que suele rondar los 6 meses y una vez finalizado el contrato podr\u00e1s <b>renovar la Visa H2B<\/b> con otro empleador (y as\u00ed sucesivamente hasta por 3 a\u00f1os). Los empleadores H2B con los que trabajamos son&nbsp;<\/span><strong style=\"font-size: 18px; color: var( --e-global-color-text );\">Country Clubs, Restaurantes y algunos Hoteles&nbsp;<\/strong><span style=\"font-size: 18px; color: var( --e-global-color-text );\">ubicados en los estados de la <\/span><strong style=\"font-size: 18px; color: var( --e-global-color-text );\">Florida, New Jersey, Montana, Utah, Illinois, Vermont, South Dakota, North Carolina,&nbsp;<\/strong><strong style=\"font-size: 18px; color: var( --e-global-color-text );\">Massachusets,<\/strong><span style=\"font-size: 18px; color: var( --e-global-color-text );\">&nbsp;<b>Pennsylvania<\/b>, entre otros. Existen 2 temporadas, la de mayor demanda es la de invierno que va<\/span><span style=\"font-size: 18px; font-style: normal; color: var( --e-global-color-text ); font-weight: bold;\">&nbsp;<\/span><span style=\"font-size: 18px; color: var( --e-global-color-text );\">desde&nbsp;<\/span><span style=\"font-size: 18px; color: var( --e-global-color-text ); font-weight: bold;\">Septiembre\/Octubre hasta Abril\/Mayo&nbsp;<\/span><span style=\"font-size: 18px; color: var( --e-global-color-text );\">y la de verano que va de Abril\/Mayo a Agosto\/Septiembre.<\/span><\/p>\n<p><span style=\"font-size: 18px; color: var( --e-global-color-text );\">Usualmente comenzamos con el proceso de selecci\u00f3n para la temporada de mayor demanda (invierno) en el mes de Abril de cada a\u00f1o por lo que sugerimos seguirnos en las redes para poder postular ni bien iniciemos con el proceso.<\/span><\/p>\t\t\t\t\t\t\t\t<\/div>\n\t\t\t\t<\/div>\n\t\t\t\t\t<\/div>\n\t\t<\/div>\n\t\t\t\t<div class=\"elementor-column elementor-col-50 elementor-top-column elementor-element elementor-element-d3eeb02\" data-id=\"d3eeb02\" data-element_type=\"column\">\n\t\t\t<div class=\"elementor-widget-wrap elementor-element-populated\">\n\t\t\t\t\t\t<div class=\"elementor-element elementor-element-1ab2eea elementor-hidden-tablet elementor-hidden-phone elementor-widget elementor-widget-spacer\" data-id=\"1ab2eea\" data-element_type=\"widget\" data-widget_type=\"spacer.default\">\n\t\t\t\t<div class=\"elementor-widget-container\">\n\t\t\t\t\t\t\t<div class=\"elementor-spacer\">\n\t\t\t<div class=\"elementor-spacer-inner\"><\/div>\n\t\t<\/div>\n\t\t\t\t\t\t<\/div>\n\t\t\t\t<\/div>\n\t\t\t\t<div class=\"elementor-element elementor-element-4a3c98e elementor-widget elementor-widget-image\" data-id=\"4a3c98e\" data-element_type=\"widget\" data-widget_type=\"image.default\">\n\t\t\t\t<div class=\"elementor-widget-container\">\n\t\t\t\t\t\t\t\t\t\t\t\t\t\t\t<img fetchpriority=\"high\" decoding=\"async\" width=\"448\" height=\"294\" src=\"https:\/\/cauxig.com\/hospitality\/wp-content\/uploads\/2021\/01\/Visa-H2B.jpg\" class=\"attachment-large size-large wp-image-3728\" alt=\"\" srcset=\"https:\/\/cauxig.com\/hospitality\/wp-content\/uploads\/2021\/01\/Visa-H2B.jpg 448w, https:\/\/cauxig.com\/hospitality\/wp-content\/uploads\/2021\/01\/Visa-H2B-300x197.jpg 300w\" sizes=\"(max-width: 448px) 100vw, 448px\" \/>\t\t\t\t\t\t\t\t\t\t\t\t\t\t\t<\/div>\n\t\t\t\t<\/div>\n\t\t\t\t\t<\/div>\n\t\t<\/div>\n\t\t\t\t\t<\/div>\n\t\t<\/section>\n\t\t\t\t<section class=\"elementor-section elementor-top-section elementor-element elementor-element-8df57e5 elementor-section-boxed elementor-section-height-default elementor-section-height-default\" data-id=\"8df57e5\" data-element_type=\"section\">\n\t\t\t\t\t\t<div class=\"elementor-container elementor-column-gap-default\">\n\t\t\t\t\t<div class=\"elementor-column elementor-col-100 elementor-top-column elementor-element elementor-element-b74cb6e\" data-id=\"b74cb6e\" data-element_type=\"column\">\n\t\t\t<div class=\"elementor-widget-wrap elementor-element-populated\">\n\t\t\t\t\t\t<div class=\"elementor-element elementor-element-78ebc68 elementor-widget elementor-widget-heading\" data-id=\"78ebc68\" data-element_type=\"widget\" data-widget_type=\"heading.default\">\n\t\t\t\t<div class=\"elementor-widget-container\">\n\t\t\t\t\t<h2 class=\"elementor-heading-title elementor-size-default\">BENEFICIOS:<\/h2>\t\t\t\t<\/div>\n\t\t\t\t<\/div>\n\t\t\t\t<div class=\"elementor-element elementor-element-d620b92 elementor-widget-divider--view-line elementor-widget elementor-widget-divider\" data-id=\"d620b92\" data-element_type=\"widget\" data-widget_type=\"divider.default\">\n\t\t\t\t<div class=\"elementor-widget-container\">\n\t\t\t\t\t\t\t<div class=\"elementor-divider\">\n\t\t\t<span class=\"elementor-divider-separator\">\n\t\t\t\t\t\t<\/span>\n\t\t<\/div>\n\t\t\t\t\t\t<\/div>\n\t\t\t\t<\/div>\n\t\t\t\t\t<\/div>\n\t\t<\/div>\n\t\t\t\t\t<\/div>\n\t\t<\/section>\n\t\t\t\t<section class=\"elementor-section elementor-top-section elementor-element elementor-element-190d25a elementor-section-boxed elementor-section-height-default elementor-section-height-default\" data-id=\"190d25a\" data-element_type=\"section\">\n\t\t\t\t\t\t<div class=\"elementor-container elementor-column-gap-default\">\n\t\t\t\t\t<div class=\"elementor-column elementor-col-50 elementor-top-column elementor-element elementor-element-e8e5e11\" data-id=\"e8e5e11\" data-element_type=\"column\">\n\t\t\t<div class=\"elementor-widget-wrap elementor-element-populated\">\n\t\t\t\t\t\t<div class=\"elementor-element elementor-element-d891480 elementor-hidden-tablet elementor-hidden-phone elementor-widget elementor-widget-spacer\" data-id=\"d891480\" data-element_type=\"widget\" data-widget_type=\"spacer.default\">\n\t\t\t\t<div class=\"elementor-widget-container\">\n\t\t\t\t\t\t\t<div class=\"elementor-spacer\">\n\t\t\t<div class=\"elementor-spacer-inner\"><\/div>\n\t\t<\/div>\n\t\t\t\t\t\t<\/div>\n\t\t\t\t<\/div>\n\t\t\t\t<div class=\"elementor-element elementor-element-e547672 elementor-widget elementor-widget-image\" data-id=\"e547672\" data-element_type=\"widget\" data-widget_type=\"image.default\">\n\t\t\t\t<div class=\"elementor-widget-container\">\n\t\t\t\t\t\t\t\t\t\t\t\t\t\t\t<img decoding=\"async\" width=\"448\" height=\"267\" src=\"https:\/\/cauxig.com\/hospitality\/wp-content\/uploads\/2021\/01\/Trabajo-en-Country-Clubs-de-Estados-Unidos.jpg\" class=\"attachment-large size-large wp-image-3729\" alt=\"\" srcset=\"https:\/\/cauxig.com\/hospitality\/wp-content\/uploads\/2021\/01\/Trabajo-en-Country-Clubs-de-Estados-Unidos.jpg 448w, https:\/\/cauxig.com\/hospitality\/wp-content\/uploads\/2021\/01\/Trabajo-en-Country-Clubs-de-Estados-Unidos-300x179.jpg 300w\" sizes=\"(max-width: 448px) 100vw, 448px\" \/>\t\t\t\t\t\t\t\t\t\t\t\t\t\t\t<\/div>\n\t\t\t\t<\/div>\n\t\t\t\t\t<\/div>\n\t\t<\/div>\n\t\t\t\t<div class=\"elementor-column elementor-col-50 elementor-top-column elementor-element elementor-element-9b319cd\" data-id=\"9b319cd\" data-element_type=\"column\">\n\t\t\t<div class=\"elementor-widget-wrap elementor-element-populated\">\n\t\t\t\t\t\t<div class=\"elementor-element elementor-element-e47e953 elementor-widget elementor-widget-text-editor\" data-id=\"e47e953\" data-element_type=\"widget\" data-widget_type=\"text-editor.default\">\n\t\t\t\t<div class=\"elementor-widget-container\">\n\t\t\t\t\t\t\t\t\t<ul>\n<li>Cero costo para el postulante<\/li>\n<li><strong>Visado H2B de Trabajo Temporal<\/strong>&nbsp;a cargo de la compa\u00f1\u00eda<\/li>\n<li>Per\u00edodo de contrato de aproximadamente 6 meses con la posibilidad de renovar con otro empleador H2B.<\/li>\n<li>Sueldo por hora acorde al mercado&nbsp;(a partir de las 40 horas semanales se abona un 50% m\u00e1s por hora)<\/li>\n<li>Toda la documentaci\u00f3n necesaria para gestionar el Visado<\/li>\n<li>Alojamiento con costo (aprox. USD100\/150 por semana) coordinado por el Empleador (opcional)<\/li>\n<li>Pasaje de Avi\u00f3n de ida y vuelta a cargo del empleador<\/li>\n<li>Comidas durante el horario de Trabajo<\/li>\n<li>Traslados del hotel a la vivienda<\/li>\n<li>Airport pick-up en destino<\/li>\n<li>Capacitaci\u00f3n, uniformes, etc.<\/li>\n<\/ul>\t\t\t\t\t\t\t\t<\/div>\n\t\t\t\t<\/div>\n\t\t\t\t\t<\/div>\n\t\t<\/div>\n\t\t\t\t\t<\/div>\n\t\t<\/section>\n\t\t\t\t<section class=\"elementor-section elementor-top-section elementor-element elementor-element-e276bdc elementor-section-boxed elementor-section-height-default elementor-section-height-default\" data-id=\"e276bdc\" data-element_type=\"section\">\n\t\t\t\t\t\t<div class=\"elementor-container elementor-column-gap-default\">\n\t\t\t\t\t<div class=\"elementor-column elementor-col-100 elementor-top-column elementor-element elementor-element-a7d0914\" data-id=\"a7d0914\" data-element_type=\"column\">\n\t\t\t<div class=\"elementor-widget-wrap elementor-element-populated\">\n\t\t\t\t\t\t<div class=\"elementor-element elementor-element-6e11b65 elementor-widget elementor-widget-heading\" data-id=\"6e11b65\" data-element_type=\"widget\" data-widget_type=\"heading.default\">\n\t\t\t\t<div class=\"elementor-widget-container\">\n\t\t\t\t\t<h2 class=\"elementor-heading-title elementor-size-default\">REQUISITOS:<\/h2>\t\t\t\t<\/div>\n\t\t\t\t<\/div>\n\t\t\t\t<div class=\"elementor-element elementor-element-de079d1 elementor-widget-divider--view-line elementor-widget elementor-widget-divider\" data-id=\"de079d1\" data-element_type=\"widget\" data-widget_type=\"divider.default\">\n\t\t\t\t<div class=\"elementor-widget-container\">\n\t\t\t\t\t\t\t<div class=\"elementor-divider\">\n\t\t\t<span class=\"elementor-divider-separator\">\n\t\t\t\t\t\t<\/span>\n\t\t<\/div>\n\t\t\t\t\t\t<\/div>\n\t\t\t\t<\/div>\n\t\t\t\t\t<\/div>\n\t\t<\/div>\n\t\t\t\t\t<\/div>\n\t\t<\/section>\n\t\t\t\t<section class=\"elementor-section elementor-top-section elementor-element elementor-element-f6bbcc7 elementor-section-boxed elementor-section-height-default elementor-section-height-default\" data-id=\"f6bbcc7\" data-element_type=\"section\">\n\t\t\t\t\t\t<div class=\"elementor-container elementor-column-gap-default\">\n\t\t\t\t\t<div class=\"elementor-column elementor-col-50 elementor-top-column elementor-element elementor-element-86fba83\" data-id=\"86fba83\" data-element_type=\"column\">\n\t\t\t<div class=\"elementor-widget-wrap elementor-element-populated\">\n\t\t\t\t\t\t<div class=\"elementor-element elementor-element-757d9a9 elementor-widget elementor-widget-text-editor\" data-id=\"757d9a9\" data-element_type=\"widget\" data-widget_type=\"text-editor.default\">\n\t\t\t\t<div class=\"elementor-widget-container\">\n\t\t\t\t\t\t\t\t\t<ul><li>Candidatos cuya nacionalidad se encuentre dentro del listado de pa\u00edses aprobados (Venezuela, Paraguay y Bolivia no est\u00e1n aprobados). Para saber si tu pa\u00eds est\u00e1 dentro del listado\u00a0<a href=\"https:\/\/www.uscis.gov\/working-in-the-united-states\/temporary-workers\/h-2b-temporary-non-agricultural-workers\" target=\"_blank\" rel=\"noopener\">haz click aqu\u00ed<\/a><\/li><li>Ambos sexos de entre 21 y 46 a\u00f1os<\/li><li>Muy buen\/excelente nivel de ingl\u00e9s<\/li><li>Cumplir con los requisitos espec\u00edficos de la posici\u00f3n a aplicar.<\/li><li>A todos los empleados se les realiza un test de droga al arribar a destino<\/li><\/ul>\t\t\t\t\t\t\t\t<\/div>\n\t\t\t\t<\/div>\n\t\t\t\t\t<\/div>\n\t\t<\/div>\n\t\t\t\t<div class=\"elementor-column elementor-col-50 elementor-top-column elementor-element elementor-element-5cf5285\" data-id=\"5cf5285\" data-element_type=\"column\">\n\t\t\t<div class=\"elementor-widget-wrap elementor-element-populated\">\n\t\t\t\t\t\t<div class=\"elementor-element elementor-element-668dbf7 elementor-widget elementor-widget-image\" data-id=\"668dbf7\" data-element_type=\"widget\" data-widget_type=\"image.default\">\n\t\t\t\t<div class=\"elementor-widget-container\">\n\t\t\t\t\t\t\t\t\t\t\t\t\t\t\t<img decoding=\"async\" width=\"448\" height=\"244\" src=\"https:\/\/cauxig.com\/hospitality\/wp-content\/uploads\/2021\/01\/Trabajos-en-EEUU-con-Visa-H2B.jpg\" class=\"attachment-large size-large wp-image-3730\" alt=\"\" srcset=\"https:\/\/cauxig.com\/hospitality\/wp-content\/uploads\/2021\/01\/Trabajos-en-EEUU-con-Visa-H2B.jpg 448w, https:\/\/cauxig.com\/hospitality\/wp-content\/uploads\/2021\/01\/Trabajos-en-EEUU-con-Visa-H2B-300x163.jpg 300w\" sizes=\"(max-width: 448px) 100vw, 448px\" \/>\t\t\t\t\t\t\t\t\t\t\t\t\t\t\t<\/div>\n\t\t\t\t<\/div>\n\t\t\t\t\t<\/div>\n\t\t<\/div>\n\t\t\t\t\t<\/div>\n\t\t<\/section>\n\t\t\t\t<section class=\"elementor-section elementor-top-section elementor-element elementor-element-b80c5d5 elementor-section-boxed elementor-section-height-default elementor-section-height-default\" data-id=\"b80c5d5\" data-element_type=\"section\">\n\t\t\t\t\t\t<div class=\"elementor-container elementor-column-gap-default\">\n\t\t\t\t\t<div class=\"elementor-column elementor-col-100 elementor-top-column elementor-element elementor-element-b4af5cf\" data-id=\"b4af5cf\" data-element_type=\"column\">\n\t\t\t<div class=\"elementor-widget-wrap elementor-element-populated\">\n\t\t\t\t\t\t<div class=\"elementor-element elementor-element-4edad68 elementor-widget elementor-widget-heading\" data-id=\"4edad68\" data-element_type=\"widget\" data-widget_type=\"heading.default\">\n\t\t\t\t<div class=\"elementor-widget-container\">\n\t\t\t\t\t<h2 class=\"elementor-heading-title elementor-size-default\">VACANTES EN HOTELES Y COUNTRY CLUBS DE EEUU:<\/h2>\t\t\t\t<\/div>\n\t\t\t\t<\/div>\n\t\t\t\t<div class=\"elementor-element elementor-element-7f8244a elementor-widget-divider--view-line elementor-widget elementor-widget-divider\" data-id=\"7f8244a\" data-element_type=\"widget\" data-widget_type=\"divider.default\">\n\t\t\t\t<div class=\"elementor-widget-container\">\n\t\t\t\t\t\t\t<div class=\"elementor-divider\">\n\t\t\t<span class=\"elementor-divider-separator\">\n\t\t\t\t\t\t<\/span>\n\t\t<\/div>\n\t\t\t\t\t\t<\/div>\n\t\t\t\t<\/div>\n\t\t\t\t<div class=\"elementor-element elementor-element-851216f elementor-widget elementor-widget-text-editor\" data-id=\"851216f\" data-element_type=\"widget\" data-widget_type=\"text-editor.default\">\n\t\t\t\t<div class=\"elementor-widget-container\">\n\t\t\t\t\t\t\t\t\t<p>Debajo encontrar\u00e1 nuestras actuales vacantes con Visa H2B en Hoteles, Restaurantes y Country Clubs de Estados Unidos tanto para Candidatos que se encuentren o puedan procesar su <b>Visa H2B Out of Country <\/b>como tambi\u00e9n opciones de extensi\u00f3n para Candidatos<b> In Country <\/b>que est\u00e9n buscando renovar su <b>Visa H2B<\/b>.<\/p>\t\t\t\t\t\t\t\t<\/div>\n\t\t\t\t<\/div>\n\t\t\t\t<div class=\"elementor-element elementor-element-6b82915 elementor-widget elementor-widget-spacer\" data-id=\"6b82915\" data-element_type=\"widget\" data-widget_type=\"spacer.default\">\n\t\t\t\t<div class=\"elementor-widget-container\">\n\t\t\t\t\t\t\t<div class=\"elementor-spacer\">\n\t\t\t<div class=\"elementor-spacer-inner\"><\/div>\n\t\t<\/div>\n\t\t\t\t\t\t<\/div>\n\t\t\t\t<\/div>\n\t\t\t\t<div class=\"elementor-element elementor-element-ef04f1c elementor-widget elementor-widget-heading\" data-id=\"ef04f1c\" data-element_type=\"widget\" data-widget_type=\"heading.default\">\n\t\t\t\t<div class=\"elementor-widget-container\">\n\t\t\t\t\t<h3 class=\"elementor-heading-title elementor-size-default\">Vacantes H2B para Candidatos OUT OF COUNTRY:<\/h3>\t\t\t\t<\/div>\n\t\t\t\t<\/div>\n\t\t\t\t<div class=\"elementor-element elementor-element-5e7893d elementor-widget-divider--view-line elementor-widget elementor-widget-divider\" data-id=\"5e7893d\" data-element_type=\"widget\" data-widget_type=\"divider.default\">\n\t\t\t\t<div class=\"elementor-widget-container\">\n\t\t\t\t\t\t\t<div class=\"elementor-divider\">\n\t\t\t<span class=\"elementor-divider-separator\">\n\t\t\t\t\t\t<\/span>\n\t\t<\/div>\n\t\t\t\t\t\t<\/div>\n\t\t\t\t<\/div>\n\t\t\t\t<div class=\"elementor-element elementor-element-7a8db20 elementor-widget elementor-widget-shortcode\" data-id=\"7a8db20\" data-element_type=\"widget\" data-widget_type=\"shortcode.default\">\n\t\t\t\t<div class=\"elementor-widget-container\">\n\t\t\t\t\t\t\t<div class=\"elementor-shortcode\">*** Actualmente no disponemos de vacantes ***<\/div>\n\t\t\t\t\t\t<\/div>\n\t\t\t\t<\/div>\n\t\t\t\t<div class=\"elementor-element elementor-element-04273ab elementor-widget elementor-widget-shortcode\" data-id=\"04273ab\" data-element_type=\"widget\" data-widget_type=\"shortcode.default\">\n\t\t\t\t<div class=\"elementor-widget-container\">\n\t\t\t\t\t\t\t<div class=\"elementor-shortcode\">wpDataTable with provided ID not found!<\/div>\n\t\t\t\t\t\t<\/div>\n\t\t\t\t<\/div>\n\t\t\t\t\t<\/div>\n\t\t<\/div>\n\t\t\t\t\t<\/div>\n\t\t<\/section>\n\t\t\t\t<section class=\"elementor-section elementor-top-section elementor-element elementor-element-9f2c47e elementor-section-boxed elementor-section-height-default elementor-section-height-default\" data-id=\"9f2c47e\" data-element_type=\"section\">\n\t\t\t\t\t\t<div class=\"elementor-container elementor-column-gap-default\">\n\t\t\t\t\t<div class=\"elementor-column elementor-col-100 elementor-top-column elementor-element elementor-element-29819c4\" data-id=\"29819c4\" data-element_type=\"column\">\n\t\t\t<div class=\"elementor-widget-wrap elementor-element-populated\">\n\t\t\t\t\t\t<div class=\"elementor-element elementor-element-5b0c71d elementor-widget elementor-widget-heading\" data-id=\"5b0c71d\" data-element_type=\"widget\" data-widget_type=\"heading.default\">\n\t\t\t\t<div class=\"elementor-widget-container\">\n\t\t\t\t\t<h3 class=\"elementor-heading-title elementor-size-default\"><span style=\"color: var( --e-global-color-primary );font-size: 24px;font-style: normal;font-weight: 600\">Vacantes H2B para Candidatos realizando <\/span>EXTENSIONES IN COUNTRY:<\/h3>\t\t\t\t<\/div>\n\t\t\t\t<\/div>\n\t\t\t\t<div class=\"elementor-element elementor-element-a223d3b elementor-widget-divider--view-line elementor-widget elementor-widget-divider\" data-id=\"a223d3b\" data-element_type=\"widget\" data-widget_type=\"divider.default\">\n\t\t\t\t<div class=\"elementor-widget-container\">\n\t\t\t\t\t\t\t<div class=\"elementor-divider\">\n\t\t\t<span class=\"elementor-divider-separator\">\n\t\t\t\t\t\t<\/span>\n\t\t<\/div>\n\t\t\t\t\t\t<\/div>\n\t\t\t\t<\/div>\n\t\t\t\t<div class=\"elementor-element elementor-element-c721571 elementor-widget elementor-widget-shortcode\" data-id=\"c721571\" data-element_type=\"widget\" data-widget_type=\"shortcode.default\">\n\t\t\t\t<div class=\"elementor-widget-container\">\n\t\t\t\t\t\t\t<div class=\"elementor-shortcode\">*** Actualmente no disponemos de vacantes ***<\/div>\n\t\t\t\t\t\t<\/div>\n\t\t\t\t<\/div>\n\t\t\t\t<div class=\"elementor-element elementor-element-e822d12 elementor-widget elementor-widget-shortcode\" data-id=\"e822d12\" data-element_type=\"widget\" data-widget_type=\"shortcode.default\">\n\t\t\t\t<div class=\"elementor-widget-container\">\n\t\t\t\t\t\t\t<div class=\"elementor-shortcode\">wpDataTable with provided ID not found!<\/div>\n\t\t\t\t\t\t<\/div>\n\t\t\t\t<\/div>\n\t\t\t\t\t<\/div>\n\t\t<\/div>\n\t\t\t\t\t<\/div>\n\t\t<\/section>\n\t\t\t\t<section class=\"elementor-section elementor-top-section elementor-element elementor-element-1bca7f2 elementor-section-content-middle elementor-section-boxed elementor-section-height-default elementor-section-height-default\" data-id=\"1bca7f2\" data-element_type=\"section\" data-settings=\"{&quot;background_background&quot;:&quot;classic&quot;}\">\n\t\t\t\t\t\t\t<div class=\"elementor-background-overlay\"><\/div>\n\t\t\t\t\t\t\t<div class=\"elementor-container elementor-column-gap-no\">\n\t\t\t\t\t<div class=\"elementor-column elementor-col-100 elementor-top-column elementor-element elementor-element-17db140\" data-id=\"17db140\" data-element_type=\"column\">\n\t\t\t<div class=\"elementor-widget-wrap elementor-element-populated\">\n\t\t\t\t\t\t<div class=\"elementor-element elementor-element-a87b2b4 elementor-widget elementor-widget-heading\" data-id=\"a87b2b4\" data-element_type=\"widget\" data-widget_type=\"heading.default\">\n\t\t\t\t<div class=\"elementor-widget-container\">\n\t\t\t\t\t<h4 class=\"elementor-heading-title elementor-size-default\">\u00bfQuieres trabajar en Estados Unidos con Visa H2B?<\/h4>\t\t\t\t<\/div>\n\t\t\t\t<\/div>\n\t\t\t\t<div class=\"elementor-element elementor-element-d550d4e elementor-widget elementor-widget-spacer\" data-id=\"d550d4e\" data-element_type=\"widget\" data-widget_type=\"spacer.default\">\n\t\t\t\t<div class=\"elementor-widget-container\">\n\t\t\t\t\t\t\t<div class=\"elementor-spacer\">\n\t\t\t<div class=\"elementor-spacer-inner\"><\/div>\n\t\t<\/div>\n\t\t\t\t\t\t<\/div>\n\t\t\t\t<\/div>\n\t\t\t\t<div class=\"elementor-element elementor-element-a41e275 elementor-align-center elementor-widget elementor-widget-button\" data-id=\"a41e275\" data-element_type=\"widget\" data-widget_type=\"button.default\">\n\t\t\t\t<div class=\"elementor-widget-container\">\n\t\t\t\t\t\t\t\t\t<div class=\"elementor-button-wrapper\">\n\t\t\t\t\t<a class=\"elementor-button elementor-button-link elementor-size-sm\" href=\"https:\/\/cauxig.com\/hospitality\/postulacion\/\">\n\t\t\t\t\t\t<span class=\"elementor-button-content-wrapper\">\n\t\t\t\t\t\t<span class=\"elementor-button-icon\">\n\t\t\t\t<i aria-hidden=\"true\" class=\"fas fa-angle-right\"><\/i>\t\t\t<\/span>\n\t\t\t\t\t\t\t\t\t<span class=\"elementor-button-text\">POSTULAR<\/span>\n\t\t\t\t\t<\/span>\n\t\t\t\t\t<\/a>\n\t\t\t\t<\/div>\n\t\t\t\t\t\t\t\t<\/div>\n\t\t\t\t<\/div>\n\t\t\t\t\t<\/div>\n\t\t<\/div>\n\t\t\t\t\t<\/div>\n\t\t<\/section>\n\t\t\t\t<\/div>\n\t\t","protected":false},"excerpt":{"rendered":"<p>Trabajo en Hoteles de EEUU con Visa H2B Si estas buscando una oportunidad para iniciar o continuar con tu carrera internacional en la Industria de la Hospitalidad el&nbsp;Visado H2B&nbsp;de Trabajo Temporal en Estados Unidos&nbsp;es una excelente alternativa. Este Visado te permitir\u00e1 trabajar para un empleador determinado durante un per\u00edodo espec\u00edfico que suele rondar los 6 &hellip;<\/p>\n<p class=\"read-more\"> <a class=\"\" href=\"https:\/\/cauxig.com\/hospitality\/trabajo-en-hoteles\/trabajo-en-hoteles-de-eeuu-con-visa-h2b\/\"> <span class=\"screen-reader-text\">Trabajo en Hoteles de EEUU con Visa H2B<\/span> Leer m\u00e1s &raquo;<\/a><\/p>\n","protected":false},"author":1,"featured_media":0,"parent":3089,"menu_order":0,"comment_status":"closed","ping_status":"closed","template":"","meta":{"footnotes":""},"class_list":["post-3175","page","type-page","status-publish","hentry"],"_links":{"self":[{"href":"https:\/\/cauxig.com\/hospitality\/wp-json\/wp\/v2\/pages\/3175","targetHints":{"allow":["GET"]}}],"collection":[{"href":"https:\/\/cauxig.com\/hospitality\/wp-json\/wp\/v2\/pages"}],"about":[{"href":"https:\/\/cauxig.com\/hospitality\/wp-json\/wp\/v2\/types\/page"}],"author":[{"embeddable":true,"href":"https:\/\/cauxig.com\/hospitality\/wp-json\/wp\/v2\/users\/1"}],"replies":[{"embeddable":true,"href":"https:\/\/cauxig.com\/hospitality\/wp-json\/wp\/v2\/comments?post=3175"}],"version-history":[{"count":108,"href":"https:\/\/cauxig.com\/hospitality\/wp-json\/wp\/v2\/pages\/3175\/revisions"}],"predecessor-version":[{"id":6181,"href":"https:\/\/cauxig.com\/hospitality\/wp-json\/wp\/v2\/pages\/3175\/revisions\/6181"}],"up":[{"embeddable":true,"href":"https:\/\/cauxig.com\/hospitality\/wp-json\/wp\/v2\/pages\/3089"}],"wp:attachment":[{"href":"https:\/\/cauxig.com\/hospitality\/wp-json\/wp\/v2\/media?parent=3175"}],"curies":[{"name":"wp","href":"https:\/\/api.w.org\/{rel}","templated":true}]}}