{"id":3133,"date":"2020-10-07T20:16:31","date_gmt":"2020-10-07T20:16:31","guid":{"rendered":"https:\/\/cauxig.com\/cauxnueva\/caux_hospitality\/?page_id=3133"},"modified":"2025-11-12T15:31:47","modified_gmt":"2025-11-12T15:31:47","slug":"pasantias-en-hoteles-de-espana","status":"publish","type":"page","link":"https:\/\/cauxig.com\/hospitality\/pasantias-en-hoteles\/pasantias-en-hoteles-de-espana\/","title":{"rendered":"Pasant\u00edas en Hoteles de Espa\u00f1a"},"content":{"rendered":"\t\t<div data-elementor-type=\"wp-page\" data-elementor-id=\"3133\" class=\"elementor elementor-3133\">\n\t\t\t\t\t\t<section class=\"elementor-section elementor-top-section elementor-element elementor-element-cd49f41 elementor-section-boxed elementor-section-height-default elementor-section-height-default\" data-id=\"cd49f41\" data-element_type=\"section\" data-settings=\"{&quot;background_background&quot;:&quot;classic&quot;}\">\n\t\t\t\t\t\t\t<div class=\"elementor-background-overlay\"><\/div>\n\t\t\t\t\t\t\t<div class=\"elementor-container elementor-column-gap-no\">\n\t\t\t\t\t<div class=\"elementor-column elementor-col-100 elementor-top-column elementor-element elementor-element-a0652bd\" data-id=\"a0652bd\" data-element_type=\"column\">\n\t\t\t<div class=\"elementor-widget-wrap elementor-element-populated\">\n\t\t\t\t\t\t<div class=\"elementor-element elementor-element-e740551 elementor-widget elementor-widget-heading\" data-id=\"e740551\" data-element_type=\"widget\" data-widget_type=\"heading.default\">\n\t\t\t\t<div class=\"elementor-widget-container\">\n\t\t\t\t\t<h1 class=\"elementor-heading-title elementor-size-default\">Pasant\u00edas en Hoteles de Espa\u00f1a<\/h1>\t\t\t\t<\/div>\n\t\t\t\t<\/div>\n\t\t\t\t<div class=\"elementor-element elementor-element-af0931a elementor-widget-divider--view-line elementor-widget elementor-widget-divider\" data-id=\"af0931a\" data-element_type=\"widget\" data-widget_type=\"divider.default\">\n\t\t\t\t<div class=\"elementor-widget-container\">\n\t\t\t\t\t\t\t<div class=\"elementor-divider\">\n\t\t\t<span class=\"elementor-divider-separator\">\n\t\t\t\t\t\t<\/span>\n\t\t<\/div>\n\t\t\t\t\t\t<\/div>\n\t\t\t\t<\/div>\n\t\t\t\t\t<\/div>\n\t\t<\/div>\n\t\t\t\t\t<\/div>\n\t\t<\/section>\n\t\t\t\t<section class=\"elementor-section elementor-top-section elementor-element elementor-element-438826b elementor-section-boxed elementor-section-height-default elementor-section-height-default\" data-id=\"438826b\" data-element_type=\"section\">\n\t\t\t\t\t\t<div class=\"elementor-container elementor-column-gap-default\">\n\t\t\t\t\t<div class=\"elementor-column elementor-col-100 elementor-top-column elementor-element elementor-element-f8e9a9c\" data-id=\"f8e9a9c\" data-element_type=\"column\">\n\t\t\t<div class=\"elementor-widget-wrap elementor-element-populated\">\n\t\t\t\t\t\t<div class=\"elementor-element elementor-element-fc311f4 elementor-widget elementor-widget-text-editor\" data-id=\"fc311f4\" data-element_type=\"widget\" data-widget_type=\"text-editor.default\">\n\t\t\t\t<div class=\"elementor-widget-container\">\n\t\t\t\t\t\t\t\t\t<p>Las\u00a0<strong>Pasant\u00edas en Espa\u00f1a<\/strong>\u00a0son una de las formas m\u00e1s eficaces de sumarse al \u00e1mbito laboral, conocer desde adentro las pr\u00e1cticas en cada una de las industrias y obtener un crecimiento tanto profesional como personal.\u00a0El objetivo principal del\u00a0<strong>Programa de Pasant\u00edas en Espa\u00f1a<\/strong>\u00a0es el de perfeccionar las herramientas y conocimientos del Pasante dentro del \u00e1mbito profesional, por medio de la participaci\u00f3n en entrenamientos estructurados y guiados en el trabajo. As\u00ed mismo el de conocer las t\u00e9cnicas, metodolog\u00edas y tecnolog\u00edas aplicadas en la industria.<\/p>\t\t\t\t\t\t\t\t<\/div>\n\t\t\t\t<\/div>\n\t\t\t\t\t<\/div>\n\t\t<\/div>\n\t\t\t\t\t<\/div>\n\t\t<\/section>\n\t\t\t\t<section class=\"elementor-section elementor-top-section elementor-element elementor-element-7b8fca9 elementor-section-boxed elementor-section-height-default elementor-section-height-default\" data-id=\"7b8fca9\" data-element_type=\"section\">\n\t\t\t\t\t\t<div class=\"elementor-container elementor-column-gap-default\">\n\t\t\t\t\t<div class=\"elementor-column elementor-col-50 elementor-top-column elementor-element elementor-element-b7f7da7\" data-id=\"b7f7da7\" data-element_type=\"column\">\n\t\t\t<div class=\"elementor-widget-wrap elementor-element-populated\">\n\t\t\t\t\t\t<div class=\"elementor-element elementor-element-2cf1271 elementor-widget elementor-widget-heading\" data-id=\"2cf1271\" data-element_type=\"widget\" data-widget_type=\"heading.default\">\n\t\t\t\t<div class=\"elementor-widget-container\">\n\t\t\t\t\t<h4 class=\"elementor-heading-title elementor-size-default\">VACANTES:<\/h4>\t\t\t\t<\/div>\n\t\t\t\t<\/div>\n\t\t\t\t<div class=\"elementor-element elementor-element-a42e203 elementor-widget-divider--view-line elementor-widget elementor-widget-divider\" data-id=\"a42e203\" data-element_type=\"widget\" data-widget_type=\"divider.default\">\n\t\t\t\t<div class=\"elementor-widget-container\">\n\t\t\t\t\t\t\t<div class=\"elementor-divider\">\n\t\t\t<span class=\"elementor-divider-separator\">\n\t\t\t\t\t\t<\/span>\n\t\t<\/div>\n\t\t\t\t\t\t<\/div>\n\t\t\t\t<\/div>\n\t\t\t\t<div class=\"elementor-element elementor-element-9cecde3 elementor-widget elementor-widget-text-editor\" data-id=\"9cecde3\" data-element_type=\"widget\" data-widget_type=\"text-editor.default\">\n\t\t\t\t<div class=\"elementor-widget-container\">\n\t\t\t\t\t\t\t\t\t<p>A continuaci\u00f3n encontrar\u00e1s las posiciones en las que podemos ofrecerte una <strong>Pasant\u00eda en Espa\u00f1a. <\/strong>La duraci\u00f3n de las mismas puede ser de 4 o 6 meses y contamos con fechas de inicio a lo largo de todo el a\u00f1o.<\/p>\t\t\t\t\t\t\t\t<\/div>\n\t\t\t\t<\/div>\n\t\t\t\t<div class=\"elementor-element elementor-element-9e6c4de elementor-widget elementor-widget-text-editor\" data-id=\"9e6c4de\" data-element_type=\"widget\" data-widget_type=\"text-editor.default\">\n\t\t\t\t<div class=\"elementor-widget-container\">\n\t\t\t\t\t\t\t\t\t<ul><li style=\"font-size: 18px;\">Front Office<\/li><li>Alimentos y Bebidas<\/li><li style=\"font-size: 18px;\">Cocina<\/li><li style=\"font-size: 18px;\">Terapeuta de Spa (fisioterapeuta o masajista)<\/li><li>Organizaci\u00f3n de Eventos<\/li><li>Animaci\u00f3n y Recreaci\u00f3n<\/li><li>Relaciones P\u00fablicas<\/li><\/ul>\t\t\t\t\t\t\t\t<\/div>\n\t\t\t\t<\/div>\n\t\t\t\t\t<\/div>\n\t\t<\/div>\n\t\t\t\t<div class=\"elementor-column elementor-col-50 elementor-top-column elementor-element elementor-element-da0e962\" data-id=\"da0e962\" data-element_type=\"column\">\n\t\t\t<div class=\"elementor-widget-wrap elementor-element-populated\">\n\t\t\t\t\t\t<div class=\"elementor-element elementor-element-843e221 elementor-widget elementor-widget-image\" data-id=\"843e221\" data-element_type=\"widget\" data-widget_type=\"image.default\">\n\t\t\t\t<div class=\"elementor-widget-container\">\n\t\t\t\t\t\t\t\t\t\t\t\t\t\t\t<img fetchpriority=\"high\" decoding=\"async\" width=\"544\" height=\"362\" src=\"https:\/\/cauxig.com\/hospitality\/wp-content\/uploads\/2020\/10\/Requisitos-para-una-Pasantia-en-Espana-CAUX-Hospitality.jpg\" class=\"attachment-medium_large size-medium_large wp-image-3499\" alt=\"\" srcset=\"https:\/\/cauxig.com\/hospitality\/wp-content\/uploads\/2020\/10\/Requisitos-para-una-Pasantia-en-Espana-CAUX-Hospitality.jpg 544w, https:\/\/cauxig.com\/hospitality\/wp-content\/uploads\/2020\/10\/Requisitos-para-una-Pasantia-en-Espana-CAUX-Hospitality-300x200.jpg 300w\" sizes=\"(max-width: 544px) 100vw, 544px\" \/>\t\t\t\t\t\t\t\t\t\t\t\t\t\t\t<\/div>\n\t\t\t\t<\/div>\n\t\t\t\t\t<\/div>\n\t\t<\/div>\n\t\t\t\t\t<\/div>\n\t\t<\/section>\n\t\t\t\t<section class=\"elementor-section elementor-top-section elementor-element elementor-element-035aa7a elementor-section-boxed elementor-section-height-default elementor-section-height-default\" data-id=\"035aa7a\" data-element_type=\"section\">\n\t\t\t\t\t\t<div class=\"elementor-container elementor-column-gap-default\">\n\t\t\t\t\t<div class=\"elementor-column elementor-col-100 elementor-top-column elementor-element elementor-element-595eabf\" data-id=\"595eabf\" data-element_type=\"column\">\n\t\t\t<div class=\"elementor-widget-wrap elementor-element-populated\">\n\t\t\t\t\t\t<div class=\"elementor-element elementor-element-d98669d elementor-widget elementor-widget-heading\" data-id=\"d98669d\" data-element_type=\"widget\" data-widget_type=\"heading.default\">\n\t\t\t\t<div class=\"elementor-widget-container\">\n\t\t\t\t\t<h2 class=\"elementor-heading-title elementor-size-default\">REQUISITOS:<\/h2>\t\t\t\t<\/div>\n\t\t\t\t<\/div>\n\t\t\t\t<div class=\"elementor-element elementor-element-7f273f7 elementor-widget-divider--view-line elementor-widget elementor-widget-divider\" data-id=\"7f273f7\" data-element_type=\"widget\" data-widget_type=\"divider.default\">\n\t\t\t\t<div class=\"elementor-widget-container\">\n\t\t\t\t\t\t\t<div class=\"elementor-divider\">\n\t\t\t<span class=\"elementor-divider-separator\">\n\t\t\t\t\t\t<\/span>\n\t\t<\/div>\n\t\t\t\t\t\t<\/div>\n\t\t\t\t<\/div>\n\t\t\t\t<div class=\"elementor-element elementor-element-0487beb elementor-widget elementor-widget-text-editor\" data-id=\"0487beb\" data-element_type=\"widget\" data-widget_type=\"text-editor.default\">\n\t\t\t\t<div class=\"elementor-widget-container\">\n\t\t\t\t\t\t\t\t\t<p>Debajo encontrar\u00e1s los requisitos generales para poder postular a una <strong>Pasant\u00eda en Espa\u00f1a.<\/strong><\/p>\t\t\t\t\t\t\t\t<\/div>\n\t\t\t\t<\/div>\n\t\t\t\t<div class=\"elementor-element elementor-element-47470d9 elementor-widget elementor-widget-text-editor\" data-id=\"47470d9\" data-element_type=\"widget\" data-widget_type=\"text-editor.default\">\n\t\t\t\t<div class=\"elementor-widget-container\">\n\t\t\t\t\t\t\t\t\t<ul>\n<li>Ser mayor de 18 a\u00f1os<\/li>\n<li>Ser Alumno regular o haber egresado hace no m\u00e1s de 1 a\u00f1o de una carrera af\u00edn T\u00e9cnica de al menos 2 a\u00f1os de duraci\u00f3n (en el caso de menor duraci\u00f3n por favor consultar).&nbsp;<\/li>\n<li>La pasant\u00eda debe estar directamente relacionada con el campo de estudio. Por ejemplo si estudias Arte Culinario puedes realizar una Pasant\u00eda en Cocina. La escuela debe estar de acuerdo en firmar el convenio de Pasant\u00eda enviado por el hotel.<\/li>\n<li>Contar con la solvencia econ\u00f3mica determinada por el Gobierno de Espa\u00f1a para la realizaci\u00f3n de una Pasant\u00eda. Debe estar en cuenta bancaria (deber\u00e1 presentar al menos los \u00faltimos 3 extractos bancarios) y el monto depender\u00e1 (<span style=\"font-size: 18px; font-style: normal; font-weight: 400;\">estimar \u20ac600 por mes de pasant\u00eda)&nbsp;<\/span>de la duraci\u00f3n total de la pr\u00e1ctica y nacionalidad del pasante. Se aconseja contactar al Consulado de Espa\u00f1a en su pa\u00eds a fin de conocer los requisitos puntuales.<\/li>\n<li>Pasaporte al d\u00eda vigente hasta por 6 meses posteriores a la finalizaci\u00f3n de la pasant\u00eda.<\/li>\n<li>Certificado de antecedentes penales y certificado m\u00e9dico.<\/li>\n<\/ul>\t\t\t\t\t\t\t\t<\/div>\n\t\t\t\t<\/div>\n\t\t\t\t\t<\/div>\n\t\t<\/div>\n\t\t\t\t\t<\/div>\n\t\t<\/section>\n\t\t\t\t<section class=\"elementor-section elementor-top-section elementor-element elementor-element-95aa4c5 elementor-section-boxed elementor-section-height-default elementor-section-height-default\" data-id=\"95aa4c5\" data-element_type=\"section\">\n\t\t\t\t\t\t<div class=\"elementor-container elementor-column-gap-default\">\n\t\t\t\t\t<div class=\"elementor-column elementor-col-50 elementor-top-column elementor-element elementor-element-e35cdd9\" data-id=\"e35cdd9\" data-element_type=\"column\">\n\t\t\t<div class=\"elementor-widget-wrap elementor-element-populated\">\n\t\t\t\t\t\t<div class=\"elementor-element elementor-element-90acb00 elementor-widget elementor-widget-image\" data-id=\"90acb00\" data-element_type=\"widget\" data-widget_type=\"image.default\">\n\t\t\t\t<div class=\"elementor-widget-container\">\n\t\t\t\t\t\t\t\t\t\t\t\t\t\t\t<img decoding=\"async\" width=\"547\" height=\"364\" src=\"https:\/\/cauxig.com\/hospitality\/wp-content\/uploads\/2020\/10\/Pasantias-en-Cocina-en-Espana-CAUX-Hospitality.jpg\" class=\"attachment-large size-large wp-image-3498\" alt=\"\" srcset=\"https:\/\/cauxig.com\/hospitality\/wp-content\/uploads\/2020\/10\/Pasantias-en-Cocina-en-Espana-CAUX-Hospitality.jpg 547w, https:\/\/cauxig.com\/hospitality\/wp-content\/uploads\/2020\/10\/Pasantias-en-Cocina-en-Espana-CAUX-Hospitality-300x200.jpg 300w\" sizes=\"(max-width: 547px) 100vw, 547px\" \/>\t\t\t\t\t\t\t\t\t\t\t\t\t\t\t<\/div>\n\t\t\t\t<\/div>\n\t\t\t\t\t<\/div>\n\t\t<\/div>\n\t\t\t\t<div class=\"elementor-column elementor-col-50 elementor-top-column elementor-element elementor-element-bfe40c5\" data-id=\"bfe40c5\" data-element_type=\"column\">\n\t\t\t<div class=\"elementor-widget-wrap elementor-element-populated\">\n\t\t\t\t\t\t<div class=\"elementor-element elementor-element-e01416f elementor-widget elementor-widget-heading\" data-id=\"e01416f\" data-element_type=\"widget\" data-widget_type=\"heading.default\">\n\t\t\t\t<div class=\"elementor-widget-container\">\n\t\t\t\t\t<h2 class=\"elementor-heading-title elementor-size-default\">BENEFICIOS:<\/h2>\t\t\t\t<\/div>\n\t\t\t\t<\/div>\n\t\t\t\t<div class=\"elementor-element elementor-element-754dc18 elementor-widget-divider--view-line elementor-widget elementor-widget-divider\" data-id=\"754dc18\" data-element_type=\"widget\" data-widget_type=\"divider.default\">\n\t\t\t\t<div class=\"elementor-widget-container\">\n\t\t\t\t\t\t\t<div class=\"elementor-divider\">\n\t\t\t<span class=\"elementor-divider-separator\">\n\t\t\t\t\t\t<\/span>\n\t\t<\/div>\n\t\t\t\t\t\t<\/div>\n\t\t\t\t<\/div>\n\t\t\t\t<div class=\"elementor-element elementor-element-7359dfa elementor-widget elementor-widget-text-editor\" data-id=\"7359dfa\" data-element_type=\"widget\" data-widget_type=\"text-editor.default\">\n\t\t\t\t<div class=\"elementor-widget-container\">\n\t\t\t\t\t\t\t\t\t<ul><li>Realizar una\u00a0<strong>pr\u00e1ctica laboral internacional<\/strong>\u00a0en tu \u00e1rea de estudios.<\/li><li><strong>Conocer otras culturas<\/strong>\u00a0y hacer amigos de otros pa\u00edses del mundo.<\/li><li>Realizar una\u00a0<strong>experiencia laboral internacional<\/strong>\u00a0que enriquecer\u00e1 tu CV.<\/li><\/ul>\t\t\t\t\t\t\t\t<\/div>\n\t\t\t\t<\/div>\n\t\t\t\t\t<\/div>\n\t\t<\/div>\n\t\t\t\t\t<\/div>\n\t\t<\/section>\n\t\t\t\t<section class=\"elementor-section elementor-top-section elementor-element elementor-element-f65023b elementor-section-boxed elementor-section-height-default elementor-section-height-default\" data-id=\"f65023b\" data-element_type=\"section\">\n\t\t\t\t\t\t<div class=\"elementor-container elementor-column-gap-default\">\n\t\t\t\t\t<div class=\"elementor-column elementor-col-100 elementor-top-column elementor-element elementor-element-1b1c2e1\" data-id=\"1b1c2e1\" data-element_type=\"column\">\n\t\t\t<div class=\"elementor-widget-wrap elementor-element-populated\">\n\t\t\t\t\t\t<div class=\"elementor-element elementor-element-a2dcea6 elementor-widget elementor-widget-heading\" data-id=\"a2dcea6\" data-element_type=\"widget\" data-widget_type=\"heading.default\">\n\t\t\t\t<div class=\"elementor-widget-container\">\n\t\t\t\t\t<h2 class=\"elementor-heading-title elementor-size-default\">\u00bfQUE INCLUYE LA PASNAT\u00cdA EN ESPA\u00d1A?<\/h2>\t\t\t\t<\/div>\n\t\t\t\t<\/div>\n\t\t\t\t<div class=\"elementor-element elementor-element-a6d46af elementor-widget-divider--view-line elementor-widget elementor-widget-divider\" data-id=\"a6d46af\" data-element_type=\"widget\" data-widget_type=\"divider.default\">\n\t\t\t\t<div class=\"elementor-widget-container\">\n\t\t\t\t\t\t\t<div class=\"elementor-divider\">\n\t\t\t<span class=\"elementor-divider-separator\">\n\t\t\t\t\t\t<\/span>\n\t\t<\/div>\n\t\t\t\t\t\t<\/div>\n\t\t\t\t<\/div>\n\t\t\t\t<div class=\"elementor-element elementor-element-29bcf5f elementor-widget elementor-widget-text-editor\" data-id=\"29bcf5f\" data-element_type=\"widget\" data-widget_type=\"text-editor.default\">\n\t\t\t\t<div class=\"elementor-widget-container\">\n\t\t\t\t\t\t\t\t\t<ul><li>Entrevista para evaluar tu perfil inicial y presentaci\u00f3n a empleadores<\/li><li>Asesoramiento en el armado del CV<\/li><li>B\u00fasqueda del empleador \/ pr\u00e1ctica profesional<\/li><li><span style=\"font-size: 18px; color: var( --e-global-color-text );\">Acompa\u00f1amiento a lo largo del proceso. Es importante entender que el tr\u00e1mite de solicitud de la Visa es personal, ni CAUX ni el Empleador pueden garantizar que el Gobierno de Espa\u00f1a apruebe tu solicitud de Visado. Es responsabilidad del Pasante contactar al Consulado de Espa\u00f1a de su pa\u00eds a fin de conocer los requisitos puntuales para el tr\u00e1mite de la Visa ya que pueden variar de un pa\u00eds a otro.<\/span><\/li><li><span style=\"font-size: 18px; color: var( --e-global-color-text );\">Si bien puede variar seg\u00fan el empleador, en l\u00edneas generales el hotel brinda uniforme (excepto zapatos), alojamiento, manutenci\u00f3n (desayuno, almuerzo y cena en el comedor del hotel) y una ayuda econ\u00f3mica mensual de \u20ac250\/300.<\/span><\/li><\/ul>\t\t\t\t\t\t\t\t<\/div>\n\t\t\t\t<\/div>\n\t\t\t\t\t<\/div>\n\t\t<\/div>\n\t\t\t\t\t<\/div>\n\t\t<\/section>\n\t\t\t\t<section class=\"elementor-section elementor-top-section elementor-element elementor-element-0186671 elementor-section-boxed elementor-section-height-default elementor-section-height-default\" data-id=\"0186671\" data-element_type=\"section\">\n\t\t\t\t\t\t<div class=\"elementor-container elementor-column-gap-default\">\n\t\t\t\t\t<div class=\"elementor-column elementor-col-50 elementor-top-column elementor-element elementor-element-c855516\" data-id=\"c855516\" data-element_type=\"column\">\n\t\t\t<div class=\"elementor-widget-wrap elementor-element-populated\">\n\t\t\t\t\t\t<div class=\"elementor-element elementor-element-cc704c8 elementor-widget elementor-widget-heading\" data-id=\"cc704c8\" data-element_type=\"widget\" data-widget_type=\"heading.default\">\n\t\t\t\t<div class=\"elementor-widget-container\">\n\t\t\t\t\t<h2 class=\"elementor-heading-title elementor-size-default\">\u00bfQU\u00c9 NO INCLUYE?<\/h2>\t\t\t\t<\/div>\n\t\t\t\t<\/div>\n\t\t\t\t<div class=\"elementor-element elementor-element-529f0bb elementor-widget-divider--view-line elementor-widget elementor-widget-divider\" data-id=\"529f0bb\" data-element_type=\"widget\" data-widget_type=\"divider.default\">\n\t\t\t\t<div class=\"elementor-widget-container\">\n\t\t\t\t\t\t\t<div class=\"elementor-divider\">\n\t\t\t<span class=\"elementor-divider-separator\">\n\t\t\t\t\t\t<\/span>\n\t\t<\/div>\n\t\t\t\t\t\t<\/div>\n\t\t\t\t<\/div>\n\t\t\t\t<div class=\"elementor-element elementor-element-a6db968 elementor-widget elementor-widget-text-editor\" data-id=\"a6db968\" data-element_type=\"widget\" data-widget_type=\"text-editor.default\">\n\t\t\t\t<div class=\"elementor-widget-container\">\n\t\t\t\t\t\t\t\t\t<ul><li>Derecho Consular para gestionar la Visa y costo de la misma: aprox.: \u20ac90<\/li><li>Pasajes a\u00e9reos: aprox. \u20ac1000\/1500<\/li><li>Seguro m\u00e9dico acorde a los requerimientos del gobierno de Espa\u00f1a para la solicitud del visado: aprox. \u20ac50 x mes<\/li><li>Garant\u00edas que la solicitud de Visado sea aprobada por el Consulado ya que depende de cada caso particular. Los costos son de car\u00e1cter orientativo y pueden variar sin previo aviso.<\/li><\/ul>\t\t\t\t\t\t\t\t<\/div>\n\t\t\t\t<\/div>\n\t\t\t\t\t<\/div>\n\t\t<\/div>\n\t\t\t\t<div class=\"elementor-column elementor-col-50 elementor-top-column elementor-element elementor-element-8b964a5\" data-id=\"8b964a5\" data-element_type=\"column\">\n\t\t\t<div class=\"elementor-widget-wrap elementor-element-populated\">\n\t\t\t\t\t\t<div class=\"elementor-element elementor-element-e32b502 elementor-widget elementor-widget-image\" data-id=\"e32b502\" data-element_type=\"widget\" data-widget_type=\"image.default\">\n\t\t\t\t<div class=\"elementor-widget-container\">\n\t\t\t\t\t\t\t\t\t\t\t\t\t\t\t<img decoding=\"async\" width=\"544\" height=\"362\" src=\"https:\/\/cauxig.com\/hospitality\/wp-content\/uploads\/2020\/10\/Pasantias-en-Hoteles-de-Espana-CAUX-Hospitality-1.jpg\" class=\"attachment-medium_large size-medium_large wp-image-3500\" alt=\"\" srcset=\"https:\/\/cauxig.com\/hospitality\/wp-content\/uploads\/2020\/10\/Pasantias-en-Hoteles-de-Espana-CAUX-Hospitality-1.jpg 544w, https:\/\/cauxig.com\/hospitality\/wp-content\/uploads\/2020\/10\/Pasantias-en-Hoteles-de-Espana-CAUX-Hospitality-1-300x200.jpg 300w\" sizes=\"(max-width: 544px) 100vw, 544px\" \/>\t\t\t\t\t\t\t\t\t\t\t\t\t\t\t<\/div>\n\t\t\t\t<\/div>\n\t\t\t\t\t<\/div>\n\t\t<\/div>\n\t\t\t\t\t<\/div>\n\t\t<\/section>\n\t\t\t\t<section class=\"elementor-section elementor-top-section elementor-element elementor-element-f42e021 elementor-section-boxed elementor-section-height-default elementor-section-height-default\" data-id=\"f42e021\" data-element_type=\"section\">\n\t\t\t\t\t\t<div class=\"elementor-container elementor-column-gap-default\">\n\t\t\t\t\t<div class=\"elementor-column elementor-col-100 elementor-top-column elementor-element elementor-element-79ed5bd\" data-id=\"79ed5bd\" data-element_type=\"column\">\n\t\t\t<div class=\"elementor-widget-wrap elementor-element-populated\">\n\t\t\t\t\t\t<div class=\"elementor-element elementor-element-f40c0b3 elementor-widget elementor-widget-heading\" data-id=\"f40c0b3\" data-element_type=\"widget\" data-widget_type=\"heading.default\">\n\t\t\t\t<div class=\"elementor-widget-container\">\n\t\t\t\t\t<h2 class=\"elementor-heading-title elementor-size-default\">COSTO:<\/h2>\t\t\t\t<\/div>\n\t\t\t\t<\/div>\n\t\t\t\t<div class=\"elementor-element elementor-element-c8c86af elementor-widget-divider--view-line elementor-widget elementor-widget-divider\" data-id=\"c8c86af\" data-element_type=\"widget\" data-widget_type=\"divider.default\">\n\t\t\t\t<div class=\"elementor-widget-container\">\n\t\t\t\t\t\t\t<div class=\"elementor-divider\">\n\t\t\t<span class=\"elementor-divider-separator\">\n\t\t\t\t\t\t<\/span>\n\t\t<\/div>\n\t\t\t\t\t\t<\/div>\n\t\t\t\t<\/div>\n\t\t\t\t<div class=\"elementor-element elementor-element-14043e5 elementor-widget elementor-widget-text-editor\" data-id=\"14043e5\" data-element_type=\"widget\" data-widget_type=\"text-editor.default\">\n\t\t\t\t<div class=\"elementor-widget-container\">\n\t\t\t\t\t\t\t\t\t<p>El costo de la <b>Pasant\u00eda en Espa\u00f1a<\/b> es de \u20ac300 que se abonan luego de que pases todas las entrevistas y el hotel emita la carta con la oferta de Pasant\u00eda. Los Pasantes que no tengan pasaporte Europeo y precisen tramitar la Visa abonar\u00e1n en 2 pagos de \u20ac150, el 1ero al recibir la carta de aceptaci\u00f3n del hotel y el 2do cuando recibas el convenio de Pasant\u00eda firmado por todas las partes y comience el tr\u00e1mite de Visado. En caso de Visa denegada se reintegrar\u00e1n \u20ac100 de los \u20ac300 abonados. Debido a los tiempos de Visado es recomendable iniciar el tr\u00e1mite con el menos 4 meses de antelaci\u00f3n.<\/p>\t\t\t\t\t\t\t\t<\/div>\n\t\t\t\t<\/div>\n\t\t\t\t\t<\/div>\n\t\t<\/div>\n\t\t\t\t\t<\/div>\n\t\t<\/section>\n\t\t\t\t<section class=\"elementor-section elementor-top-section elementor-element elementor-element-229653e elementor-section-content-middle elementor-section-boxed elementor-section-height-default elementor-section-height-default\" data-id=\"229653e\" data-element_type=\"section\" data-settings=\"{&quot;background_background&quot;:&quot;classic&quot;}\">\n\t\t\t\t\t\t\t<div class=\"elementor-background-overlay\"><\/div>\n\t\t\t\t\t\t\t<div class=\"elementor-container elementor-column-gap-no\">\n\t\t\t\t\t<div class=\"elementor-column elementor-col-100 elementor-top-column elementor-element elementor-element-31a33c93\" data-id=\"31a33c93\" data-element_type=\"column\">\n\t\t\t<div class=\"elementor-widget-wrap elementor-element-populated\">\n\t\t\t\t\t\t<div class=\"elementor-element elementor-element-15b0a00e elementor-widget elementor-widget-heading\" data-id=\"15b0a00e\" data-element_type=\"widget\" data-widget_type=\"heading.default\">\n\t\t\t\t<div class=\"elementor-widget-container\">\n\t\t\t\t\t<h4 class=\"elementor-heading-title elementor-size-default\">\u00bfQuer\u00e9s hacer una Pasant\u00eda en un Hotel de Espa\u00f1a?<\/h4>\t\t\t\t<\/div>\n\t\t\t\t<\/div>\n\t\t\t\t<div class=\"elementor-element elementor-element-51bd131a elementor-align-center elementor-widget elementor-widget-button\" data-id=\"51bd131a\" data-element_type=\"widget\" data-widget_type=\"button.default\">\n\t\t\t\t<div class=\"elementor-widget-container\">\n\t\t\t\t\t\t\t\t\t<div class=\"elementor-button-wrapper\">\n\t\t\t\t\t<a class=\"elementor-button elementor-button-link elementor-size-sm\" href=\"https:\/\/cauxig.com\/hospitality\/postulacion-pasantias-espana\/\">\n\t\t\t\t\t\t<span class=\"elementor-button-content-wrapper\">\n\t\t\t\t\t\t<span class=\"elementor-button-icon\">\n\t\t\t\t<i aria-hidden=\"true\" class=\"fas fa-angle-right\"><\/i>\t\t\t<\/span>\n\t\t\t\t\t\t\t\t\t<span class=\"elementor-button-text\">POSTULAR<\/span>\n\t\t\t\t\t<\/span>\n\t\t\t\t\t<\/a>\n\t\t\t\t<\/div>\n\t\t\t\t\t\t\t\t<\/div>\n\t\t\t\t<\/div>\n\t\t\t\t\t<\/div>\n\t\t<\/div>\n\t\t\t\t\t<\/div>\n\t\t<\/section>\n\t\t\t\t<\/div>\n\t\t","protected":false},"excerpt":{"rendered":"<p>Pasant\u00edas en Hoteles de Espa\u00f1a Las\u00a0Pasant\u00edas en Espa\u00f1a\u00a0son una de las formas m\u00e1s eficaces de sumarse al \u00e1mbito laboral, conocer desde adentro las pr\u00e1cticas en cada una de las industrias y obtener un crecimiento tanto profesional como personal.\u00a0El objetivo principal del\u00a0Programa de Pasant\u00edas en Espa\u00f1a\u00a0es el de perfeccionar las herramientas y conocimientos del Pasante dentro &hellip;<\/p>\n<p class=\"read-more\"> <a class=\"\" href=\"https:\/\/cauxig.com\/hospitality\/pasantias-en-hoteles\/pasantias-en-hoteles-de-espana\/\"> <span class=\"screen-reader-text\">Pasant\u00edas en Hoteles de Espa\u00f1a<\/span> Leer m\u00e1s &raquo;<\/a><\/p>\n","protected":false},"author":1,"featured_media":0,"parent":3090,"menu_order":0,"comment_status":"closed","ping_status":"closed","template":"","meta":{"footnotes":""},"class_list":["post-3133","page","type-page","status-publish","hentry"],"_links":{"self":[{"href":"https:\/\/cauxig.com\/hospitality\/wp-json\/wp\/v2\/pages\/3133","targetHints":{"allow":["GET"]}}],"collection":[{"href":"https:\/\/cauxig.com\/hospitality\/wp-json\/wp\/v2\/pages"}],"about":[{"href":"https:\/\/cauxig.com\/hospitality\/wp-json\/wp\/v2\/types\/page"}],"author":[{"embeddable":true,"href":"https:\/\/cauxig.com\/hospitality\/wp-json\/wp\/v2\/users\/1"}],"replies":[{"embeddable":true,"href":"https:\/\/cauxig.com\/hospitality\/wp-json\/wp\/v2\/comments?post=3133"}],"version-history":[{"count":112,"href":"https:\/\/cauxig.com\/hospitality\/wp-json\/wp\/v2\/pages\/3133\/revisions"}],"predecessor-version":[{"id":6245,"href":"https:\/\/cauxig.com\/hospitality\/wp-json\/wp\/v2\/pages\/3133\/revisions\/6245"}],"up":[{"embeddable":true,"href":"https:\/\/cauxig.com\/hospitality\/wp-json\/wp\/v2\/pages\/3090"}],"wp:attachment":[{"href":"https:\/\/cauxig.com\/hospitality\/wp-json\/wp\/v2\/media?parent=3133"}],"curies":[{"name":"wp","href":"https:\/\/api.w.org\/{rel}","templated":true}]}}