{"id":3119,"date":"2020-10-07T19:54:52","date_gmt":"2020-10-07T19:54:52","guid":{"rendered":"https:\/\/cauxig.com\/cauxnueva\/caux_hospitality\/?page_id=3119"},"modified":"2024-12-17T17:39:18","modified_gmt":"2024-12-17T17:39:18","slug":"trabajo-en-cruceros","status":"publish","type":"page","link":"https:\/\/cauxig.com\/hospitality\/trabajo-en-cruceros\/","title":{"rendered":"Trabajo en Cruceros"},"content":{"rendered":"\t\t<div data-elementor-type=\"wp-page\" data-elementor-id=\"3119\" class=\"elementor elementor-3119\">\n\t\t\t\t\t\t<section class=\"elementor-section elementor-top-section elementor-element elementor-element-69bdcb1 elementor-section-height-min-height elementor-section-boxed elementor-section-height-default elementor-section-items-middle\" data-id=\"69bdcb1\" data-element_type=\"section\" data-settings=\"{&quot;background_background&quot;:&quot;classic&quot;}\">\n\t\t\t\t\t\t\t<div class=\"elementor-background-overlay\"><\/div>\n\t\t\t\t\t\t\t<div class=\"elementor-container elementor-column-gap-no\">\n\t\t\t\t\t<div class=\"elementor-column elementor-col-100 elementor-top-column elementor-element elementor-element-a3fc087\" data-id=\"a3fc087\" data-element_type=\"column\">\n\t\t\t<div class=\"elementor-widget-wrap elementor-element-populated\">\n\t\t\t\t\t\t<div class=\"elementor-element elementor-element-0afc41a elementor-widget elementor-widget-heading\" data-id=\"0afc41a\" data-element_type=\"widget\" data-widget_type=\"heading.default\">\n\t\t\t\t<div class=\"elementor-widget-container\">\n\t\t\t\t\t<h1 class=\"elementor-heading-title elementor-size-default\">Trabajo en Cruceros<\/h1>\t\t\t\t<\/div>\n\t\t\t\t<\/div>\n\t\t\t\t<div class=\"elementor-element elementor-element-f11b34d elementor-widget-divider--view-line elementor-widget elementor-widget-divider\" data-id=\"f11b34d\" data-element_type=\"widget\" data-widget_type=\"divider.default\">\n\t\t\t\t<div class=\"elementor-widget-container\">\n\t\t\t\t\t\t\t<div class=\"elementor-divider\">\n\t\t\t<span class=\"elementor-divider-separator\">\n\t\t\t\t\t\t<\/span>\n\t\t<\/div>\n\t\t\t\t\t\t<\/div>\n\t\t\t\t<\/div>\n\t\t\t\t\t<\/div>\n\t\t<\/div>\n\t\t\t\t\t<\/div>\n\t\t<\/section>\n\t\t\t\t<section class=\"elementor-section elementor-top-section elementor-element elementor-element-682a053 elementor-section-boxed elementor-section-height-default elementor-section-height-default\" data-id=\"682a053\" data-element_type=\"section\">\n\t\t\t\t\t\t<div class=\"elementor-container elementor-column-gap-default\">\n\t\t\t\t\t<div class=\"elementor-column elementor-col-100 elementor-top-column elementor-element elementor-element-4aad22e\" data-id=\"4aad22e\" data-element_type=\"column\">\n\t\t\t<div class=\"elementor-widget-wrap elementor-element-populated\">\n\t\t\t\t\t\t<div class=\"elementor-element elementor-element-d62c505 elementor-widget elementor-widget-text-editor\" data-id=\"d62c505\" data-element_type=\"widget\" data-widget_type=\"text-editor.default\">\n\t\t\t\t<div class=\"elementor-widget-container\">\n\t\t\t\t\t\t\t\t\t<p><span style=\"font-size: 18px; font-style: normal; font-weight: bold;\">CAUX Hospitality <\/span><span style=\"font-size: 18px; font-style: normal; font-weight: 400;\">es una agencia de reclutamiento y selecci\u00f3n de personal para algunas de las compa\u00f1\u00edas de cruceros m\u00e1s importantes del mercado. Seleccionamos personal\u00a0<\/span><span style=\"font-size: 18px; font-style: normal; font-weight: 400; color: var( --e-global-color-text );\">de todos los niveles y departamentos\u00a0<\/span><span style=\"font-size: 18px; font-style: normal; font-weight: 400; color: var( --e-global-color-text );\">en casi todos los pa\u00edses Latinoamericanos y algunos pa\u00edses Europeos.\u00a0<\/span><span style=\"font-size: 18px; font-style: normal; color: var( --e-global-color-text ); font-weight: bold;\">CAUX Hospitality<\/span><span style=\"font-size: 18px; font-style: normal; font-weight: 400; color: var( --e-global-color-text );\">\u00a0no contrata personal, solamente realiza el reclutamiento y selecci\u00f3n de los mismos\u00a0ya que \u00e9stos pasan a ser empleados de las compa\u00f1\u00edas de cruceros.\u00a0<\/span><span style=\"font-size: 18px; font-style: normal; color: var( --e-global-color-text ); font-weight: bold;\">Trabajar en Cruceros<\/span><span style=\"font-size: 18px; font-style: normal; font-weight: 400; color: var( --e-global-color-text );\">\u00a0<\/span><span style=\"font-size: 18px; font-style: normal; color: var( --e-global-color-text ); font-weight: bold;\">de Pasajeros<\/span><span style=\"font-size: 18px; font-style: normal; font-weight: 400; color: var( --e-global-color-text );\">\u00a0es una excelente oportunidad para lograr un\u00a0crecimiento profesional, ahorrar dinero en USD\/EUR,\u00a0conocer otras culturas y viajar por el mundo.\u00a0Si bien\u00a0<\/span><span style=\"font-size: 18px; font-style: normal; color: var( --e-global-color-text ); font-weight: bold;\">trabajar en cruceros\u00a0<\/span><span style=\"font-size: 18px; font-style: normal; font-weight: 400; color: var( --e-global-color-text );\">tiene muchos aspectos positivos y brinda grandes beneficios, es un trabajo muy duro ya que se trabaja todos los d\u00edas de la semana durante largas horas y se est\u00e1 lejos del hogar y de los seres queridos.<\/span><\/p>\t\t\t\t\t\t\t\t<\/div>\n\t\t\t\t<\/div>\n\t\t\t\t\t<\/div>\n\t\t<\/div>\n\t\t\t\t\t<\/div>\n\t\t<\/section>\n\t\t\t\t<section class=\"elementor-section elementor-top-section elementor-element elementor-element-d68e3e7 elementor-section-boxed elementor-section-height-default elementor-section-height-default\" data-id=\"d68e3e7\" data-element_type=\"section\">\n\t\t\t\t\t\t<div class=\"elementor-container elementor-column-gap-default\">\n\t\t\t\t\t<div class=\"elementor-column elementor-col-50 elementor-top-column elementor-element elementor-element-b36598c\" data-id=\"b36598c\" data-element_type=\"column\">\n\t\t\t<div class=\"elementor-widget-wrap elementor-element-populated\">\n\t\t\t\t\t\t<div class=\"elementor-element elementor-element-fe90193 elementor-widget elementor-widget-image\" data-id=\"fe90193\" data-element_type=\"widget\" data-widget_type=\"image.default\">\n\t\t\t\t<div class=\"elementor-widget-container\">\n\t\t\t\t\t\t\t\t\t\t\t\t\t\t\t<img decoding=\"async\" src=\"https:\/\/cauxig.com\/hospitality\/wp-content\/uploads\/elementor\/thumbs\/quiero-trabajar-en-cruceros-pqpd66lxnww9ppltw6xtzefinqkhdne0i1qlrudmnk.jpg\" title=\"ms Eurodam in Fl\u00e5m, Norway\" alt=\"ms Eurodam in Fl\u00e5m, Norway\" loading=\"lazy\" \/>\t\t\t\t\t\t\t\t\t\t\t\t\t\t\t<\/div>\n\t\t\t\t<\/div>\n\t\t\t\t<div class=\"elementor-element elementor-element-4bd05a0 elementor-widget elementor-widget-heading\" data-id=\"4bd05a0\" data-element_type=\"widget\" data-widget_type=\"heading.default\">\n\t\t\t\t<div class=\"elementor-widget-container\">\n\t\t\t\t\t<h4 class=\"elementor-heading-title elementor-size-default\">Trabajo en Cruceros Oce\u00e1nicos<\/h4>\t\t\t\t<\/div>\n\t\t\t\t<\/div>\n\t\t\t\t<div class=\"elementor-element elementor-element-eee880b elementor-align-center elementor-widget elementor-widget-button\" data-id=\"eee880b\" data-element_type=\"widget\" data-widget_type=\"button.default\">\n\t\t\t\t<div class=\"elementor-widget-container\">\n\t\t\t\t\t\t\t\t\t<div class=\"elementor-button-wrapper\">\n\t\t\t\t\t<a class=\"elementor-button elementor-button-link elementor-size-sm\" href=\"https:\/\/cauxig.com\/hospitality\/trabajo-en-cruceros\/trabajo-en-cruceros-oceanicos\/\">\n\t\t\t\t\t\t<span class=\"elementor-button-content-wrapper\">\n\t\t\t\t\t\t<span class=\"elementor-button-icon\">\n\t\t\t\t<i aria-hidden=\"true\" class=\"fas fa-angle-right\"><\/i>\t\t\t<\/span>\n\t\t\t\t\t\t\t\t\t<span class=\"elementor-button-text\">M\u00c1S INFO<\/span>\n\t\t\t\t\t<\/span>\n\t\t\t\t\t<\/a>\n\t\t\t\t<\/div>\n\t\t\t\t\t\t\t\t<\/div>\n\t\t\t\t<\/div>\n\t\t\t\t\t<\/div>\n\t\t<\/div>\n\t\t\t\t<div class=\"elementor-column elementor-col-50 elementor-top-column elementor-element elementor-element-3887fb3\" data-id=\"3887fb3\" data-element_type=\"column\">\n\t\t\t<div class=\"elementor-widget-wrap elementor-element-populated\">\n\t\t\t\t\t\t<div class=\"elementor-element elementor-element-839268a elementor-widget elementor-widget-image\" data-id=\"839268a\" data-element_type=\"widget\" data-widget_type=\"image.default\">\n\t\t\t\t<div class=\"elementor-widget-container\">\n\t\t\t\t\t\t\t\t\t\t\t\t\t\t\t<img decoding=\"async\" src=\"https:\/\/cauxig.com\/hospitality\/wp-content\/uploads\/elementor\/thumbs\/Trabajo-en-Cruceros-de-Rio-en-Europa-qyewdvjcg6fqfb0t07ctgq5yazyfn8t56dmouaeacw.jpg\" title=\"Trabajo en Cruceros de Rio en Europa\" alt=\"Trabajo en Cruceros de Rio en Europa\" loading=\"lazy\" \/>\t\t\t\t\t\t\t\t\t\t\t\t\t\t\t<\/div>\n\t\t\t\t<\/div>\n\t\t\t\t<div class=\"elementor-element elementor-element-e0e8c6b elementor-widget elementor-widget-heading\" data-id=\"e0e8c6b\" data-element_type=\"widget\" data-widget_type=\"heading.default\">\n\t\t\t\t<div class=\"elementor-widget-container\">\n\t\t\t\t\t<h4 class=\"elementor-heading-title elementor-size-default\">Trabajo en Cruceros de R\u00edo en Europa<\/h4>\t\t\t\t<\/div>\n\t\t\t\t<\/div>\n\t\t\t\t<div class=\"elementor-element elementor-element-a39c918 elementor-align-center elementor-widget elementor-widget-button\" data-id=\"a39c918\" data-element_type=\"widget\" data-widget_type=\"button.default\">\n\t\t\t\t<div class=\"elementor-widget-container\">\n\t\t\t\t\t\t\t\t\t<div class=\"elementor-button-wrapper\">\n\t\t\t\t\t<a class=\"elementor-button elementor-button-link elementor-size-sm\" href=\"https:\/\/cauxig.com\/hospitality\/trabajo-en-cruceros\/trabajo-en-cruceros-de-rio-en-europa\/\">\n\t\t\t\t\t\t<span class=\"elementor-button-content-wrapper\">\n\t\t\t\t\t\t<span class=\"elementor-button-icon\">\n\t\t\t\t<i aria-hidden=\"true\" class=\"fas fa-angle-right\"><\/i>\t\t\t<\/span>\n\t\t\t\t\t\t\t\t\t<span class=\"elementor-button-text\">M\u00c1S INFO<\/span>\n\t\t\t\t\t<\/span>\n\t\t\t\t\t<\/a>\n\t\t\t\t<\/div>\n\t\t\t\t\t\t\t\t<\/div>\n\t\t\t\t<\/div>\n\t\t\t\t\t<\/div>\n\t\t<\/div>\n\t\t\t\t\t<\/div>\n\t\t<\/section>\n\t\t\t\t<\/div>\n\t\t","protected":false},"excerpt":{"rendered":"<p>Trabajo en Cruceros CAUX Hospitality es una agencia de reclutamiento y selecci\u00f3n de personal para algunas de las compa\u00f1\u00edas de cruceros m\u00e1s importantes del mercado. Seleccionamos personal\u00a0de todos los niveles y departamentos\u00a0en casi todos los pa\u00edses Latinoamericanos y algunos pa\u00edses Europeos.\u00a0CAUX Hospitality\u00a0no contrata personal, solamente realiza el reclutamiento y selecci\u00f3n de los mismos\u00a0ya que \u00e9stos &hellip;<\/p>\n<p class=\"read-more\"> <a class=\"\" href=\"https:\/\/cauxig.com\/hospitality\/trabajo-en-cruceros\/\"> <span class=\"screen-reader-text\">Trabajo en Cruceros<\/span> Leer m\u00e1s &raquo;<\/a><\/p>\n","protected":false},"author":1,"featured_media":0,"parent":0,"menu_order":0,"comment_status":"closed","ping_status":"closed","template":"","meta":{"footnotes":""},"class_list":["post-3119","page","type-page","status-publish","hentry"],"_links":{"self":[{"href":"https:\/\/cauxig.com\/hospitality\/wp-json\/wp\/v2\/pages\/3119","targetHints":{"allow":["GET"]}}],"collection":[{"href":"https:\/\/cauxig.com\/hospitality\/wp-json\/wp\/v2\/pages"}],"about":[{"href":"https:\/\/cauxig.com\/hospitality\/wp-json\/wp\/v2\/types\/page"}],"author":[{"embeddable":true,"href":"https:\/\/cauxig.com\/hospitality\/wp-json\/wp\/v2\/users\/1"}],"replies":[{"embeddable":true,"href":"https:\/\/cauxig.com\/hospitality\/wp-json\/wp\/v2\/comments?post=3119"}],"version-history":[{"count":133,"href":"https:\/\/cauxig.com\/hospitality\/wp-json\/wp\/v2\/pages\/3119\/revisions"}],"predecessor-version":[{"id":6026,"href":"https:\/\/cauxig.com\/hospitality\/wp-json\/wp\/v2\/pages\/3119\/revisions\/6026"}],"wp:attachment":[{"href":"https:\/\/cauxig.com\/hospitality\/wp-json\/wp\/v2\/media?parent=3119"}],"curies":[{"name":"wp","href":"https:\/\/api.w.org\/{rel}","templated":true}]}}