{"id":3090,"date":"2020-10-07T19:04:25","date_gmt":"2020-10-07T19:04:25","guid":{"rendered":"https:\/\/cauxig.com\/cauxnueva\/caux_hospitality\/?page_id=3090"},"modified":"2023-04-20T11:15:34","modified_gmt":"2023-04-20T11:15:34","slug":"pasantias-en-hoteles","status":"publish","type":"page","link":"https:\/\/cauxig.com\/hospitality\/pasantias-en-hoteles\/","title":{"rendered":"Pasant\u00edas en Hoteles"},"content":{"rendered":"\t\t<div data-elementor-type=\"wp-page\" data-elementor-id=\"3090\" class=\"elementor elementor-3090\">\n\t\t\t\t\t\t<section class=\"elementor-section elementor-top-section elementor-element elementor-element-c57b3f8 elementor-section-boxed elementor-section-height-default elementor-section-height-default\" data-id=\"c57b3f8\" data-element_type=\"section\" data-settings=\"{&quot;background_background&quot;:&quot;classic&quot;}\">\n\t\t\t\t\t\t\t<div class=\"elementor-background-overlay\"><\/div>\n\t\t\t\t\t\t\t<div class=\"elementor-container elementor-column-gap-no\">\n\t\t\t\t\t<div class=\"elementor-column elementor-col-100 elementor-top-column elementor-element elementor-element-3650f1f\" data-id=\"3650f1f\" data-element_type=\"column\">\n\t\t\t<div class=\"elementor-widget-wrap elementor-element-populated\">\n\t\t\t\t\t\t<div class=\"elementor-element elementor-element-e99a2c3 elementor-widget elementor-widget-heading\" data-id=\"e99a2c3\" data-element_type=\"widget\" data-widget_type=\"heading.default\">\n\t\t\t\t<div class=\"elementor-widget-container\">\n\t\t\t\t\t<h1 class=\"elementor-heading-title elementor-size-default\">Pasant\u00edas en Hoteles<\/h1>\t\t\t\t<\/div>\n\t\t\t\t<\/div>\n\t\t\t\t<div class=\"elementor-element elementor-element-2a40367 elementor-widget-divider--view-line elementor-widget elementor-widget-divider\" data-id=\"2a40367\" data-element_type=\"widget\" data-widget_type=\"divider.default\">\n\t\t\t\t<div class=\"elementor-widget-container\">\n\t\t\t\t\t\t\t<div class=\"elementor-divider\">\n\t\t\t<span class=\"elementor-divider-separator\">\n\t\t\t\t\t\t<\/span>\n\t\t<\/div>\n\t\t\t\t\t\t<\/div>\n\t\t\t\t<\/div>\n\t\t\t\t\t<\/div>\n\t\t<\/div>\n\t\t\t\t\t<\/div>\n\t\t<\/section>\n\t\t\t\t<section class=\"elementor-section elementor-top-section elementor-element elementor-element-efdbb0e elementor-section-boxed elementor-section-height-default elementor-section-height-default\" data-id=\"efdbb0e\" data-element_type=\"section\">\n\t\t\t\t\t\t<div class=\"elementor-container elementor-column-gap-default\">\n\t\t\t\t\t<div class=\"elementor-column elementor-col-100 elementor-top-column elementor-element elementor-element-73866b0\" data-id=\"73866b0\" data-element_type=\"column\">\n\t\t\t<div class=\"elementor-widget-wrap elementor-element-populated\">\n\t\t\t\t\t\t<div class=\"elementor-element elementor-element-9e60420 elementor-widget elementor-widget-text-editor\" data-id=\"9e60420\" data-element_type=\"widget\" data-widget_type=\"text-editor.default\">\n\t\t\t\t<div class=\"elementor-widget-container\">\n\t\t\t\t\t\t\t\t\t<p><strong>CAUX Hospitality\u00a0<\/strong>recluta y selecciona personal Latinoamericano que desee realizar una Pasant\u00eda en Hoteles y Restaurantes del Exterior.\u00a0<strong>CAUX Hospitality\u00a0<\/strong>no contrata personal solamente realiza el reclutamiento y selecci\u00f3n de los mismos ya que \u00e9stos son contratados por la empresa Empleadora.<\/p><p>Contamos con una amplia variedad de\u00a0<strong>Programas de Pasant\u00edas en Hoteles y Restaurantes<\/strong>\u00a0<strong>de Estados Unidos, Espa\u00f1a y Australia<\/strong>.\u00a0Las mismas est\u00e1n orientadas a estudiantes avanzados o egresados de las carreras de\u00a0<strong>Hoteler\u00eda o\u00a0Gastronom\u00eda<\/strong>\u00a0y son una excelente oportunidad para adquirir experiencia internacional en la industria. Las\u00a0<strong>Pasant\u00edas en Hoteles<\/strong>\u00a0pueden ser Rentadas\/Remuneradas o no, dependiendo del pa\u00eds, ciudad, posici\u00f3n, empleador, etc., cualquier modo en su mayor\u00eda el Pasante percibe alg\u00fan tipo de compensaci\u00f3n.<\/p>\t\t\t\t\t\t\t\t<\/div>\n\t\t\t\t<\/div>\n\t\t\t\t\t<\/div>\n\t\t<\/div>\n\t\t\t\t\t<\/div>\n\t\t<\/section>\n\t\t\t\t<section class=\"elementor-section elementor-top-section elementor-element elementor-element-f116dc3 elementor-section-boxed elementor-section-height-default elementor-section-height-default\" data-id=\"f116dc3\" data-element_type=\"section\">\n\t\t\t\t\t\t<div class=\"elementor-container elementor-column-gap-default\">\n\t\t\t\t\t<div class=\"elementor-column elementor-col-50 elementor-top-column elementor-element elementor-element-3db988a\" data-id=\"3db988a\" data-element_type=\"column\">\n\t\t\t<div class=\"elementor-widget-wrap elementor-element-populated\">\n\t\t\t\t\t\t<div class=\"elementor-element elementor-element-c598423 elementor-widget elementor-widget-image\" data-id=\"c598423\" data-element_type=\"widget\" data-widget_type=\"image.default\">\n\t\t\t\t<div class=\"elementor-widget-container\">\n\t\t\t\t\t\t\t\t\t\t\t\t\t\t\t<img decoding=\"async\" src=\"https:\/\/cauxig.com\/hospitality\/wp-content\/uploads\/elementor\/thumbs\/Pasantias-en-Hoteles-de-Estados-Unidos-CAUX-Hospitality-pqpd6yt3cxyve0gvbj4n27bchaphskhylxb6657tgw.jpg\" title=\"Pasantias en Hoteles de Estados Unidos &#8211; CAUX Hospitality\" alt=\"Pasantias en Hoteles de Estados Unidos - CAUX Hospitality\" loading=\"lazy\" \/>\t\t\t\t\t\t\t\t\t\t\t\t\t\t\t<\/div>\n\t\t\t\t<\/div>\n\t\t\t\t<div class=\"elementor-element elementor-element-6e160cf elementor-widget elementor-widget-heading\" data-id=\"6e160cf\" data-element_type=\"widget\" data-widget_type=\"heading.default\">\n\t\t\t\t<div class=\"elementor-widget-container\">\n\t\t\t\t\t<h4 class=\"elementor-heading-title elementor-size-default\">Pasant\u00edas en Estados Unidos<\/h4>\t\t\t\t<\/div>\n\t\t\t\t<\/div>\n\t\t\t\t<div class=\"elementor-element elementor-element-87cde05 elementor-align-center elementor-widget elementor-widget-button\" data-id=\"87cde05\" data-element_type=\"widget\" data-widget_type=\"button.default\">\n\t\t\t\t<div class=\"elementor-widget-container\">\n\t\t\t\t\t\t\t\t\t<div class=\"elementor-button-wrapper\">\n\t\t\t\t\t<a class=\"elementor-button elementor-button-link elementor-size-sm\" href=\"https:\/\/cauxig.com\/hospitality\/pasantias-en-hoteles\/pasantias-en-hoteles-de-eeuu\/\">\n\t\t\t\t\t\t<span class=\"elementor-button-content-wrapper\">\n\t\t\t\t\t\t<span class=\"elementor-button-icon\">\n\t\t\t\t<i aria-hidden=\"true\" class=\"fas fa-angle-right\"><\/i>\t\t\t<\/span>\n\t\t\t\t\t\t\t\t\t<span class=\"elementor-button-text\">M\u00c1S INFO<\/span>\n\t\t\t\t\t<\/span>\n\t\t\t\t\t<\/a>\n\t\t\t\t<\/div>\n\t\t\t\t\t\t\t\t<\/div>\n\t\t\t\t<\/div>\n\t\t\t\t\t<\/div>\n\t\t<\/div>\n\t\t\t\t<div class=\"elementor-column elementor-col-50 elementor-top-column elementor-element elementor-element-b76bbc5\" data-id=\"b76bbc5\" data-element_type=\"column\">\n\t\t\t<div class=\"elementor-widget-wrap elementor-element-populated\">\n\t\t\t\t\t\t<div class=\"elementor-element elementor-element-acd9954 elementor-widget elementor-widget-image\" data-id=\"acd9954\" data-element_type=\"widget\" data-widget_type=\"image.default\">\n\t\t\t\t<div class=\"elementor-widget-container\">\n\t\t\t\t\t\t\t\t\t\t\t\t\t\t\t<img fetchpriority=\"high\" decoding=\"async\" width=\"300\" height=\"279\" src=\"https:\/\/cauxig.com\/hospitality\/wp-content\/uploads\/2020\/10\/Pasantias-en-Hoteles-de-Espana-CAUX-Hospitality-300x279.jpg\" class=\"attachment-medium size-medium wp-image-3421\" alt=\"\" srcset=\"https:\/\/cauxig.com\/hospitality\/wp-content\/uploads\/2020\/10\/Pasantias-en-Hoteles-de-Espana-CAUX-Hospitality-300x279.jpg 300w, https:\/\/cauxig.com\/hospitality\/wp-content\/uploads\/2020\/10\/Pasantias-en-Hoteles-de-Espana-CAUX-Hospitality.jpg 361w\" sizes=\"(max-width: 300px) 100vw, 300px\" \/>\t\t\t\t\t\t\t\t\t\t\t\t\t\t\t<\/div>\n\t\t\t\t<\/div>\n\t\t\t\t<div class=\"elementor-element elementor-element-17c6d61 elementor-widget elementor-widget-heading\" data-id=\"17c6d61\" data-element_type=\"widget\" data-widget_type=\"heading.default\">\n\t\t\t\t<div class=\"elementor-widget-container\">\n\t\t\t\t\t<h4 class=\"elementor-heading-title elementor-size-default\">Pasant\u00edas en Espa\u00f1a<\/h4>\t\t\t\t<\/div>\n\t\t\t\t<\/div>\n\t\t\t\t<div class=\"elementor-element elementor-element-75fa2a6 elementor-align-center elementor-widget elementor-widget-button\" data-id=\"75fa2a6\" data-element_type=\"widget\" data-widget_type=\"button.default\">\n\t\t\t\t<div class=\"elementor-widget-container\">\n\t\t\t\t\t\t\t\t\t<div class=\"elementor-button-wrapper\">\n\t\t\t\t\t<a class=\"elementor-button elementor-button-link elementor-size-sm\" href=\"https:\/\/cauxig.com\/hospitality\/pasantias-en-hoteles\/pasantias-en-hoteles-de-espana\/\">\n\t\t\t\t\t\t<span class=\"elementor-button-content-wrapper\">\n\t\t\t\t\t\t<span class=\"elementor-button-icon\">\n\t\t\t\t<i aria-hidden=\"true\" class=\"fas fa-angle-right\"><\/i>\t\t\t<\/span>\n\t\t\t\t\t\t\t\t\t<span class=\"elementor-button-text\">M\u00c1S INFO<\/span>\n\t\t\t\t\t<\/span>\n\t\t\t\t\t<\/a>\n\t\t\t\t<\/div>\n\t\t\t\t\t\t\t\t<\/div>\n\t\t\t\t<\/div>\n\t\t\t\t\t<\/div>\n\t\t<\/div>\n\t\t\t\t\t<\/div>\n\t\t<\/section>\n\t\t\t\t<\/div>\n\t\t","protected":false},"excerpt":{"rendered":"<p>Pasant\u00edas en Hoteles CAUX Hospitality\u00a0recluta y selecciona personal Latinoamericano que desee realizar una Pasant\u00eda en Hoteles y Restaurantes del Exterior.\u00a0CAUX Hospitality\u00a0no contrata personal solamente realiza el reclutamiento y selecci\u00f3n de los mismos ya que \u00e9stos son contratados por la empresa Empleadora. Contamos con una amplia variedad de\u00a0Programas de Pasant\u00edas en Hoteles y Restaurantes\u00a0de Estados Unidos, &hellip;<\/p>\n<p class=\"read-more\"> <a class=\"\" href=\"https:\/\/cauxig.com\/hospitality\/pasantias-en-hoteles\/\"> <span class=\"screen-reader-text\">Pasant\u00edas en Hoteles<\/span> Leer m\u00e1s &raquo;<\/a><\/p>\n","protected":false},"author":1,"featured_media":0,"parent":0,"menu_order":0,"comment_status":"closed","ping_status":"closed","template":"","meta":{"footnotes":""},"class_list":["post-3090","page","type-page","status-publish","hentry"],"_links":{"self":[{"href":"https:\/\/cauxig.com\/hospitality\/wp-json\/wp\/v2\/pages\/3090","targetHints":{"allow":["GET"]}}],"collection":[{"href":"https:\/\/cauxig.com\/hospitality\/wp-json\/wp\/v2\/pages"}],"about":[{"href":"https:\/\/cauxig.com\/hospitality\/wp-json\/wp\/v2\/types\/page"}],"author":[{"embeddable":true,"href":"https:\/\/cauxig.com\/hospitality\/wp-json\/wp\/v2\/users\/1"}],"replies":[{"embeddable":true,"href":"https:\/\/cauxig.com\/hospitality\/wp-json\/wp\/v2\/comments?post=3090"}],"version-history":[{"count":39,"href":"https:\/\/cauxig.com\/hospitality\/wp-json\/wp\/v2\/pages\/3090\/revisions"}],"predecessor-version":[{"id":5345,"href":"https:\/\/cauxig.com\/hospitality\/wp-json\/wp\/v2\/pages\/3090\/revisions\/5345"}],"wp:attachment":[{"href":"https:\/\/cauxig.com\/hospitality\/wp-json\/wp\/v2\/media?parent=3090"}],"curies":[{"name":"wp","href":"https:\/\/api.w.org\/{rel}","templated":true}]}}