{"id":3057,"date":"2020-10-06T22:15:41","date_gmt":"2020-10-06T22:15:41","guid":{"rendered":"https:\/\/cauxig.com\/cauxnueva\/caux_hospitality\/?page_id=3057"},"modified":"2025-09-18T15:01:43","modified_gmt":"2025-09-18T15:01:43","slug":"mlc-2006-ley-maritima-laboral","status":"publish","type":"page","link":"https:\/\/cauxig.com\/hospitality\/mlc-2006-ley-maritima-laboral\/","title":{"rendered":"MLC 2006 (Ley Mar\u00edtima Laboral)"},"content":{"rendered":"\t\t<div data-elementor-type=\"wp-page\" data-elementor-id=\"3057\" class=\"elementor elementor-3057\">\n\t\t\t\t\t\t<section class=\"elementor-section elementor-top-section elementor-element elementor-element-192f0510 elementor-section-boxed elementor-section-height-default elementor-section-height-default\" data-id=\"192f0510\" data-element_type=\"section\" data-settings=\"{&quot;background_background&quot;:&quot;classic&quot;}\">\n\t\t\t\t\t\t\t<div class=\"elementor-background-overlay\"><\/div>\n\t\t\t\t\t\t\t<div class=\"elementor-container elementor-column-gap-no\">\n\t\t\t\t\t<div class=\"elementor-column elementor-col-100 elementor-top-column elementor-element elementor-element-19905ed6\" data-id=\"19905ed6\" data-element_type=\"column\">\n\t\t\t<div class=\"elementor-widget-wrap elementor-element-populated\">\n\t\t\t\t\t\t<div class=\"elementor-element elementor-element-46edbcab elementor-widget elementor-widget-heading\" data-id=\"46edbcab\" data-element_type=\"widget\" data-widget_type=\"heading.default\">\n\t\t\t\t<div class=\"elementor-widget-container\">\n\t\t\t\t\t<h1 class=\"elementor-heading-title elementor-size-default\">MLC 2006 - Ley Mar\u00edtima Laboral<\/h1>\t\t\t\t<\/div>\n\t\t\t\t<\/div>\n\t\t\t\t<div class=\"elementor-element elementor-element-34cc9995 elementor-widget-divider--view-line elementor-widget elementor-widget-divider\" data-id=\"34cc9995\" data-element_type=\"widget\" data-widget_type=\"divider.default\">\n\t\t\t\t<div class=\"elementor-widget-container\">\n\t\t\t\t\t\t\t<div class=\"elementor-divider\">\n\t\t\t<span class=\"elementor-divider-separator\">\n\t\t\t\t\t\t<\/span>\n\t\t<\/div>\n\t\t\t\t\t\t<\/div>\n\t\t\t\t<\/div>\n\t\t\t\t\t<\/div>\n\t\t<\/div>\n\t\t\t\t\t<\/div>\n\t\t<\/section>\n\t\t\t\t<section class=\"elementor-section elementor-top-section elementor-element elementor-element-962d290 elementor-section-boxed elementor-section-height-default elementor-section-height-default\" data-id=\"962d290\" data-element_type=\"section\">\n\t\t\t\t\t\t<div class=\"elementor-container elementor-column-gap-default\">\n\t\t\t\t\t<div class=\"elementor-column elementor-col-100 elementor-top-column elementor-element elementor-element-951da2e\" data-id=\"951da2e\" data-element_type=\"column\">\n\t\t\t<div class=\"elementor-widget-wrap elementor-element-populated\">\n\t\t\t\t\t\t<div class=\"elementor-element elementor-element-7bf0782 elementor-widget elementor-widget-text-editor\" data-id=\"7bf0782\" data-element_type=\"widget\" data-widget_type=\"text-editor.default\">\n\t\t\t\t<div class=\"elementor-widget-container\">\n\t\t\t\t\t\t\t\t\t<p>El Convenio conocido como \u201c<strong>MLC2006 \u2013 Maritime Labor Convention 2006<\/strong>\u201d (Ley Mar\u00edtima Laboral) entr\u00f3 en vigor el 20 de agosto de 2013 y\u00a0establece unas condiciones m\u00ednimas de trabajo y de vida para todos los trabajadores de esos barcos.<\/p><p>\u00a0<\/p><p>Para conocer mayores detalles sobre dicha Ley\u00a0<a style=\"font-size: 18px; font-style: normal; font-weight: 400; background-color: #ffffff; color: #c9a41b;\" href=\"http:\/\/www.ilo.org\/global\/standards\/maritime-labour-convention\/what-it-does\/lang--es\/index.htm\" target=\"_blank\" rel=\"noopener noreferrer\"><span style=\"font-size: 18px; font-weight: bold;\">cliquee aqu\u00ed<\/span><\/a>\u00a0para as\u00ed\u00a0<span style=\"font-size: 18px; color: var( --e-global-color-text );\">ingresar en la p\u00e1gina web de la\u00a0<\/span><strong style=\"font-size: 18px; color: var( --e-global-color-text );\">Organizaci\u00f3n Internacional de Trabajo<\/strong><span style=\"font-size: 18px; color: var( --e-global-color-text );\">.<\/span><\/p><p>\u00a0<\/p><p>CAUX Hospitality (CAUX International Group) cumple con todos los est\u00e1ndares requeridos para poder reclutar y seleccionar personal y est\u00e1 debidamente certificada por la Sociedad de Clasificaci\u00f3n Bureau Veritas.<\/p>\t\t\t\t\t\t\t\t<\/div>\n\t\t\t\t<\/div>\n\t\t\t\t\t<\/div>\n\t\t<\/div>\n\t\t\t\t\t<\/div>\n\t\t<\/section>\n\t\t\t\t<section class=\"elementor-section elementor-top-section elementor-element elementor-element-8d5e46b elementor-section-boxed elementor-section-height-default elementor-section-height-default\" data-id=\"8d5e46b\" data-element_type=\"section\">\n\t\t\t\t\t\t<div class=\"elementor-container elementor-column-gap-default\">\n\t\t\t\t\t<div class=\"elementor-column elementor-col-100 elementor-top-column elementor-element elementor-element-741c704\" data-id=\"741c704\" data-element_type=\"column\">\n\t\t\t<div class=\"elementor-widget-wrap elementor-element-populated\">\n\t\t\t\t\t\t<div class=\"elementor-element elementor-element-e00efc0 elementor-widget elementor-widget-image\" data-id=\"e00efc0\" data-element_type=\"widget\" data-widget_type=\"image.default\">\n\t\t\t\t<div class=\"elementor-widget-container\">\n\t\t\t\t\t\t\t\t\t\t\t\t\t\t\t<img decoding=\"async\" width=\"150\" height=\"150\" src=\"https:\/\/cauxig.com\/hospitality\/wp-content\/uploads\/2025\/09\/bureau-veritas-logo-alta-calidad-150x150.jpg\" class=\"attachment-thumbnail size-thumbnail wp-image-6216\" alt=\"\" \/>\t\t\t\t\t\t\t\t\t\t\t\t\t\t\t<\/div>\n\t\t\t\t<\/div>\n\t\t\t\t\t<\/div>\n\t\t<\/div>\n\t\t\t\t\t<\/div>\n\t\t<\/section>\n\t\t\t\t<\/div>\n\t\t","protected":false},"excerpt":{"rendered":"<p>MLC 2006 &#8211; Ley Mar\u00edtima Laboral El Convenio conocido como \u201cMLC2006 \u2013 Maritime Labor Convention 2006\u201d (Ley Mar\u00edtima Laboral) entr\u00f3 en vigor el 20 de agosto de 2013 y\u00a0establece unas condiciones m\u00ednimas de trabajo y de vida para todos los trabajadores de esos barcos. \u00a0 Para conocer mayores detalles sobre dicha Ley\u00a0cliquee aqu\u00ed\u00a0para as\u00ed\u00a0ingresar en &hellip;<\/p>\n<p class=\"read-more\"> <a class=\"\" href=\"https:\/\/cauxig.com\/hospitality\/mlc-2006-ley-maritima-laboral\/\"> <span class=\"screen-reader-text\">MLC 2006 (Ley Mar\u00edtima Laboral)<\/span> Leer m\u00e1s &raquo;<\/a><\/p>\n","protected":false},"author":1,"featured_media":0,"parent":0,"menu_order":0,"comment_status":"closed","ping_status":"closed","template":"","meta":{"footnotes":""},"class_list":["post-3057","page","type-page","status-publish","hentry"],"_links":{"self":[{"href":"https:\/\/cauxig.com\/hospitality\/wp-json\/wp\/v2\/pages\/3057","targetHints":{"allow":["GET"]}}],"collection":[{"href":"https:\/\/cauxig.com\/hospitality\/wp-json\/wp\/v2\/pages"}],"about":[{"href":"https:\/\/cauxig.com\/hospitality\/wp-json\/wp\/v2\/types\/page"}],"author":[{"embeddable":true,"href":"https:\/\/cauxig.com\/hospitality\/wp-json\/wp\/v2\/users\/1"}],"replies":[{"embeddable":true,"href":"https:\/\/cauxig.com\/hospitality\/wp-json\/wp\/v2\/comments?post=3057"}],"version-history":[{"count":55,"href":"https:\/\/cauxig.com\/hospitality\/wp-json\/wp\/v2\/pages\/3057\/revisions"}],"predecessor-version":[{"id":6225,"href":"https:\/\/cauxig.com\/hospitality\/wp-json\/wp\/v2\/pages\/3057\/revisions\/6225"}],"wp:attachment":[{"href":"https:\/\/cauxig.com\/hospitality\/wp-json\/wp\/v2\/media?parent=3057"}],"curies":[{"name":"wp","href":"https:\/\/api.w.org\/{rel}","templated":true}]}}